{"id":797,"date":"2021-03-19T08:33:45","date_gmt":"2021-03-19T07:33:45","guid":{"rendered":"https:\/\/monsieursaucisson.com\/nl\/product\/spaanse-iberico-pate-met-kersen\/"},"modified":"2026-04-27T11:20:19","modified_gmt":"2026-04-27T09:20:19","slug":"spanische-pate-iberico-mit-kirschen","status":"publish","type":"product","link":"https:\/\/monsieursaucisson.com\/de\/spanische-pate-iberico-mit-kirschen\/","title":{"rendered":"Spanische Pat\u00e9 Iberico mit Kirschen"},"content":{"rendered":"<h2>Spanische Pat\u00e9 Iberico mit Kirschen &#8211;<\/h2>\n<p>Ganz gleich, ob Sie eine k\u00f6stliche Vorspeise f\u00fcr einen besonderen Anlass servieren m\u00f6chten oder auf der Suche nach der perfekten Erg\u00e4nzung f\u00fcr Ihre K\u00fcche sind, diese Iberico-Pastete ist die ideale Wahl. Die weiche, streichzarte Textur und das harmonische Gleichgewicht zwischen herzhaft und s\u00fc\u00df machen diese Pastete unwiderstehlich.<\/p>\n<p>Mit der exklusiven spanischen Iberico-Pastete mit Kirschen bringt Monsieur Saucisson den Geschmack Spaniens direkt auf Ihren Tisch. Diese raffinierte Delikatesse ist das Ergebnis einer einzigartigen Fusion aus klassischer, iberischer Pastete und den spritzigen, s\u00fc\u00dfen Nuancen saftiger Kirschen.<\/p>\n<p>Unser spanisches Pat\u00e9 Iberico mit Kirschen verk\u00f6rpert die Seele der Nouvelle Cuisine &#8211; vereint mit spanischen Traditionen. Und, das Ergebnis ist ein kulinarisches Erlebnis, das Ihre Sinne anregt und Ihre Geschmacksnerven erfreut. Diese spanischen Iberico-Pastete bringt einen Hauch von Eleganz auf Ihren Tisch. Monsieur Saucisson bringt Spanien zu Ihnen, und das Abenteuer beginnt mit dieser k\u00f6stlichen Pastete.<\/p>\n<p>&nbsp;<\/p>\n","protected":false},"excerpt":{"rendered":"<p>Das spanische Pat\u00e9 Iberico mit Kirschen ist eine \u00fcberraschende und raffinierte Kombination aus der klassischen, spanischen Pat\u00e9 Iberico und der erfrischenden und originellen Note der Kirsche. Diese\u00a0 Pastete ist in perfektes Beispiel f\u00fcr die Nouvelle Cuisine auf der Grundlage der spanischen Tradition. Perfekt als Vorspeise oder zu Getr\u00e4nken.<\/p>\n<p>Bei Monsieur Saucisson legen wir Wert auf Authentizit\u00e4t und Frische, und das schmeckt man in jedem Bissen. Noch mehr Leckereien? Zu unseren Pasteten gibt es auch herrliche Terrinen in verschiedenen <a href=\"https:\/\/monsieursaucisson.com\/de\/terrinen-und-pasteten\/\">Geschmacksrichtungen<\/a>!<\/p>\n","protected":false},"featured_media":1075,"template":"","meta":{"_acf_changed":false,"iawp_total_views":37,"editor_notices":[]},"product_brand":[],"product_cat":[15,309,312,310],"product_tag":[],"class_list":{"0":"post-797","1":"product","2":"type-product","3":"status-publish","4":"has-post-thumbnail","6":"product_cat-alle-produkte","7":"product_cat-delikatessen","8":"product_cat-spanische-pasteten","9":"product_cat-terrinen-und-pasteten","11":"first","12":"outofstock","13":"taxable","14":"shipping-taxable","15":"purchasable","16":"product-type-simple"},"acf":[],"_links":{"self":[{"href":"https:\/\/monsieursaucisson.com\/de\/wp-json\/wp\/v2\/product\/797","targetHints":{"allow":["GET"]}}],"collection":[{"href":"https:\/\/monsieursaucisson.com\/de\/wp-json\/wp\/v2\/product"}],"about":[{"href":"https:\/\/monsieursaucisson.com\/de\/wp-json\/wp\/v2\/types\/product"}],"wp:featuredmedia":[{"embeddable":true,"href":"https:\/\/monsieursaucisson.com\/de\/wp-json\/wp\/v2\/media\/1075"}],"wp:attachment":[{"href":"https:\/\/monsieursaucisson.com\/de\/wp-json\/wp\/v2\/media?parent=797"}],"wp:term":[{"taxonomy":"product_brand","embeddable":true,"href":"https:\/\/monsieursaucisson.com\/de\/wp-json\/wp\/v2\/product_brand?post=797"},{"taxonomy":"product_cat","embeddable":true,"href":"https:\/\/monsieursaucisson.com\/de\/wp-json\/wp\/v2\/product_cat?post=797"},{"taxonomy":"product_tag","embeddable":true,"href":"https:\/\/monsieursaucisson.com\/de\/wp-json\/wp\/v2\/product_tag?post=797"}],"curies":[{"name":"wp","href":"https:\/\/api.w.org\/{rel}","templated":true}]}}