{"id":796,"date":"2021-03-16T11:08:02","date_gmt":"2021-03-16T10:08:02","guid":{"rendered":"https:\/\/monsieursaucisson.com\/nl\/product\/spaanse-pate-met-eekhoorntjesbrood\/"},"modified":"2026-04-24T09:27:36","modified_gmt":"2026-04-24T07:27:36","slug":"spanische-pastete-mit-steinpilzen","status":"publish","type":"product","link":"https:\/\/monsieursaucisson.com\/de\/spanische-pastete-mit-steinpilzen\/","title":{"rendered":"Spanische Pastete mit Steinpilzen"},"content":{"rendered":"<h2>Spanische Pastete mit Steinpilzen &#8211; eine echte Geschmackssensation f\u00fcr Gourmets<\/h2>\n<p>Die spanische Pastete mit Steinpilzen ist eine echte Geschmackssensation f\u00fcr Gourmets. Unsere Pastete wird mit sorgf\u00e4ltig ausgew\u00e4hlten ganzen Steinpilzen, die in den Niederlanden oft als Steinpilze bezeichnet werden, hergestellt. Diese Delikatesse wird mit dem delikaten Geschmack von nativem Oliven\u00f6l extra verfeinert, wodurch eine Pastete von au\u00dfergew\u00f6hnlicher Qualit\u00e4t entsteht.<\/p>\n<p>Die Steinpilzpastete aus Spanien ist vielseitig und kann auf unterschiedliche Weise genossen werden &#8211; als Vorspeise bietet das Pat\u00e9 einen k\u00f6stlichen Einstieg in ein kulinarisches Abenteuer. F\u00fcr ein leckeres Sandwich kann man die Pastete gro\u00dfz\u00fcgig auf frisch gebackenes Brot streichen oder auf knusprigem Toast serviert &#8211; ein Hauch spanischer Eleganz.<\/p>\n<p>Bei jedem Bissen kommen die tiefen, erdigen Noten der Steinpilze und die subtile Sch\u00e4rfe des Oliven\u00f6ls zum Vorschein. Bei Monsieur Saucisson sind Qualit\u00e4t und Frische garantiert, so dass Sie diese spanische Delikatesse mit ruhigem Gewissen genie\u00dfen k\u00f6nnen.<\/p>\n","protected":false},"excerpt":{"rendered":"<p>Unsere spanische Pastete mit Steinpilzen ist ein k\u00f6stliches Pat\u00e9 aus ganzen Steinpilzen und nat\u00fcrlichem Oliven\u00f6l extra vergine. Diese Steinpilz-Pastete ist ein hervorragender Appetitanreger und eignet sich hervorragend als Brotaufstrich. Oder auch als Beilage zu Toast bei einem Buffet &#8211; ein sehr vielseitiges Produkt!<\/p>\n<p>Bei Monsieur Saucisson legen wir Wert auf Authentizit\u00e4t und Frische, und das schmeckt man in jedem Bissen. Noch mehr Leckereien? Zu unseren Pasteten gibt es auch herrliche Terrinen in verschiedenen <a href=\"https:\/\/monsieursaucisson.com\/de\/terrinen-und-pasteten\/\">Geschmacksrichtungen<\/a>!<\/p>\n","protected":false},"featured_media":1070,"template":"","meta":{"_acf_changed":false,"iawp_total_views":100,"editor_notices":[]},"product_brand":[],"product_cat":[15,309,312,310],"product_tag":[],"class_list":{"0":"post-796","1":"product","2":"type-product","3":"status-publish","4":"has-post-thumbnail","6":"product_cat-alle-produkte","7":"product_cat-delikatessen","8":"product_cat-spanische-pasteten","9":"product_cat-terrinen-und-pasteten","11":"first","12":"instock","13":"taxable","14":"shipping-taxable","15":"purchasable","16":"product-type-simple"},"acf":[],"_links":{"self":[{"href":"https:\/\/monsieursaucisson.com\/de\/wp-json\/wp\/v2\/product\/796","targetHints":{"allow":["GET"]}}],"collection":[{"href":"https:\/\/monsieursaucisson.com\/de\/wp-json\/wp\/v2\/product"}],"about":[{"href":"https:\/\/monsieursaucisson.com\/de\/wp-json\/wp\/v2\/types\/product"}],"wp:featuredmedia":[{"embeddable":true,"href":"https:\/\/monsieursaucisson.com\/de\/wp-json\/wp\/v2\/media\/1070"}],"wp:attachment":[{"href":"https:\/\/monsieursaucisson.com\/de\/wp-json\/wp\/v2\/media?parent=796"}],"wp:term":[{"taxonomy":"product_brand","embeddable":true,"href":"https:\/\/monsieursaucisson.com\/de\/wp-json\/wp\/v2\/product_brand?post=796"},{"taxonomy":"product_cat","embeddable":true,"href":"https:\/\/monsieursaucisson.com\/de\/wp-json\/wp\/v2\/product_cat?post=796"},{"taxonomy":"product_tag","embeddable":true,"href":"https:\/\/monsieursaucisson.com\/de\/wp-json\/wp\/v2\/product_tag?post=796"}],"curies":[{"name":"wp","href":"https:\/\/api.w.org\/{rel}","templated":true}]}}