{"id":795,"date":"2021-03-11T10:57:34","date_gmt":"2021-03-11T09:57:34","guid":{"rendered":"https:\/\/monsieursaucisson.com\/nl\/product\/fuet-met-knoflook\/"},"modified":"2026-04-23T11:50:17","modified_gmt":"2026-04-23T09:50:17","slug":"fuet-edelsalami-knoblauch","status":"publish","type":"product","link":"https:\/\/monsieursaucisson.com\/de\/fuet-edelsalami-knoblauch\/","title":{"rendered":"Fuet Edelsalami Knoblauch"},"content":{"rendered":"<h2>Fuet Edelsalami Knoblauch &#8211; luftgetrocknete Knoblauchsalami<\/h2>\n<p>M\u00f6chten Sie Ihre G\u00e4ste mit einem besonderen und unvergesslichen Geschmackserlebnis \u00fcberraschen? Dann probieren Sie unsere schmackhafte Fuet Edelsalami Knoblauch, eine Delikatesse, die Ihre Geschmacksnerven verzaubern wird. Der gesunde Knoblauch kreiert einen vollen Geschmack, ohne das man vom Geschmack \u00fcberw\u00e4ltigt wird.<\/p>\n<p>Die <a href=\"https:\/\/de.wikipedia.org\/wiki\/Fuet\" target=\"_blank\" rel=\"noopener\">Fuet<\/a> mit Knoblauch von Monsieur Saucisson garantiert ein Geschmackserlebnis, welches Sie niemals entt\u00e4uschen wird. Diese hausgemachte Delikatesse wird mit Sorgfalt und nach traditionellen Rezepten hergestellt, und das schmeckt man. Die Knoblauchsalami wird mit Leidenschaft und handwerklichem K\u00f6nnen zu einer einzigartigen Wurst verarbeitet, die Liebhaber von Delikatessen begeistern wird.<\/p>\n","protected":false},"excerpt":{"rendered":"<p>Knoblauch wird in vielen K\u00fcchen als zus\u00e4tzliches Gew\u00fcrz verwendet, und er passt auch hervorrragend in eine Fuet-Wurst. In der Fuet Edelsalami Knoblauch schmecken Sie einen Hauch von Knoblauch, ohne dass dieser zu aufdringlich ist. Probieren Sie diese herrliche Knoblauchsalami und kombinieren Sie diese mit unseren anderen W\u00fcrsten. Die Fuet Edelsalami Knoblauch passt sehr gut zu der nat\u00fcrlichen Fuet, denn hier bleiben die Aromen im Gleichgewicht.<\/p>\n<p>Die k\u00f6stliche Fuet Edelsalami Knoblauch ist an der blau-weissen Schnur zu erkennen.<\/p>\n","protected":false},"featured_media":1049,"template":"","meta":{"_acf_changed":false,"iawp_total_views":423,"editor_notices":[]},"product_brand":[],"product_cat":[15,88,81,87],"product_tag":[],"class_list":{"0":"post-795","1":"product","2":"type-product","3":"status-publish","4":"has-post-thumbnail","6":"product_cat-alle-produkte","7":"product_cat-fuet-salami","8":"product_cat-luftgetrocknete-salami","9":"product_cat-spanische-wurst","11":"first","12":"instock","13":"taxable","14":"shipping-taxable","15":"purchasable","16":"product-type-simple"},"acf":[],"_links":{"self":[{"href":"https:\/\/monsieursaucisson.com\/de\/wp-json\/wp\/v2\/product\/795","targetHints":{"allow":["GET"]}}],"collection":[{"href":"https:\/\/monsieursaucisson.com\/de\/wp-json\/wp\/v2\/product"}],"about":[{"href":"https:\/\/monsieursaucisson.com\/de\/wp-json\/wp\/v2\/types\/product"}],"wp:featuredmedia":[{"embeddable":true,"href":"https:\/\/monsieursaucisson.com\/de\/wp-json\/wp\/v2\/media\/1049"}],"wp:attachment":[{"href":"https:\/\/monsieursaucisson.com\/de\/wp-json\/wp\/v2\/media?parent=795"}],"wp:term":[{"taxonomy":"product_brand","embeddable":true,"href":"https:\/\/monsieursaucisson.com\/de\/wp-json\/wp\/v2\/product_brand?post=795"},{"taxonomy":"product_cat","embeddable":true,"href":"https:\/\/monsieursaucisson.com\/de\/wp-json\/wp\/v2\/product_cat?post=795"},{"taxonomy":"product_tag","embeddable":true,"href":"https:\/\/monsieursaucisson.com\/de\/wp-json\/wp\/v2\/product_tag?post=795"}],"curies":[{"name":"wp","href":"https:\/\/api.w.org\/{rel}","templated":true}]}}