{"id":794,"date":"2021-03-11T10:57:34","date_gmt":"2021-03-11T09:57:34","guid":{"rendered":"https:\/\/monsieursaucisson.com\/nl\/product\/fuet-met-peper\/"},"modified":"2026-04-23T09:41:07","modified_gmt":"2026-04-23T07:41:07","slug":"fuet-edelsalami-pfeffer","status":"publish","type":"product","link":"https:\/\/monsieursaucisson.com\/de\/fuet-edelsalami-pfeffer\/","title":{"rendered":"Fuet Edelsalami Pfeffer"},"content":{"rendered":"<h2>Fuet Edelsalami Pfeffer &#8211; Pfeffersalami mit Biss<\/h2>\n<p>Sie suchen nach einer etwas sch\u00e4rferen Variante? Dann sind Sie bei unserer Fuet mit Pfeffer an der richtigen Adresse. Diese k\u00f6stliche, spanische Wurst ist raffiniert und reichlich mit Pfeffer ummantelt. Das verleiht der Fuet Edelsalami Pfeffer nicht nur einen w\u00fcrzigen Geschmack, sondern sorgt auch f\u00fcr einen extra knackigen Biss. Lassen Sie sich verf\u00fchren und probieren Sie diese aufregende Kombination aus traditionellem, spanischem Charme und einem w\u00fcrzigen Kick!<\/p>\n<p>Die Pfeffersalami ist die perfekte Zutat f\u00fcr jedes Buffet und f\u00fcr jedes Fest. Ihr kr\u00e4ftiger und w\u00fcrziger Geschmack passt hervorragend zu verschiedenen K\u00e4sesorten, N\u00fcssen und anderen K\u00f6stlichkeiten. Stellen Sie die Edelsalami mit Pfeffer neben einen cremigen Brie oder weichen Ziegenk\u00e4se, um einen aufregenden Geschmackskontrast zu kreieren &#8211; Ihre G\u00e4ste werden verbl\u00fcfft sein.<\/p>\n<p>Was die <a href=\"https:\/\/de.wikipedia.org\/wiki\/Fuet\" target=\"_blank\" rel=\"noopener\">Fuet<\/a> Edelsalami Pfeffer so besonders macht, ist nicht nur der kr\u00e4ftiger Geschmack, sondern auch die Qualit\u00e4t der Zutaten. Unsere Produkte sind immer frisch vom Bauernhof und werden sorgf\u00e4ltig ausgew\u00e4hlt, um Ihnen den reinsten spanischen Geschmack zu bieten.<\/p>\n<p>Egal, ob Sie einen Abend mit Freunden feiern, ein romantisches Rendezvous auf spanische Art planen oder sich einfach nur einen k\u00f6stlichen Genuss g\u00f6nnen m\u00f6chten &#8211; die Fuet Edelsalami Pfeffer ist immer die perfekte Wahl. Bringen Sie ein wenig W\u00fcrze in Ihr Leben und genie\u00dfen Sie die lebendigen Aromen Spaniens mit Monsieur Saucisson!<\/p>\n","protected":false},"excerpt":{"rendered":"<p>Sie suchen nach etwas Sch\u00e4rferem? Dann ist diese Fuet mit Pfeffer genau das Richtige f\u00fcr Sie. Diese leckere, spanische Wurst ist mit Pfefferk\u00f6rnern ummantelt und das gibt der Fuet Edelsalami Pfeffer einen zus\u00e4tzlichen Biss und einen w\u00fcrzigen Geschmack! Probieren Sie jetzt diese schmackhafte Salami und lassen Sie sich \u00fcberraschen!<\/p>\n<p>Die k\u00f6stliche Fuet Edelsalami Pfeffer ist an der weissen Schnur zu erkennen.<\/p>\n","protected":false},"featured_media":1048,"template":"","meta":{"_acf_changed":false,"iawp_total_views":211,"editor_notices":[]},"product_brand":[],"product_cat":[15,88,81,87],"product_tag":[],"class_list":{"0":"post-794","1":"product","2":"type-product","3":"status-publish","4":"has-post-thumbnail","6":"product_cat-alle-produkte","7":"product_cat-fuet-salami","8":"product_cat-luftgetrocknete-salami","9":"product_cat-spanische-wurst","11":"first","12":"instock","13":"taxable","14":"shipping-taxable","15":"purchasable","16":"product-type-simple"},"acf":[],"_links":{"self":[{"href":"https:\/\/monsieursaucisson.com\/de\/wp-json\/wp\/v2\/product\/794","targetHints":{"allow":["GET"]}}],"collection":[{"href":"https:\/\/monsieursaucisson.com\/de\/wp-json\/wp\/v2\/product"}],"about":[{"href":"https:\/\/monsieursaucisson.com\/de\/wp-json\/wp\/v2\/types\/product"}],"wp:featuredmedia":[{"embeddable":true,"href":"https:\/\/monsieursaucisson.com\/de\/wp-json\/wp\/v2\/media\/1048"}],"wp:attachment":[{"href":"https:\/\/monsieursaucisson.com\/de\/wp-json\/wp\/v2\/media?parent=794"}],"wp:term":[{"taxonomy":"product_brand","embeddable":true,"href":"https:\/\/monsieursaucisson.com\/de\/wp-json\/wp\/v2\/product_brand?post=794"},{"taxonomy":"product_cat","embeddable":true,"href":"https:\/\/monsieursaucisson.com\/de\/wp-json\/wp\/v2\/product_cat?post=794"},{"taxonomy":"product_tag","embeddable":true,"href":"https:\/\/monsieursaucisson.com\/de\/wp-json\/wp\/v2\/product_tag?post=794"}],"curies":[{"name":"wp","href":"https:\/\/api.w.org\/{rel}","templated":true}]}}