{"id":793,"date":"2021-03-11T10:57:34","date_gmt":"2021-03-11T09:57:34","guid":{"rendered":"https:\/\/monsieursaucisson.com\/nl\/product\/fuet-met-kruiden\/"},"modified":"2026-05-01T18:20:28","modified_gmt":"2026-05-01T16:20:28","slug":"fuet-edelsalami-kraeuter","status":"publish","type":"product","link":"https:\/\/monsieursaucisson.com\/de\/fuet-edelsalami-kraeuter\/","title":{"rendered":"Fuet Edelsalami Kr\u00e4uter"},"content":{"rendered":"<h2>Fuet Edelsalami Kr\u00e4uter &#8211; luftgetrocknete Kr\u00e4utersalami<\/h2>\n<p>Die <a href=\"https:\/\/de.wikipedia.org\/wiki\/Fuet\" target=\"_blank\" rel=\"noopener\">Fuet<\/a> mit Knoblauch von Monsieur Saucisson garantiert ein Geschmackserlebnis, welches Sie niemals entt\u00e4uschen wird. Diese hausgemachte Delikatesse wird mit Sorgfalt und nach traditionellen Rezepten hergestellt, und das schmeckt man. Die Kr\u00e4utersalami wird mit Leidenschaft und handwerklichem K\u00f6nnen zu einer einzigartigen Wurst verarbeitet, die Liebhaber von Salamis begeistern wird.<\/p>\n<p>Die Fuet-W\u00fcrste von Monsieur Saucisson werden mit gr\u00f6\u00dfter Sorgfalt hergestellt. Eine davon ist die Fuet mit Kr\u00e4utern. Die spanische Edelsalami ist mit provenzalischen Kr\u00e4utern ummantelt, die eine Vielzahl k\u00f6stlicher Geschmacksrichtungen hervorbringen. Probieren Sie diese k\u00f6stliche Salami in Kombination mit anderen Wurstsorten, zum Beispiel mit der <a href=\"https:\/\/monsieursaucisson.com\/de\/fuet-edelsalami-feigen\/\">Fuet-Feigenwurst<\/a>. Der s\u00fc\u00dfe Geschmack der Feigen passt hervorragend zum w\u00fcrzigen Geschmack der Fuet Edelsalami.<\/p>\n","protected":false},"excerpt":{"rendered":"<p>Die Fuet W\u00fcrste von Monsieur Saucisson werden mit gr\u00f6\u00dfter Sorgfalt hergestellt und die Fuet mit Kr\u00e4utern ist eine von ihnen. Die spanische Fuet Edelsalami ist mit provenzalischen Kr\u00e4utern ummantelt, und so entstehen verschiedene k\u00f6stliche Geschmacksrichtungen. Probieren Sie diese k\u00f6stliche Salami in Kombination mit anderen W\u00fcrsten,\u00a0 wie z.Bsp. mit der Fuet Feigen. Der s\u00fc\u00dfe Geschmack der Feigen passt gut zu dem w\u00fcrzigen Geschmack dieser Fuet Edelsalami.<\/p>\n<p>Die k\u00f6stliche Fuet Edelsalami Kr\u00e4uter ist an der weissen Schnur zu erkennen.<\/p>\n","protected":false},"featured_media":1046,"template":"","meta":{"_acf_changed":false,"iawp_total_views":288,"editor_notices":[]},"product_brand":[],"product_cat":[15,88,81,87],"product_tag":[],"class_list":{"0":"post-793","1":"product","2":"type-product","3":"status-publish","4":"has-post-thumbnail","6":"product_cat-alle-produkte","7":"product_cat-fuet-salami","8":"product_cat-luftgetrocknete-salami","9":"product_cat-spanische-wurst","11":"first","12":"instock","13":"taxable","14":"shipping-taxable","15":"purchasable","16":"product-type-simple"},"acf":[],"_links":{"self":[{"href":"https:\/\/monsieursaucisson.com\/de\/wp-json\/wp\/v2\/product\/793","targetHints":{"allow":["GET"]}}],"collection":[{"href":"https:\/\/monsieursaucisson.com\/de\/wp-json\/wp\/v2\/product"}],"about":[{"href":"https:\/\/monsieursaucisson.com\/de\/wp-json\/wp\/v2\/types\/product"}],"wp:featuredmedia":[{"embeddable":true,"href":"https:\/\/monsieursaucisson.com\/de\/wp-json\/wp\/v2\/media\/1046"}],"wp:attachment":[{"href":"https:\/\/monsieursaucisson.com\/de\/wp-json\/wp\/v2\/media?parent=793"}],"wp:term":[{"taxonomy":"product_brand","embeddable":true,"href":"https:\/\/monsieursaucisson.com\/de\/wp-json\/wp\/v2\/product_brand?post=793"},{"taxonomy":"product_cat","embeddable":true,"href":"https:\/\/monsieursaucisson.com\/de\/wp-json\/wp\/v2\/product_cat?post=793"},{"taxonomy":"product_tag","embeddable":true,"href":"https:\/\/monsieursaucisson.com\/de\/wp-json\/wp\/v2\/product_tag?post=793"}],"curies":[{"name":"wp","href":"https:\/\/api.w.org\/{rel}","templated":true}]}}