{"id":792,"date":"2021-03-11T10:57:30","date_gmt":"2021-03-11T09:57:30","guid":{"rendered":"https:\/\/monsieursaucisson.com\/nl\/product\/fuet-met-pikante-peper\/"},"modified":"2026-04-05T18:20:41","modified_gmt":"2026-04-05T16:20:41","slug":"fuet-edelsalami-mit-rotem-pfeffer","status":"publish","type":"product","link":"https:\/\/monsieursaucisson.com\/de\/fuet-edelsalami-mit-rotem-pfeffer\/","title":{"rendered":"Fuet Edelsalami mit rotem Pfeffer (scharf)"},"content":{"rendered":"<h2>Fuet Edelsalami mit rotem Pfeffer\u00a0 &#8211; extravakante Chili-Salami<\/h2>\n<p>Sie suchen nach einem Abenteuer f\u00fcr Ihren Teller? Wir wissen genau, was Sie brauchen: die Fuet Edelsalami mit rotem Pfeffer &#8211; die geniale Chili-Salami! Pfeffer ist ja bekanntlich pikant und unsere Fuet Salami mit rotem Pfeffer geht sogar noch einen Schritt weiter. Dieses k\u00f6stliche Fuet Edelsalami ist mit Chilischoten versetzt, die der Wurst einen pikanten und w\u00fcrzigen Geschmack verleihen. Die Chili-Salami ist die ideale Wahl f\u00fcr die echten Draufg\u00e4nger unter uns, die keine Angst vor ein wenig Sch\u00e4rfe haben.<\/p>\n<p>Jetzt wird&#8217;s interessant: Probieren Sie die <a href=\"https:\/\/de.wikipedia.org\/wiki\/Fuet\" target=\"_blank\" rel=\"noopener\">Fuet<\/a> mit rotem Pfeffer in Kombination mit unserem k\u00f6stlichen <a href=\"https:\/\/monsieursaucisson.com\/de\/fuet-edelsalami-haselnuss\/\" target=\"_blank\" rel=\"noopener\">Fuet mit Haselnuss<\/a>. Das w\u00fcrzige Aroma des roten Pfeffers wird durch den nussigen Geschmack der Haselnuss wunderbar ausgeglichen. Das Ergebnis ist eine unvergessliche Geschmacksexplosion, die Ihre Festtafel dein letzten Schliff verleiht.<\/p>\n<p>Die Fuet Edelsalami mit rotem Pfeffer ist ein wahres Geschmackserlebnis. Ihre G\u00e4ste werden von der K\u00fchnheit und der einzigartigen Geschmackskombination begeistert sein. Mit dieser k\u00f6stlichen Chili-Salami zaubern Sie jedes Buffet auf ein neues Niveau.<\/p>\n","protected":false},"excerpt":{"rendered":"<p>Ich kann Sie schon denken h\u00f6ren&#8230;. roter Pfeffer&#8230; Ist Pfeffer nicht immer scharf? Stimmt! Und diese Edelsalami mit rotem Pfeffer ist sogar noch eine Steigerung &#8211; f\u00fcr die echten Draufg\u00e4nger unter uns! Probieren Sie diese Fuet Edelsalami mit rotem Pfeffer in Kombination mit der Haselnuss-Fuet. Der scharfe Geschmack wird durch den Haselnussgeschmack neutralisiert. Peppen Sie Ihr Wurstsortiment auf mit diesem k\u00f6stlichen Fuet Salami! Auch perfekt als Geschenk!<\/p>\n<p>Die k\u00f6stliche Salami ist an der rot\/schwarzen Schnur zu erkennen.<\/p>\n","protected":false},"featured_media":1045,"template":"","meta":{"_acf_changed":false,"iawp_total_views":171,"editor_notices":[]},"product_brand":[],"product_cat":[81,87,88,15],"product_tag":[],"class_list":{"0":"post-792","1":"product","2":"type-product","3":"status-publish","4":"has-post-thumbnail","6":"product_cat-luftgetrocknete-salami","7":"product_cat-spanische-wurst","8":"product_cat-fuet-salami","9":"product_cat-alle-produkte","11":"first","12":"instock","13":"taxable","14":"shipping-taxable","15":"purchasable","16":"product-type-simple"},"acf":[],"_links":{"self":[{"href":"https:\/\/monsieursaucisson.com\/de\/wp-json\/wp\/v2\/product\/792","targetHints":{"allow":["GET"]}}],"collection":[{"href":"https:\/\/monsieursaucisson.com\/de\/wp-json\/wp\/v2\/product"}],"about":[{"href":"https:\/\/monsieursaucisson.com\/de\/wp-json\/wp\/v2\/types\/product"}],"wp:featuredmedia":[{"embeddable":true,"href":"https:\/\/monsieursaucisson.com\/de\/wp-json\/wp\/v2\/media\/1045"}],"wp:attachment":[{"href":"https:\/\/monsieursaucisson.com\/de\/wp-json\/wp\/v2\/media?parent=792"}],"wp:term":[{"taxonomy":"product_brand","embeddable":true,"href":"https:\/\/monsieursaucisson.com\/de\/wp-json\/wp\/v2\/product_brand?post=792"},{"taxonomy":"product_cat","embeddable":true,"href":"https:\/\/monsieursaucisson.com\/de\/wp-json\/wp\/v2\/product_cat?post=792"},{"taxonomy":"product_tag","embeddable":true,"href":"https:\/\/monsieursaucisson.com\/de\/wp-json\/wp\/v2\/product_tag?post=792"}],"curies":[{"name":"wp","href":"https:\/\/api.w.org\/{rel}","templated":true}]}}