{"id":791,"date":"2021-03-11T10:57:31","date_gmt":"2021-03-11T09:57:31","guid":{"rendered":"https:\/\/monsieursaucisson.com\/nl\/product\/fuet-met-wild-zwijn\/"},"modified":"2026-04-23T11:32:18","modified_gmt":"2026-04-23T09:32:18","slug":"fuet-edelsalami-wildschwein","status":"publish","type":"product","link":"https:\/\/monsieursaucisson.com\/de\/fuet-edelsalami-wildschwein\/","title":{"rendered":"Fuet Edelsalami Wildschwein"},"content":{"rendered":"<h2>Fuet Edelsalami Wildschwein &#8211; die besondere Wildschweinsalami<\/h2>\n<p>Entdecken Sie den echten Geschmack Spaniens direkt nach Hause, mit unserer naturbelassenen spanischen Edelsalami mit Wildschwein, die fachm\u00e4nnisch im Herzen Kataloniens hergestellt wird. Diese traditionelle Dauerwurst hat einen unverwechselbaren, intensiven Wildgeschmack und bringt das sonnenverw\u00f6hnte Spanien direkt auf Ihren Teller.<\/p>\n<p>Unsere <a href=\"https:\/\/de.wikipedia.org\/wiki\/Fuet\" target=\"_blank\" rel=\"noopener\">Fuet<\/a> Edelsalami Wildschwein ist mehr als nur eine gew\u00f6hnliche Wurst &#8211; sie ist ein kulinarisches Erlebnis, dass Sie von dem Mittelmeer tr\u00e4umen l\u00e4sst. Mit jedem Bissen schmecken Sie die Leidenschaft und das Know-how, die in dieser traditionellen Salami stecken. Diese spanische Delikatesse ist wie geschaffen f\u00fcr Feinschmecker, die den reinen, authentischen Geschmack Spaniens lieben.<\/p>\n<p>Ob f\u00fcr einen besonderen Anlass oder um einen gew\u00f6hnlichen Abend au\u00dfergew\u00f6hnlich zu machen, diese Fuet Edelsalami Wildschwein ist die perfekte Zutat, um es mit Freunden, geliebten Menschen oder einfach mit sich selbst zu teilen. Verleihen Sie Ihrem Teller einen Hauch von spanischem Flair und genie\u00dfen Sie die W\u00e4rme und die Aromen Kataloniens, ohne die Grenze zu \u00fcberschreiten.<\/p>\n<p>Lassen Sie sich von unserem spanischen Fuet mit Wildschwein \u00fcberraschen und erfreuen Sie Ihre Geschmacksnerven. Bestellen Sie jetzt unsere Fuet Edelsalami Wildschwein und holen Sie sich ein St\u00fcck Spanien in Ihr Zuhause.<\/p>\n","protected":false},"excerpt":{"rendered":"<p>Holen Sie sich jetzt die Sonne ins Haus mit der k\u00f6stlichen Fuet Edelsalami Wildschwein. Stellen Sie sich vor, Sie w\u00e4ren f\u00fcr eine Weile im sonnenverw\u00f6hnten Spanien, und das auch noch zu Hause! \u00dcberraschen Sie Bekannte, Freunde oder einfach sich selbst mit dieser k\u00f6stlichen Wurst und machen Sie einen &#8222;normalen&#8220; Abend zu etwas Besonderem.<\/p>\n<p>Stellen Sie gerade eine Wurstplatte zusammen? Dann schauen Sie sich auch unsere anderen Fuet-Sorten an, oder unsere <a href=\"https:\/\/monsieursaucisson.com\/de\/franzoesische-salami\/\">franz\u00f6sischen Saucissons<\/a>. Ebenfalls k\u00f6stlich: eine unserer Pasteten f\u00fcr den Toast.<\/p>\n<p>Die k\u00f6stliche Fuet Edelsalami Wildschwein ist an der rot\/weissen Schnur zu erkennen.<\/p>\n<p>&nbsp;<\/p>\n<p>&nbsp;<\/p>\n","protected":false},"featured_media":1047,"template":"","meta":{"_acf_changed":false,"iawp_total_views":203,"editor_notices":[]},"product_brand":[],"product_cat":[15,88,81,87],"product_tag":[],"class_list":{"0":"post-791","1":"product","2":"type-product","3":"status-publish","4":"has-post-thumbnail","6":"product_cat-alle-produkte","7":"product_cat-fuet-salami","8":"product_cat-luftgetrocknete-salami","9":"product_cat-spanische-wurst","11":"first","12":"instock","13":"taxable","14":"shipping-taxable","15":"purchasable","16":"product-type-simple"},"acf":[],"_links":{"self":[{"href":"https:\/\/monsieursaucisson.com\/de\/wp-json\/wp\/v2\/product\/791","targetHints":{"allow":["GET"]}}],"collection":[{"href":"https:\/\/monsieursaucisson.com\/de\/wp-json\/wp\/v2\/product"}],"about":[{"href":"https:\/\/monsieursaucisson.com\/de\/wp-json\/wp\/v2\/types\/product"}],"wp:featuredmedia":[{"embeddable":true,"href":"https:\/\/monsieursaucisson.com\/de\/wp-json\/wp\/v2\/media\/1047"}],"wp:attachment":[{"href":"https:\/\/monsieursaucisson.com\/de\/wp-json\/wp\/v2\/media?parent=791"}],"wp:term":[{"taxonomy":"product_brand","embeddable":true,"href":"https:\/\/monsieursaucisson.com\/de\/wp-json\/wp\/v2\/product_brand?post=791"},{"taxonomy":"product_cat","embeddable":true,"href":"https:\/\/monsieursaucisson.com\/de\/wp-json\/wp\/v2\/product_cat?post=791"},{"taxonomy":"product_tag","embeddable":true,"href":"https:\/\/monsieursaucisson.com\/de\/wp-json\/wp\/v2\/product_tag?post=791"}],"curies":[{"name":"wp","href":"https:\/\/api.w.org\/{rel}","templated":true}]}}