{"id":790,"date":"2021-03-11T10:57:33","date_gmt":"2021-03-11T09:57:33","guid":{"rendered":"https:\/\/monsieursaucisson.com\/nl\/product\/fuet-met-eend\/"},"modified":"2026-04-13T19:19:39","modified_gmt":"2026-04-13T17:19:39","slug":"fuet-edelsalami-ente","status":"publish","type":"product","link":"https:\/\/monsieursaucisson.com\/de\/fuet-edelsalami-ente\/","title":{"rendered":"Fuet Edelsalami Ente"},"content":{"rendered":"<h2>Fuet Edelsalami Ente &#8211; luftgetrocknete Wurst aus Katalonien<\/h2>\n<p>M\u00f6chten Sie Ihre G\u00e4ste mit einem besonderen und unvergesslichen Geschmackserlebnis \u00fcberraschen? Dann probieren Sie unsere exklusive Fuet-Wurst mit Ente, eine Delikatesse, die Ihre Geschmacksnerven verzaubern wird. Der reichhaltige, volle Geschmack der Ente in Kombination mit den subtilen Kr\u00e4utern und Gew\u00fcrzen dieser Rohwurst macht sie zur perfekten Erg\u00e4nzung.<\/p>\n<p>Die <a href=\"https:\/\/de.wikipedia.org\/wiki\/Fuet\" target=\"_blank\" rel=\"noopener\">Fuet<\/a> mit Ente von Monsieur Saucisson garantiert ein Geschmackserlebnis, welches Sie niemals entt\u00e4uschen wird. Diese hausgemachte Delikatesse wird mit Sorgfalt und nach traditionellen Rezepten hergestellt, und das schmeckt man. Die Enten-Salami wird mit Leidenschaft und handwerklichem K\u00f6nnen zu einer einzigartigen Wurst verarbeitet, die Liebhaber von Delikatessen begeistern wird.<\/p>\n<p>Um den vollen Geschmack unserer Fuet Edelsalami Ente zu betonen, empfehlen wir, die Salami mit einem leichteren Rotwein oder einem milden, s\u00fc\u00dflichen Bier zu kombinieren. Die Harmonie zwischen dem reichhaltigen Entengeschmack und dem gew\u00e4hlten Getr\u00e4nk wird Ihre Geschmacksnerven begeistern und Ihr gem\u00fctliches Beisammensein zu einem kulinarischen H\u00f6hepunkt machen. Probieren Sie noch heute die k\u00f6stlichen Aromen unseres Fuet mit Ente.<\/p>\n","protected":false},"excerpt":{"rendered":"<p>Sie m\u00f6chten Ihre G\u00e4ste mit leckeren H\u00e4ppchen \u00fcberraschen? Wie w\u00e4re es mit unserer Fuet Edelsalami mit Ente &#8211; k\u00f6stlich, voller Geschmack und nie langweilig! Kreieren Sie selber ein mediterranes Fest mit unseren verschiedenen franz\u00f6sischen Saucissons, einem St\u00fcck K\u00e4se und herrlichen Knabbereien. Nehmen Sie einen leichteren Rotwein oder ein etwas s\u00fc\u00dferes Bier, zum Beispiel mit Honig darin.<\/p>\n<p>Das k\u00f6stliche Fuet Edelsalami Ente ist an der gelben Schnur zu erkennen.<\/p>\n","protected":false},"featured_media":1051,"template":"","meta":{"_acf_changed":false,"iawp_total_views":250,"editor_notices":[]},"product_brand":[],"product_cat":[15,88,81,87],"product_tag":[],"class_list":{"0":"post-790","1":"product","2":"type-product","3":"status-publish","4":"has-post-thumbnail","6":"product_cat-alle-produkte","7":"product_cat-fuet-salami","8":"product_cat-luftgetrocknete-salami","9":"product_cat-spanische-wurst","11":"first","12":"instock","13":"taxable","14":"shipping-taxable","15":"purchasable","16":"product-type-simple"},"acf":[],"_links":{"self":[{"href":"https:\/\/monsieursaucisson.com\/de\/wp-json\/wp\/v2\/product\/790","targetHints":{"allow":["GET"]}}],"collection":[{"href":"https:\/\/monsieursaucisson.com\/de\/wp-json\/wp\/v2\/product"}],"about":[{"href":"https:\/\/monsieursaucisson.com\/de\/wp-json\/wp\/v2\/types\/product"}],"wp:featuredmedia":[{"embeddable":true,"href":"https:\/\/monsieursaucisson.com\/de\/wp-json\/wp\/v2\/media\/1051"}],"wp:attachment":[{"href":"https:\/\/monsieursaucisson.com\/de\/wp-json\/wp\/v2\/media?parent=790"}],"wp:term":[{"taxonomy":"product_brand","embeddable":true,"href":"https:\/\/monsieursaucisson.com\/de\/wp-json\/wp\/v2\/product_brand?post=790"},{"taxonomy":"product_cat","embeddable":true,"href":"https:\/\/monsieursaucisson.com\/de\/wp-json\/wp\/v2\/product_cat?post=790"},{"taxonomy":"product_tag","embeddable":true,"href":"https:\/\/monsieursaucisson.com\/de\/wp-json\/wp\/v2\/product_tag?post=790"}],"curies":[{"name":"wp","href":"https:\/\/api.w.org\/{rel}","templated":true}]}}