{"id":789,"date":"2021-03-11T10:57:32","date_gmt":"2021-03-11T09:57:32","guid":{"rendered":"https:\/\/monsieursaucisson.com\/nl\/product\/fuet-met-hazelnoot\/"},"modified":"2026-04-09T12:11:21","modified_gmt":"2026-04-09T10:11:21","slug":"fuet-edelsalami-haselnuss","status":"publish","type":"product","link":"https:\/\/monsieursaucisson.com\/de\/fuet-edelsalami-haselnuss\/","title":{"rendered":"Fuet Edelsalami Haselnuss"},"content":{"rendered":"<h2><strong>Fuet Edelsalami Haselnuss &#8211; luftgetrocknete Wurst aus Katalonien<\/strong><\/h2>\n<p>Die\u00a0<a href=\"https:\/\/de.wikipedia.org\/wiki\/Fuet\" target=\"_blank\" rel=\"noopener\"><strong>Fuet<\/strong><\/a> Edelsalami Haselnuss ist eine k\u00f6stliche Salami mit einem s\u00fc\u00dfen, aromatischen Gecshmack und ein echter Leckerbissen f\u00fcr Liebhaber kulinarischer Spezialit\u00e4ten und Abenteuer. Wir von Monsieur Saucisson wissen, dass diese Delikatesse nicht nur als Teil eines abwechslungsreichen Men\u00fcs schmeckt, sondern auch eine unverzichtbare Zutat in der K\u00fcche sein kann.<\/p>\n<p>Ganz gleich, ob Sie einen entspannten Abend mit Freunden genie\u00dfen oder ein romantisches Abendessen zu zweit planen, diese Fuet verleiht jedem Anlass einen Hauch von Eleganz und Geschmack. Weiter Fuet Salamis finden Sie\u00a0<a href=\"https:\/\/monsieursaucisson.com\/de\/fuet-salami\/\"><strong>hier<\/strong><\/a>!<\/p>\n","protected":false},"excerpt":{"rendered":"<p>Monsieur Saucisson ist extra f\u00fcr Sie nac Frankreich gereist, um die besten Saucissons auszuw\u00e4hlen. Die Fuet Edelsalami Haselnuss ist eine von diesen K\u00f6stlichkeiten. Dieses Fuet ist einfach nur lecker und voller Geschmack. Genie\u00dfen Sie die spanische Wurst nach einem langen Arbeitstag, zum Beispiel mit einem Glas spanischem Wein, K\u00e4se und einigen Oliven. Que aproveche (Guten Appetit)!<\/p>\n<p>Sie erkennen die leckere Fuet mit Haseln\u00fcssen an der beigen Schnur.<\/p>\n","protected":false},"featured_media":1053,"template":"","meta":{"_acf_changed":false,"iawp_total_views":196,"editor_notices":[]},"product_brand":[],"product_cat":[81,87,88,15],"product_tag":[],"class_list":{"0":"post-789","1":"product","2":"type-product","3":"status-publish","4":"has-post-thumbnail","6":"product_cat-luftgetrocknete-salami","7":"product_cat-spanische-wurst","8":"product_cat-fuet-salami","9":"product_cat-alle-produkte","11":"first","12":"instock","13":"taxable","14":"shipping-taxable","15":"purchasable","16":"product-type-simple"},"acf":[],"_links":{"self":[{"href":"https:\/\/monsieursaucisson.com\/de\/wp-json\/wp\/v2\/product\/789","targetHints":{"allow":["GET"]}}],"collection":[{"href":"https:\/\/monsieursaucisson.com\/de\/wp-json\/wp\/v2\/product"}],"about":[{"href":"https:\/\/monsieursaucisson.com\/de\/wp-json\/wp\/v2\/types\/product"}],"wp:featuredmedia":[{"embeddable":true,"href":"https:\/\/monsieursaucisson.com\/de\/wp-json\/wp\/v2\/media\/1053"}],"wp:attachment":[{"href":"https:\/\/monsieursaucisson.com\/de\/wp-json\/wp\/v2\/media?parent=789"}],"wp:term":[{"taxonomy":"product_brand","embeddable":true,"href":"https:\/\/monsieursaucisson.com\/de\/wp-json\/wp\/v2\/product_brand?post=789"},{"taxonomy":"product_cat","embeddable":true,"href":"https:\/\/monsieursaucisson.com\/de\/wp-json\/wp\/v2\/product_cat?post=789"},{"taxonomy":"product_tag","embeddable":true,"href":"https:\/\/monsieursaucisson.com\/de\/wp-json\/wp\/v2\/product_tag?post=789"}],"curies":[{"name":"wp","href":"https:\/\/api.w.org\/{rel}","templated":true}]}}