{"id":788,"date":"2021-03-11T10:57:32","date_gmt":"2021-03-11T09:57:32","guid":{"rendered":"https:\/\/monsieursaucisson.com\/nl\/product\/fuet-met-walnoot\/"},"modified":"2026-04-11T12:30:40","modified_gmt":"2026-04-11T10:30:40","slug":"fuet-edelsalami-walnuss","status":"publish","type":"product","link":"https:\/\/monsieursaucisson.com\/de\/fuet-edelsalami-walnuss\/","title":{"rendered":"Fuet Edelsalami Walnuss"},"content":{"rendered":"<h2>Fuet Edelsalami Walnuss &#8211; ein kulinarisches Meisterwerk<\/h2>\n<p>Sie suchen nach der perfekten Erg\u00e4nzung f\u00fcr Ihre Vespertafel? Unsere spanische Fuet Edelsalami Walnuss ist ein wahrer Genuss f\u00fcr Feinschmecker. Diese traditionell in Katalonien hergestellte Trockenwurst bietet ein unvergleichliches Geschmackserlebnis. Durch die Zugabe von Waln\u00fcssen erh\u00e4lt unsere Fuet-Salami eine cremige Textur und einen k\u00f6stlichen nussigen Geschmack, der jeden Bissen zu einem Genuss macht. Dies ist keine gew\u00f6hnliche\u00a0 Salami, sondern ein kulinarisches Meisterwerk, dass Ihren Gaumen \u00fcberraschen wird.<\/p>\n<p>Was diese <a href=\"https:\/\/de.wikipedia.org\/wiki\/Fuet\" target=\"_blank\" rel=\"noopener\">Fuet<\/a> mit Waln\u00fcssen wirklich besonders macht, ist ihre Vielseitigkeit. Egal, ob Sie ein leidenschaftlicher Feinschmecker sind oder einfach nur eine schmackhafte Erg\u00e4nzung f\u00fcr sich selbst suchen, die Fuet Edelsalami Walnuss ist wirklich f\u00fcr jeden geeignet. Der k\u00f6stliche Geschmack der Fuet-Salami wird wunderbar von dem warmen und knackigen Walnuss-Geschmack komplimentiert &#8211; ein perfektes Gleichgewicht der Aromen.<\/p>\n<p>Ob bei einem geselligen Beisammensein mit Freunden oder einem gem\u00fctlichen Abend mit der Familie, unsere spanische Fuet Edelsalami Walnuss sorgt f\u00fcr ein unvergessliches, kulinarisches Erlebnis. Entscheiden Sie sich f\u00fcr Qualit\u00e4t. Entscheiden Sie sich f\u00fcr Geschmack. Entscheiden Sie sich f\u00fcr die spanische Fuet Salami mit Waln\u00fcssen von Monsieur Saucisson. Bestellen Sie noch heute und entdecken Sie den puren katalanischen Genuss in jedem Bissen.<\/p>\n<p>&nbsp;<\/p>\n","protected":false},"excerpt":{"rendered":"<p>Wenn Freunde zum Abendessen vorbeikommen, m\u00f6chten Sie nat\u00fcrlich einen leckeren Snack anbieten. Mit der Fuet Edelsalami Walnuss liegen Sie immer goldrichtig! Es handelt sich n\u00e4mlich um eine sehr bek\u00f6mmliche Wurst, die allen gleich gut schmeckt. Der k\u00f6stliche Geschmack dieser Salami wird mit dem warmen Geschmack der Walnuss kombiniert. Die Fuet Edelsalami Walnuss sorgt garantiert f\u00fcr einen angenehmen Abend!<\/p>\n<p>Die k\u00f6stliche Salami ist an der rot\/gr\u00fcnen Schnur zu erkennen.<\/p>\n","protected":false},"featured_media":1052,"template":"","meta":{"_acf_changed":false,"iawp_total_views":286,"editor_notices":[]},"product_brand":[],"product_cat":[81,87,88,15],"product_tag":[],"class_list":{"0":"post-788","1":"product","2":"type-product","3":"status-publish","4":"has-post-thumbnail","6":"product_cat-luftgetrocknete-salami","7":"product_cat-spanische-wurst","8":"product_cat-fuet-salami","9":"product_cat-alle-produkte","11":"first","12":"instock","13":"taxable","14":"shipping-taxable","15":"purchasable","16":"product-type-simple"},"acf":[],"_links":{"self":[{"href":"https:\/\/monsieursaucisson.com\/de\/wp-json\/wp\/v2\/product\/788","targetHints":{"allow":["GET"]}}],"collection":[{"href":"https:\/\/monsieursaucisson.com\/de\/wp-json\/wp\/v2\/product"}],"about":[{"href":"https:\/\/monsieursaucisson.com\/de\/wp-json\/wp\/v2\/types\/product"}],"wp:featuredmedia":[{"embeddable":true,"href":"https:\/\/monsieursaucisson.com\/de\/wp-json\/wp\/v2\/media\/1052"}],"wp:attachment":[{"href":"https:\/\/monsieursaucisson.com\/de\/wp-json\/wp\/v2\/media?parent=788"}],"wp:term":[{"taxonomy":"product_brand","embeddable":true,"href":"https:\/\/monsieursaucisson.com\/de\/wp-json\/wp\/v2\/product_brand?post=788"},{"taxonomy":"product_cat","embeddable":true,"href":"https:\/\/monsieursaucisson.com\/de\/wp-json\/wp\/v2\/product_cat?post=788"},{"taxonomy":"product_tag","embeddable":true,"href":"https:\/\/monsieursaucisson.com\/de\/wp-json\/wp\/v2\/product_tag?post=788"}],"curies":[{"name":"wp","href":"https:\/\/api.w.org\/{rel}","templated":true}]}}