{"id":787,"date":"2021-03-11T10:57:31","date_gmt":"2021-03-11T09:57:31","guid":{"rendered":"https:\/\/monsieursaucisson.com\/nl\/product\/fuet-met-vijgen\/"},"modified":"2026-04-09T05:12:26","modified_gmt":"2026-04-09T03:12:26","slug":"fuet-edelsalami-feigen","status":"publish","type":"product","link":"https:\/\/monsieursaucisson.com\/de\/fuet-edelsalami-feigen\/","title":{"rendered":"Fuet Edelsalami Feigen"},"content":{"rendered":"<h2>Fuet Edelsalami Feigen &#8211; luftgetrocknete Wurst aus Katalonien<\/h2>\n<p>Die <a href=\"https:\/\/de.wikipedia.org\/wiki\/Fuet\" target=\"_blank\" rel=\"noopener\">Fuet<\/a> Edelsalami Feigen ist eine k\u00f6stliche Salami mit einem s\u00fc\u00dfen, aromatischen Gecshmack und ein echter Leckerbissen f\u00fcr Liebhaber kulinarischer Spezialit\u00e4ten und Abenteuer. Wir von Monsieur Saucisson wissen, dass diese Delikatesse nicht nur als Teil eines abwechslungsreichen Men\u00fcs schmeckt, sondern auch eine unverzichtbare Zutat in der K\u00fcche sein kann.<\/p>\n<p>Ganz gleich, ob Sie einen entspannten Abend mit Freunden genie\u00dfen oder ein romantisches Abendessen zu zweit planen, diese Fuet verleiht jedem Anlass einen Hauch von Eleganz und Geschmack. Weiter Fuet Salamis finden Sie <a href=\"https:\/\/monsieursaucisson.com\/de\/fuet-salami\/\"><strong>hier<\/strong><\/a>!<\/p>\n<p>&nbsp;<\/p>\n","protected":false},"excerpt":{"rendered":"<p>Feigen passen perfekt auf eine Festtafel &#8211; egal ob auf einer K\u00e4seplatte oder auf einem Buffett. Der delikate Geschmack passt gut zu verschiedenen Vorspeisen und deshaln sollte die Fuet Edelsalami Feigen nicht fehlen! Der s\u00fc\u00dfe und aromatische Geschmack der Feige passt sehr gut zum salzigen Geschmack der Fuet Salami und sorgt f\u00fcr ein echtes Geschmackserlebnis, direkt bei Ihnen zu Hause!<\/p>\n<p>Sie erkennen die leckere Fuet mit Feigen an der rot-weissen Schnuur.<\/p>\n","protected":false},"featured_media":1055,"template":"","meta":{"_acf_changed":false,"iawp_total_views":194,"editor_notices":[]},"product_brand":[],"product_cat":[81,87,88,15],"product_tag":[],"class_list":{"0":"post-787","1":"product","2":"type-product","3":"status-publish","4":"has-post-thumbnail","6":"product_cat-luftgetrocknete-salami","7":"product_cat-spanische-wurst","8":"product_cat-fuet-salami","9":"product_cat-alle-produkte","11":"first","12":"instock","13":"taxable","14":"shipping-taxable","15":"purchasable","16":"product-type-simple"},"acf":[],"_links":{"self":[{"href":"https:\/\/monsieursaucisson.com\/de\/wp-json\/wp\/v2\/product\/787","targetHints":{"allow":["GET"]}}],"collection":[{"href":"https:\/\/monsieursaucisson.com\/de\/wp-json\/wp\/v2\/product"}],"about":[{"href":"https:\/\/monsieursaucisson.com\/de\/wp-json\/wp\/v2\/types\/product"}],"wp:featuredmedia":[{"embeddable":true,"href":"https:\/\/monsieursaucisson.com\/de\/wp-json\/wp\/v2\/media\/1055"}],"wp:attachment":[{"href":"https:\/\/monsieursaucisson.com\/de\/wp-json\/wp\/v2\/media?parent=787"}],"wp:term":[{"taxonomy":"product_brand","embeddable":true,"href":"https:\/\/monsieursaucisson.com\/de\/wp-json\/wp\/v2\/product_brand?post=787"},{"taxonomy":"product_cat","embeddable":true,"href":"https:\/\/monsieursaucisson.com\/de\/wp-json\/wp\/v2\/product_cat?post=787"},{"taxonomy":"product_tag","embeddable":true,"href":"https:\/\/monsieursaucisson.com\/de\/wp-json\/wp\/v2\/product_tag?post=787"}],"curies":[{"name":"wp","href":"https:\/\/api.w.org\/{rel}","templated":true}]}}