{"id":786,"date":"2021-03-11T10:57:33","date_gmt":"2021-03-11T09:57:33","guid":{"rendered":"https:\/\/monsieursaucisson.com\/nl\/product\/fuet-met-truffel\/"},"modified":"2026-04-23T11:31:57","modified_gmt":"2026-04-23T09:31:57","slug":"fuet-edelsalami-trueffel","status":"publish","type":"product","link":"https:\/\/monsieursaucisson.com\/de\/fuet-edelsalami-trueffel\/","title":{"rendered":"Fuet Edelsalami Tr\u00fcffel"},"content":{"rendered":"<h2>Fuet Edelsalami Tr\u00fcffel &#8211; ein Hauch von Luxus<\/h2>\n<p>Entdecken Sie den unwiderstehlichen Geschmack unserer nat\u00fcrlichen spanischen Fuet mit Tr\u00fcffel, die aus dem sch\u00f6nen Katalonien stammt. Durch die Zugabe von Tr\u00fcffel erh\u00e4lt diese Trockenwurst eine erdige und aromatische Geschmacksnote, die sie zu einem besonderen Genuss f\u00fcr Feinschmecker macht.<\/p>\n<p>Tr\u00fcffel ist ein zunehmend beliebter Geschmack, und vielleicht kennen Sie schon Tr\u00fcffel-Mayonnaise und Tr\u00fcffel-Cracker. Aber haben Sie schon einmal an eine Salami mit Tr\u00fcffel gedacht? Diese exklusive Delikatesse ist die perfekte Wahl f\u00fcr alle, die eine intensive Geschmackskombination lieben.<\/p>\n<p>Bei Monsieur Saucisson verstehen wir uns auf die Kunst, Tr\u00fcffel mit hochwertiger, spanischer Salami zu kombinieren. Diese einzigartige <a href=\"https:\/\/de.wikipedia.org\/wiki\/Fuet\" target=\"_blank\" rel=\"noopener\">Fuet-Salami<\/a> ist ein wahres Geschmackserlebnis f\u00fcr jeden Teller und macht den Abend garantiert zu einem kulinarischen Erfolg.<\/p>\n<p>Die Fuet Edelsalami Tr\u00fcffel ist nicht nur k\u00f6stlich, sondern auch eine tolle M\u00f6glichkeit, Ihre G\u00e4ste mit einer unerwarteten Delikatesse zu \u00fcberraschen. Verleihen Sie Ihrer n\u00e4chsten Veranstaltung einen Hauch von Luxus und genie\u00dfen Sie den erdigen, reichen Geschmack unseres spanischen Fuet-Salami mit Tr\u00fcffel. Lassen Sie sich von Monsieur Saucisson, dem Spezialisten zu diesem einzigartigen Geschmackserlebnis verf\u00fchren.<\/p>\n","protected":false},"excerpt":{"rendered":"<p>Sie wird immer beliebter: Tr\u00fcffel! Tr\u00fcffel-Mayonnaise und Tr\u00fcffel-Cracker kennen Sie wahrscheinlich schon, aber wie w\u00e4re es denn mit der delikaten Fuet Edelsalami Tr\u00fcffel? Die Fuet Edelsalami Tr\u00fcffel ist perfekt, wenn Sie eine intensive Geschmackskombination lieben. Mit dieser Edelsalami wird der Abend garantiert ein Erfolg!<\/p>\n<p>Die k\u00f6stliche Salami ist an der braun\/wei\u00dfen Schnur zu erkennen.<\/p>\n","protected":false},"featured_media":1054,"template":"","meta":{"_acf_changed":false,"iawp_total_views":340,"editor_notices":[]},"product_brand":[],"product_cat":[15,88,81,87],"product_tag":[],"class_list":{"0":"post-786","1":"product","2":"type-product","3":"status-publish","4":"has-post-thumbnail","6":"product_cat-alle-produkte","7":"product_cat-fuet-salami","8":"product_cat-luftgetrocknete-salami","9":"product_cat-spanische-wurst","11":"first","12":"instock","13":"taxable","14":"shipping-taxable","15":"purchasable","16":"product-type-simple"},"acf":[],"_links":{"self":[{"href":"https:\/\/monsieursaucisson.com\/de\/wp-json\/wp\/v2\/product\/786","targetHints":{"allow":["GET"]}}],"collection":[{"href":"https:\/\/monsieursaucisson.com\/de\/wp-json\/wp\/v2\/product"}],"about":[{"href":"https:\/\/monsieursaucisson.com\/de\/wp-json\/wp\/v2\/types\/product"}],"wp:featuredmedia":[{"embeddable":true,"href":"https:\/\/monsieursaucisson.com\/de\/wp-json\/wp\/v2\/media\/1054"}],"wp:attachment":[{"href":"https:\/\/monsieursaucisson.com\/de\/wp-json\/wp\/v2\/media?parent=786"}],"wp:term":[{"taxonomy":"product_brand","embeddable":true,"href":"https:\/\/monsieursaucisson.com\/de\/wp-json\/wp\/v2\/product_brand?post=786"},{"taxonomy":"product_cat","embeddable":true,"href":"https:\/\/monsieursaucisson.com\/de\/wp-json\/wp\/v2\/product_cat?post=786"},{"taxonomy":"product_tag","embeddable":true,"href":"https:\/\/monsieursaucisson.com\/de\/wp-json\/wp\/v2\/product_tag?post=786"}],"curies":[{"name":"wp","href":"https:\/\/api.w.org\/{rel}","templated":true}]}}