{"id":785,"date":"2021-03-11T11:10:02","date_gmt":"2021-03-11T10:10:02","guid":{"rendered":"https:\/\/monsieursaucisson.com\/nl\/product\/runder-kalkoen-fagot-worstjes\/"},"modified":"2026-04-03T23:29:33","modified_gmt":"2026-04-03T21:29:33","slug":"salami-minis-mit-rind-und-pute","status":"publish","type":"product","link":"https:\/\/monsieursaucisson.com\/de\/salami-minis-mit-rind-und-pute\/","title":{"rendered":"Salami Minis vom Rind und Pute"},"content":{"rendered":"<h2>Salami Minis mit Rind und Pute &#8211; Halal-zertifiziert<\/h2>\n<p>Unsere Salami Minis vom Rind und mit Pute sind nat\u00fcrliche Rohw\u00fcrste (Salamis) aus Putenfleisch und Rindfleisch. Die Salami Minis vom Rind enthalten kein Schweinefleisch und sind f\u00fcr alle geeignet, die kein Schweinefleisch essen d\u00fcrfen oder wollen. Die Salami Minis sind <strong>halal-zertifiziert<\/strong> und in verschiedenen Geschmacksrichtungen erh\u00e4ltlich.<\/p>\n<p>Unsere Halal-Produkte sind nur ein kleiner Teil unseres Sortiments. Es gibt noch viele andere leckere Wurstsorten, wie zum Beispiel <strong>franz\u00f6sische Salami<\/strong> oder unsere <a href=\"https:\/\/monsieursaucisson.com\/de\/luftgetrockneter-schinken\/\"><strong>luftgetrockneter Schinken<\/strong><\/a>. Da ist f\u00fcr jeden Geschmack etwas dabei.<\/p>\n","protected":false},"excerpt":{"rendered":"<p>Die k\u00f6stliche franz\u00f6sische K\u00fcche gibt es jetzt auch zum Mitnehmen! Diese schmackhaften, getrockneten Salamis mit Rindfleisch und Pute werden pro 4 St\u00fcck angeboten &#8211; perfekt f\u00fcr unterwegs, aber auch ein Knabbergenu\u00df f\u00fcr den Alltag. Im Vergleich zu anderen W\u00fcrsten aus Rind- und Schweinefleisch sind diese Salami Minis aus Rind- und Putenfleisch weicher in der Beschaffenheit, aber mindestens genauso lecker!<\/p>\n<p>Diese k\u00f6stliche Komposition ist perfekt, wenn Sie einmal etwas anderes ausprobieren m\u00f6chten.<\/p>\n","protected":false},"featured_media":1014,"template":"","meta":{"_acf_changed":false,"iawp_total_views":2571,"editor_notices":[]},"product_brand":[],"product_cat":[351,81,82,83,84,15],"product_tag":[],"class_list":{"0":"post-785","1":"product","2":"type-product","3":"status-publish","4":"has-post-thumbnail","6":"product_cat-halal-wurst","7":"product_cat-luftgetrocknete-salami","8":"product_cat-franzoesische-salami","9":"product_cat-halal-salami-aus-rindfleisch","10":"product_cat-salami-snacks","11":"product_cat-alle-produkte","13":"first","14":"instock","15":"taxable","16":"shipping-taxable","17":"purchasable","18":"product-type-simple"},"acf":[],"_links":{"self":[{"href":"https:\/\/monsieursaucisson.com\/de\/wp-json\/wp\/v2\/product\/785","targetHints":{"allow":["GET"]}}],"collection":[{"href":"https:\/\/monsieursaucisson.com\/de\/wp-json\/wp\/v2\/product"}],"about":[{"href":"https:\/\/monsieursaucisson.com\/de\/wp-json\/wp\/v2\/types\/product"}],"wp:featuredmedia":[{"embeddable":true,"href":"https:\/\/monsieursaucisson.com\/de\/wp-json\/wp\/v2\/media\/1014"}],"wp:attachment":[{"href":"https:\/\/monsieursaucisson.com\/de\/wp-json\/wp\/v2\/media?parent=785"}],"wp:term":[{"taxonomy":"product_brand","embeddable":true,"href":"https:\/\/monsieursaucisson.com\/de\/wp-json\/wp\/v2\/product_brand?post=785"},{"taxonomy":"product_cat","embeddable":true,"href":"https:\/\/monsieursaucisson.com\/de\/wp-json\/wp\/v2\/product_cat?post=785"},{"taxonomy":"product_tag","embeddable":true,"href":"https:\/\/monsieursaucisson.com\/de\/wp-json\/wp\/v2\/product_tag?post=785"}],"curies":[{"name":"wp","href":"https:\/\/api.w.org\/{rel}","templated":true}]}}