{"id":784,"date":"2021-03-16T11:01:36","date_gmt":"2021-03-16T10:01:36","guid":{"rendered":"https:\/\/monsieursaucisson.com\/nl\/product\/fagot-worstjes\/"},"modified":"2026-04-13T16:40:53","modified_gmt":"2026-04-13T14:40:53","slug":"luftgetrocknete-mini-salamis","status":"publish","type":"product","link":"https:\/\/monsieursaucisson.com\/de\/luftgetrocknete-mini-salamis\/","title":{"rendered":"Luftgetrocknete Mini Salamis"},"content":{"rendered":"<h3>Luftgetrocknete Mini Salamis &#8211; Fag\u00f4t Saucisson<\/h3>\n<p>Der Geschmack Frankreichs, jetzt auch zum Mitnehmen! Diese k\u00f6stlichen getrockneten Fag\u00f4t-W\u00fcrste sind zu je 8 St\u00fcck erh\u00e4ltlich. Einfach zum Mitnehmen f\u00fcr unterwegs, aber auch ein Muss auf dem Cocktailteller. Die getrockneten Fag\u00f4t-W\u00fcrstchen erobern immer mehr Herzen mit ihrem intensiven und trockenen Geschmack, sie entt\u00e4uschen nie!<\/p>\n","protected":false},"excerpt":{"rendered":"<p>Die k\u00f6stliche franz\u00f6sische K\u00fcche gibt es jetzt auch zum Mitnehmen! Diese schmackhaften, luftgetrocknete Mini Salamis werden pro 8 St\u00fcck angeboten &#8211; perfekt f\u00fcr unterwegs, aber auch ein Knabbergenu\u00df f\u00fcr den Alltag. Mit ihrem intensiven und trockenen Geschmack erobern sie immer mehr Herzen, und sie werden Sie nie entt\u00e4uschen!<\/p>\n<p>Diese k\u00f6stliche Komposition ist perfekt, wenn Sie einmal etwas anderes ausprobieren m\u00f6chten.<\/p>\n<p>&nbsp;<\/p>\n","protected":false},"featured_media":1031,"template":"","meta":{"_acf_changed":false,"iawp_total_views":280,"editor_notices":[]},"product_brand":[],"product_cat":[81,82,86,15],"product_tag":[],"class_list":{"0":"post-784","1":"product","2":"type-product","3":"status-publish","4":"has-post-thumbnail","6":"product_cat-luftgetrocknete-salami","7":"product_cat-franzoesische-salami","8":"product_cat-franzoesische-spezialitaeten","9":"product_cat-alle-produkte","11":"first","12":"instock","13":"taxable","14":"shipping-taxable","15":"purchasable","16":"product-type-simple"},"acf":[],"_links":{"self":[{"href":"https:\/\/monsieursaucisson.com\/de\/wp-json\/wp\/v2\/product\/784","targetHints":{"allow":["GET"]}}],"collection":[{"href":"https:\/\/monsieursaucisson.com\/de\/wp-json\/wp\/v2\/product"}],"about":[{"href":"https:\/\/monsieursaucisson.com\/de\/wp-json\/wp\/v2\/types\/product"}],"wp:featuredmedia":[{"embeddable":true,"href":"https:\/\/monsieursaucisson.com\/de\/wp-json\/wp\/v2\/media\/1031"}],"wp:attachment":[{"href":"https:\/\/monsieursaucisson.com\/de\/wp-json\/wp\/v2\/media?parent=784"}],"wp:term":[{"taxonomy":"product_brand","embeddable":true,"href":"https:\/\/monsieursaucisson.com\/de\/wp-json\/wp\/v2\/product_brand?post=784"},{"taxonomy":"product_cat","embeddable":true,"href":"https:\/\/monsieursaucisson.com\/de\/wp-json\/wp\/v2\/product_cat?post=784"},{"taxonomy":"product_tag","embeddable":true,"href":"https:\/\/monsieursaucisson.com\/de\/wp-json\/wp\/v2\/product_tag?post=784"}],"curies":[{"name":"wp","href":"https:\/\/api.w.org\/{rel}","templated":true}]}}