{"id":783,"date":"2021-03-11T10:57:35","date_gmt":"2021-03-11T09:57:35","guid":{"rendered":"https:\/\/monsieursaucisson.com\/nl\/product\/fuet-minis\/"},"modified":"2025-05-08T11:51:20","modified_gmt":"2025-05-08T09:51:20","slug":"mini-fuets-salami-sticks","status":"publish","type":"product","link":"https:\/\/monsieursaucisson.com\/de\/mini-fuets-salami-sticks\/","title":{"rendered":"Salami-Sticks"},"content":{"rendered":"<h2>Salami-Sticks &#8211; Mini Fuets vom Feinsten<\/h2>\n<p>Monsieur Saucisson war im Urlaub und hat Ihnen diese leckeren Salami-Sticks mitgebracht. Die kleinen luftgetrockneten Fuet-W\u00fcrste sind ein herzhafter Snack, den man immer und \u00fcberall genie\u00dfen kann &#8211; im Park zu einem guten Bier oder unterwegs als Zwischenmahlzeit. Viel zu schade zum Teilen.<\/p>\n<p>Unsere Salami-Sticks im Miniformat verleihen jedem Moment einen Hauch spanischer Magie, ganz gleich, ob Sie eine Festtafel zusammenstellen oder nur einen schnellen Snack genie\u00dfen wollen. Mit Monsieur Saucisson bringen wir die Aromen des Urlaubs auf Ihren Tisch.<\/p>\n<p>Probieren Sie die k\u00f6stlichen Fuet-Minis und lassen Sie sich von ihrer Authentizit\u00e4t und Frische verf\u00fchren. Jede T\u00fcte ist reichhaltig gef\u00fcllt mit drei unwiderstehlichen Geschmacksrichtungen: Naturl, Blauschimmelk\u00e4se und Chorizo.<\/p>\n<p>Als Spezialist f\u00fcr den Import von luftgetrockneten Saucisson Wurstwaren aus Frankreich und Spanien, sind wir Ihre Anlaufstellen, wenn es um qualitativ hochwertige Salamis geht &#8211; zum Einkaufspreis nat\u00fcrlich. Entdecken Sie unsere anderen <a href=\"https:\/\/monsieursaucisson.com\/de\/salami-snacks\/\"><strong>Snack Salamis!<\/strong><\/a><\/p>\n","protected":false},"excerpt":{"rendered":"<p>Monsieur Saucisson war im Urlaub und hat Ihnen diese k\u00f6stlichen Mini Fuets (Salami-Sticks) mitgebracht. Die kleinen luftgetrockneten Fuet-W\u00fcrste sind ein herzhafter Snack, den Sie immer und \u00fcberall essen k\u00f6nnen &#8211; im Park bei einem sch\u00f6nen Bier oder unterwegs als Snack. Zu Schade zum Teilen.<\/p>\n<p>Eine T\u00fcte ist mit drei leckeren Geschmacksrichtungen gef\u00fcllt: Natur, Blauschimmelk\u00e4se und Chorizo.<\/p>\n","protected":false},"featured_media":1063,"template":"","meta":{"_acf_changed":false,"iawp_total_views":437,"editor_notices":[]},"product_brand":[],"product_cat":[81,87,297,15],"product_tag":[],"class_list":{"0":"post-783","1":"product","2":"type-product","3":"status-publish","4":"has-post-thumbnail","6":"product_cat-luftgetrocknete-salami","7":"product_cat-spanische-wurst","8":"product_cat-spanische-snacks","9":"product_cat-alle-produkte","11":"first","12":"instock","13":"taxable","14":"shipping-taxable","15":"purchasable","16":"product-type-simple"},"acf":[],"_links":{"self":[{"href":"https:\/\/monsieursaucisson.com\/de\/wp-json\/wp\/v2\/product\/783","targetHints":{"allow":["GET"]}}],"collection":[{"href":"https:\/\/monsieursaucisson.com\/de\/wp-json\/wp\/v2\/product"}],"about":[{"href":"https:\/\/monsieursaucisson.com\/de\/wp-json\/wp\/v2\/types\/product"}],"wp:featuredmedia":[{"embeddable":true,"href":"https:\/\/monsieursaucisson.com\/de\/wp-json\/wp\/v2\/media\/1063"}],"wp:attachment":[{"href":"https:\/\/monsieursaucisson.com\/de\/wp-json\/wp\/v2\/media?parent=783"}],"wp:term":[{"taxonomy":"product_brand","embeddable":true,"href":"https:\/\/monsieursaucisson.com\/de\/wp-json\/wp\/v2\/product_brand?post=783"},{"taxonomy":"product_cat","embeddable":true,"href":"https:\/\/monsieursaucisson.com\/de\/wp-json\/wp\/v2\/product_cat?post=783"},{"taxonomy":"product_tag","embeddable":true,"href":"https:\/\/monsieursaucisson.com\/de\/wp-json\/wp\/v2\/product_tag?post=783"}],"curies":[{"name":"wp","href":"https:\/\/api.w.org\/{rel}","templated":true}]}}