{"id":780,"date":"2021-02-02T07:30:37","date_gmt":"2021-02-02T06:30:37","guid":{"rendered":"https:\/\/monsieursaucisson.com\/nl\/product\/le-1924\/"},"modified":"2026-04-14T18:07:53","modified_gmt":"2026-04-14T16:07:53","slug":"kaesewurst-le-1924","status":"publish","type":"product","link":"https:\/\/monsieursaucisson.com\/de\/kaesewurst-le-1924\/","title":{"rendered":"K\u00e4sewurst Le 1924"},"content":{"rendered":"<h2>K\u00e4sewurst Le 1924 &#8211; luftgetrocknete Salami mit Blauschimmelk\u00e4se<\/h2>\n<p>Die luftgetrocknete franz\u00f6sische K\u00e4sewurst Le 1924 mit Blauschimmelk\u00e4se ist eine einzigartige Kombination zwischen Maison Chillet und dem K\u00e4sehersteller\/Raffinerie Maison Mons. F\u00fcr die Salami mit Blauschimmelk\u00e4se Le 1924 werden mehr als 8 % K\u00e4se in einer einzigen Salami verarbeitet. Das ist etwa das Doppelte der \u00fcblichen Menge.<\/p>\n<p>Der Geschmack der K\u00e4se-Wurst au Bleu Le 1924 ist sehr kr\u00e4ftig und f\u00fcr echte Kenner eine Wurst, die man probiert haben muss! Die K\u00e4sew\u00fcrste wiegen jeweils zwischen 350 und 400 Gramm. F\u00fcr 100 g Endprodukt werden 150 g Schweinefleisch und 12 g Blauschimmelk\u00e4se &#8222;Le 1924&#8220; verwendet.<\/p>\n","protected":false},"excerpt":{"rendered":"<p class=\"_04xlpA direction-ltr align-start para-style-body\">Die lufttrocknete Salami mit Le 1924 K\u00e4se enth\u00e4lt nicht weniger als 8 % K\u00e4se &#8211; mehr als das Doppelte der normalerweise in einer Wurst enthaltenen K\u00e4semenge. Der Geschmack des Blauschimmelk\u00e4ses Le 1924 ist sehr kr\u00e4ftig.<\/p>\n<p>Die K\u00e4sewurst Le 1924 wiegt etwa 350 Gramm. Das ist etwa doppelt so viel wie eine normale Salami. Also ein besonders gro\u00dfer Genuss! Wer also w\u00fcrzigen Blauschimmelk\u00e4se mag, kommt an dieser K\u00e4sewurst einfach nicht vorbei!<\/p>\n","protected":false},"featured_media":1020,"template":"","meta":{"_acf_changed":false,"iawp_total_views":246,"editor_notices":[]},"product_brand":[],"product_cat":[15,82,86,308,81],"product_tag":[],"class_list":{"0":"post-780","1":"product","2":"type-product","3":"status-publish","4":"has-post-thumbnail","6":"product_cat-alle-produkte","7":"product_cat-franzoesische-salami","8":"product_cat-franzoesische-spezialitaeten","9":"product_cat-kaesewurst","10":"product_cat-luftgetrocknete-salami","12":"first","13":"instock","14":"taxable","15":"shipping-taxable","16":"purchasable","17":"product-type-simple"},"acf":[],"_links":{"self":[{"href":"https:\/\/monsieursaucisson.com\/de\/wp-json\/wp\/v2\/product\/780","targetHints":{"allow":["GET"]}}],"collection":[{"href":"https:\/\/monsieursaucisson.com\/de\/wp-json\/wp\/v2\/product"}],"about":[{"href":"https:\/\/monsieursaucisson.com\/de\/wp-json\/wp\/v2\/types\/product"}],"wp:featuredmedia":[{"embeddable":true,"href":"https:\/\/monsieursaucisson.com\/de\/wp-json\/wp\/v2\/media\/1020"}],"wp:attachment":[{"href":"https:\/\/monsieursaucisson.com\/de\/wp-json\/wp\/v2\/media?parent=780"}],"wp:term":[{"taxonomy":"product_brand","embeddable":true,"href":"https:\/\/monsieursaucisson.com\/de\/wp-json\/wp\/v2\/product_brand?post=780"},{"taxonomy":"product_cat","embeddable":true,"href":"https:\/\/monsieursaucisson.com\/de\/wp-json\/wp\/v2\/product_cat?post=780"},{"taxonomy":"product_tag","embeddable":true,"href":"https:\/\/monsieursaucisson.com\/de\/wp-json\/wp\/v2\/product_tag?post=780"}],"curies":[{"name":"wp","href":"https:\/\/api.w.org\/{rel}","templated":true}]}}