{"id":779,"date":"2021-02-01T20:02:22","date_gmt":"2021-02-01T19:02:22","guid":{"rendered":"https:\/\/monsieursaucisson.com\/nl\/product\/le-caprin\/"},"modified":"2026-04-22T20:00:48","modified_gmt":"2026-04-22T18:00:48","slug":"kaesewurst-le-caprin","status":"publish","type":"product","link":"https:\/\/monsieursaucisson.com\/de\/kaesewurst-le-caprin\/","title":{"rendered":"K\u00e4sewurst Le Caprin"},"content":{"rendered":"<h2>K\u00e4sewurst Le Caprin &#8211; luftgetrocknete Salami mit Le Caprin Ziegenk\u00e4se<\/h2>\n<p>Jetzt wird es richtig lecker! Diese luftgetrocknete K\u00e4sesalami mit Le Caprin K\u00e4se (Ziegenk\u00e4se) ist eine einzigartige Kombination zwischen Maison Chillet und dem K\u00e4seproduzenten\/Raffinerie Maison Mons. Die Salami wird mit 10% Le Caprin, einem cremigen und kr\u00e4ftigen Ziegenk\u00e4se, hergestellt. Die Menge des verarbeiteten K\u00e4ses entspricht etwa der dreifachen Menge einer normalen K\u00e4sewurst.<\/p>\n<p>Die Wurst wird von einem echten franz\u00f6sischen K\u00e4sespezialisten (Affineur) zusammengestellt. Ein Affineur ist ein K\u00e4sekenner, vergleichbar mit einem Weinspezialisten, der Sommelier genannt wird. Vergessen Sie nicht, auch einen Blick auf unsere beiden anderen neuen K\u00e4sesorten zu werfen. Den <a href=\"https:\/\/monsieursaucisson.com\/de\/kaesewurst-le-1924\/\"><em><strong>Le 1924 <\/strong><\/em><\/a>und den <a href=\"https:\/\/monsieursaucisson.com\/de\/kaesewurst-le-montbrisonnais\/\"><em><strong>Le Montbrisonnais<\/strong><\/em><\/a>.<\/p>\n","protected":false},"excerpt":{"rendered":"<p>Die K\u00e4sewurst Le Caprin wird mit 10% Le Caprin-Ziegenk\u00e4se hergestellt und schmeckt so richtig sch\u00f6n cremig und kr\u00e4ftig. Die Menge des verarbeiteten K\u00e4ses ist etwa das Dreifache der Menge, die man von anderen K\u00e4se-Salamis gewohnt ist. F\u00fcr echte K\u00e4seliebhaber ist dies also eine Wurst, die man nicht auslassen sollte!<\/p>\n<p>Wer K\u00e4se und Salami mag, wird die K\u00e4sewurst Le Caprin lieben!<\/p>\n","protected":false},"featured_media":1016,"template":"","meta":{"_acf_changed":false,"iawp_total_views":237,"editor_notices":[]},"product_brand":[],"product_cat":[15,82,86,308,81],"product_tag":[],"class_list":{"0":"post-779","1":"product","2":"type-product","3":"status-publish","4":"has-post-thumbnail","6":"product_cat-alle-produkte","7":"product_cat-franzoesische-salami","8":"product_cat-franzoesische-spezialitaeten","9":"product_cat-kaesewurst","10":"product_cat-luftgetrocknete-salami","12":"first","13":"instock","14":"taxable","15":"shipping-taxable","16":"purchasable","17":"product-type-simple"},"acf":[],"_links":{"self":[{"href":"https:\/\/monsieursaucisson.com\/de\/wp-json\/wp\/v2\/product\/779","targetHints":{"allow":["GET"]}}],"collection":[{"href":"https:\/\/monsieursaucisson.com\/de\/wp-json\/wp\/v2\/product"}],"about":[{"href":"https:\/\/monsieursaucisson.com\/de\/wp-json\/wp\/v2\/types\/product"}],"wp:featuredmedia":[{"embeddable":true,"href":"https:\/\/monsieursaucisson.com\/de\/wp-json\/wp\/v2\/media\/1016"}],"wp:attachment":[{"href":"https:\/\/monsieursaucisson.com\/de\/wp-json\/wp\/v2\/media?parent=779"}],"wp:term":[{"taxonomy":"product_brand","embeddable":true,"href":"https:\/\/monsieursaucisson.com\/de\/wp-json\/wp\/v2\/product_brand?post=779"},{"taxonomy":"product_cat","embeddable":true,"href":"https:\/\/monsieursaucisson.com\/de\/wp-json\/wp\/v2\/product_cat?post=779"},{"taxonomy":"product_tag","embeddable":true,"href":"https:\/\/monsieursaucisson.com\/de\/wp-json\/wp\/v2\/product_tag?post=779"}],"curies":[{"name":"wp","href":"https:\/\/api.w.org\/{rel}","templated":true}]}}