{"id":778,"date":"2021-02-10T15:39:57","date_gmt":"2021-02-10T14:39:57","guid":{"rendered":"https:\/\/monsieursaucisson.com\/nl\/product\/kaas-worst-met-le-montbrissonais\/"},"modified":"2026-04-28T15:44:42","modified_gmt":"2026-04-28T13:44:42","slug":"kaesewurst-le-montbrisonnais","status":"publish","type":"product","link":"https:\/\/monsieursaucisson.com\/de\/kaesewurst-le-montbrisonnais\/","title":{"rendered":"K\u00e4sewurst Le Montbrisonnais"},"content":{"rendered":"<h2>K\u00e4sewurst Le Montbrisonnais &#8211; Salami mit Blauschimmelk\u00e4se<\/h2>\n<p>Die K\u00e4sewurst mit Le Montbrisonnais ist eine einzigartige Kombination zwischen unserem eigenen Erzeuger, Maison Chillet, und dem K\u00e4sehersteller und -veredler Maison Mons. Le Montbrissonnais schmeckt wie ein cremiger Roquefort-K\u00e4se. In einer Wurst sind bis zu 12 % K\u00e4se enthalten. Das ist etwa das Vierfache der normalen Menge. Also perfekt f\u00fcr echte K\u00e4seliebhaber!<\/p>\n<p>Die W\u00fcrstchen wiegen jeweils zwischen 350 und 400 Gramm. Das ist mehr als das doppelte Gewicht einer normalen Salami. Vergessen Sie nicht, einen Blick auf unsere beiden anderen <a href=\"https:\/\/monsieursaucisson.com\/de\/kaesewurst\/\">neuen K\u00e4sew\u00fcrste<\/a> zu werfen.<\/p>\n","protected":false},"excerpt":{"rendered":"<p>Die K\u00e4sewurst Le Montbrisonnais ist eine einzigartige Kombination von Maison Chillet und dem K\u00e4seproduzenten und -veredler Maison Mons. Le Montbrisonnais schmeckt wie ein cremiger Roquefort und es werden mehr als 12% K\u00e4se in einer einzigen K\u00e4sewurst Le Montbrisonnais verarbeitet. Das ist etwa das Vierfache der normalen Menge.<\/p>\n<p>Und damit Sie lange genie\u00dfen k\u00f6nnen, gibt es direkt eine 350 &#8211; 400 g Salami &#8211; perfekt f\u00fcr echte K\u00e4seliebhaber!<\/p>\n","protected":false},"featured_media":1018,"template":"","meta":{"_acf_changed":false,"iawp_total_views":294,"editor_notices":[]},"product_brand":[],"product_cat":[15,82,86,308,81],"product_tag":[],"class_list":{"0":"post-778","1":"product","2":"type-product","3":"status-publish","4":"has-post-thumbnail","6":"product_cat-alle-produkte","7":"product_cat-franzoesische-salami","8":"product_cat-franzoesische-spezialitaeten","9":"product_cat-kaesewurst","10":"product_cat-luftgetrocknete-salami","12":"first","13":"instock","14":"taxable","15":"shipping-taxable","16":"purchasable","17":"product-type-simple"},"acf":[],"_links":{"self":[{"href":"https:\/\/monsieursaucisson.com\/de\/wp-json\/wp\/v2\/product\/778","targetHints":{"allow":["GET"]}}],"collection":[{"href":"https:\/\/monsieursaucisson.com\/de\/wp-json\/wp\/v2\/product"}],"about":[{"href":"https:\/\/monsieursaucisson.com\/de\/wp-json\/wp\/v2\/types\/product"}],"wp:featuredmedia":[{"embeddable":true,"href":"https:\/\/monsieursaucisson.com\/de\/wp-json\/wp\/v2\/media\/1018"}],"wp:attachment":[{"href":"https:\/\/monsieursaucisson.com\/de\/wp-json\/wp\/v2\/media?parent=778"}],"wp:term":[{"taxonomy":"product_brand","embeddable":true,"href":"https:\/\/monsieursaucisson.com\/de\/wp-json\/wp\/v2\/product_brand?post=778"},{"taxonomy":"product_cat","embeddable":true,"href":"https:\/\/monsieursaucisson.com\/de\/wp-json\/wp\/v2\/product_cat?post=778"},{"taxonomy":"product_tag","embeddable":true,"href":"https:\/\/monsieursaucisson.com\/de\/wp-json\/wp\/v2\/product_tag?post=778"}],"curies":[{"name":"wp","href":"https:\/\/api.w.org\/{rel}","templated":true}]}}