{"id":764,"date":"2020-10-30T11:59:19","date_gmt":"2020-10-30T10:59:19","guid":{"rendered":"https:\/\/monsieursaucisson.com\/nl\/product\/runderworst-olijf\/"},"modified":"2026-04-24T20:20:37","modified_gmt":"2026-04-24T18:20:37","slug":"rindersalami-mit-oliven","status":"publish","type":"product","link":"https:\/\/monsieursaucisson.com\/de\/rindersalami-mit-oliven\/","title":{"rendered":"Rindersalami mit Oliven"},"content":{"rendered":"<h2>Rindersalami mit Oliven &#8211;\u00a0franz\u00f6sisches Rindfleisch<\/h2>\n<p>Unsere k\u00f6stliche Rindersalami mit Oliven wird aus Putenfleisch und Rindfleisch hergestellt. Die Rindersalami mit Oliven enth\u00e4lt kein Schweinefleisch und ist f\u00fcr alle geeignet, die kein Schweinefleisch essen d\u00fcrfen oder m\u00f6chten. Bitte beachten Sie, dass es bei dieser Wurst ratsam ist, die Schale zu entfernen. Die Rindersalami mit Oliven ist sogar <a href=\"https:\/\/de.wikipedia.org\/wiki\/Hal%C4%81l#Zertifizierung\" target=\"_blank\" rel=\"noopener\"><strong>halal-zertifiziert<\/strong><\/a>. Eine 200 Gramm saftige Salami zum Reinbeissen!<\/p>\n<p>Unsere Halal-Produkte sind nur ein kleiner Teil unseres Sortiments. Es gibt noch viele andere leckere Wurstsorten, wie zum Beispiel unsere franz\u00f6sischen Salamis<strong>, <a href=\"https:\/\/monsieursaucisson.com\/de\/wurstpakete-und-geschenksets\/\">Wurstpakete<\/a><\/strong> oder die luftgetrockneter Schinken. Da ist f\u00fcr jeden Geschmack etwas dabei.<\/p>\n","protected":false},"excerpt":{"rendered":"<p>Sie m\u00f6gen kein Schweinefleisch? Dann ist die Rindersalami mit Oliven genau das Richtige f\u00fcr Sie, denn diese Salami besteht aus Rind- und Putenfleisch &#8211; verfeinert mit leckeren Oliven. Durch die Kombination der Fleischsorten bleibt die Wurst herrlich cremig. Ideal f\u00fcr alle, die kein Schweinefleisch essen k\u00f6nnen oder wollen.<\/p>\n<p>\u00dcbrigens: Diese Wurst ist auch <strong>Halal-zertifiziert <\/strong>und in verschiedenen Geschmacksrichtungen erh\u00e4ltlich. Diese k\u00f6stliche Komposition ist perfekt, wenn Sie einmal etwas anderes ausprobieren m\u00f6chten.<\/p>\n<p><strong>Wir wickeln die Wurst sorgf\u00e4ltig in Papier ein. Wenn die Wurst halal verpackt werden soll, k\u00f6nnen Sie dies in den Anmerkungen angeben.<\/strong><\/p>\n","protected":false},"featured_media":1013,"template":"","meta":{"_acf_changed":false,"iawp_total_views":1425,"editor_notices":[]},"product_brand":[],"product_cat":[15,82,83,351,81],"product_tag":[],"class_list":{"0":"post-764","1":"product","2":"type-product","3":"status-publish","4":"has-post-thumbnail","6":"product_cat-alle-produkte","7":"product_cat-franzoesische-salami","8":"product_cat-halal-salami-aus-rindfleisch","9":"product_cat-halal-wurst","10":"product_cat-luftgetrocknete-salami","12":"first","13":"instock","14":"taxable","15":"shipping-taxable","16":"purchasable","17":"product-type-simple"},"acf":[],"_links":{"self":[{"href":"https:\/\/monsieursaucisson.com\/de\/wp-json\/wp\/v2\/product\/764","targetHints":{"allow":["GET"]}}],"collection":[{"href":"https:\/\/monsieursaucisson.com\/de\/wp-json\/wp\/v2\/product"}],"about":[{"href":"https:\/\/monsieursaucisson.com\/de\/wp-json\/wp\/v2\/types\/product"}],"wp:featuredmedia":[{"embeddable":true,"href":"https:\/\/monsieursaucisson.com\/de\/wp-json\/wp\/v2\/media\/1013"}],"wp:attachment":[{"href":"https:\/\/monsieursaucisson.com\/de\/wp-json\/wp\/v2\/media?parent=764"}],"wp:term":[{"taxonomy":"product_brand","embeddable":true,"href":"https:\/\/monsieursaucisson.com\/de\/wp-json\/wp\/v2\/product_brand?post=764"},{"taxonomy":"product_cat","embeddable":true,"href":"https:\/\/monsieursaucisson.com\/de\/wp-json\/wp\/v2\/product_cat?post=764"},{"taxonomy":"product_tag","embeddable":true,"href":"https:\/\/monsieursaucisson.com\/de\/wp-json\/wp\/v2\/product_tag?post=764"}],"curies":[{"name":"wp","href":"https:\/\/api.w.org\/{rel}","templated":true}]}}