{"id":763,"date":"2020-10-30T11:59:17","date_gmt":"2020-10-30T10:59:17","guid":{"rendered":"https:\/\/monsieursaucisson.com\/nl\/product\/droge-worst-cantal-kaas\/"},"modified":"2026-04-30T22:50:44","modified_gmt":"2026-04-30T20:50:44","slug":"salami-mit-cantal-kaese","status":"publish","type":"product","link":"https:\/\/monsieursaucisson.com\/de\/salami-mit-cantal-kaese\/","title":{"rendered":"Franz\u00f6sische Salami mit Cantal-K\u00e4se"},"content":{"rendered":"<h2>Saucisson Cantal &#8211; Franz\u00f6sische Salami mit Cantal-K\u00e4se<\/h2>\n<p>Der Cantal-K\u00e4se ist ein altfranz\u00f6sischer Rohmilchk\u00e4se aus roher Kuhmilch &#8211; ein echtes St\u00fcck Frankreich, direkt aus der Auvergne. Die franz\u00f6sische Salami mit Cantal-K\u00e4se kombiniert zwei k\u00f6stliche Zuatten und ist sehr zu empfehlen! Eine k\u00f6stliche neue Geschmacksrichtung: eine luftgetrocknete Salami mit echtem franz\u00f6sischen Cantal-K\u00e4se. Der Cantal-K\u00e4se ist herrlich cremig und \u00e4hnelt ein wenig dem Cheddar &#8211; k\u00f6stlich mit einem guten Glas Rotwein oder mit Bier!<\/p>\n<p>&nbsp;<\/p>\n","protected":false},"excerpt":{"rendered":"<p>Eine k\u00f6stliche neue Geschmacksrichtung: Salami mit Cantal-K\u00e4se. Der franz\u00f6sische Cantal-K\u00e4se ist herrlich cremig und \u00e4hnelt ein wenig dem Cheddar. Kombiniert mit der Salami ergibt das einen cremigen und intensiven Geschmack. Auf jeden Fall zu empfehlen mit einem guten Glas Rotwein oder zu einem Bier!<\/p>\n<p>Diese Wurst ist an der weiss-lila Schnur zu erkennen.<\/p>\n","protected":false},"featured_media":974,"template":"","meta":{"_acf_changed":false,"iawp_total_views":128,"editor_notices":[]},"product_brand":[],"product_cat":[15,82,81,85],"product_tag":[],"class_list":{"0":"post-763","1":"product","2":"type-product","3":"status-publish","4":"has-post-thumbnail","6":"product_cat-alle-produkte","7":"product_cat-franzoesische-salami","8":"product_cat-luftgetrocknete-salami","9":"product_cat-saucisson-sec-franzosische-salami","11":"first","12":"instock","13":"taxable","14":"shipping-taxable","15":"purchasable","16":"product-type-simple"},"acf":[],"_links":{"self":[{"href":"https:\/\/monsieursaucisson.com\/de\/wp-json\/wp\/v2\/product\/763","targetHints":{"allow":["GET"]}}],"collection":[{"href":"https:\/\/monsieursaucisson.com\/de\/wp-json\/wp\/v2\/product"}],"about":[{"href":"https:\/\/monsieursaucisson.com\/de\/wp-json\/wp\/v2\/types\/product"}],"wp:featuredmedia":[{"embeddable":true,"href":"https:\/\/monsieursaucisson.com\/de\/wp-json\/wp\/v2\/media\/974"}],"wp:attachment":[{"href":"https:\/\/monsieursaucisson.com\/de\/wp-json\/wp\/v2\/media?parent=763"}],"wp:term":[{"taxonomy":"product_brand","embeddable":true,"href":"https:\/\/monsieursaucisson.com\/de\/wp-json\/wp\/v2\/product_brand?post=763"},{"taxonomy":"product_cat","embeddable":true,"href":"https:\/\/monsieursaucisson.com\/de\/wp-json\/wp\/v2\/product_cat?post=763"},{"taxonomy":"product_tag","embeddable":true,"href":"https:\/\/monsieursaucisson.com\/de\/wp-json\/wp\/v2\/product_tag?post=763"}],"curies":[{"name":"wp","href":"https:\/\/api.w.org\/{rel}","templated":true}]}}