{"id":761,"date":"2020-10-30T10:56:59","date_gmt":"2020-10-30T09:56:59","guid":{"rendered":"https:\/\/monsieursaucisson.com\/nl\/product\/feel-good-pakket\/"},"modified":"2026-04-06T20:52:30","modified_gmt":"2026-04-06T18:52:30","slug":"feel-good-paket","status":"publish","type":"product","link":"https:\/\/monsieursaucisson.com\/de\/feel-good-paket\/","title":{"rendered":"Feel Good Paket"},"content":{"rendered":"<h2>Feel Good Paket &#8211; das Wohlf\u00fchlpaket f\u00fcr Feinschmecker<\/h2>\n<p>Suchen Sie nicht l\u00e4nger nach etwas Besonderem f\u00fcr sich und Ihre G\u00e4ste. Wir haben alle leckeren Produkte in einem sch\u00f6nen Feel Good Paket f\u00fcr Sie zusammengestellt. Unser Feel Good Paket ist ein ideales Wurstpaket oder Geschenkset f\u00fcr verschiedene Anl\u00e4sse. Eine gute Flasche Wein oder ein besonderes Bier und alles ist komplett. Nat\u00fcrlich eignet es sich auch gut zum Verschenken.<\/p>\n","protected":false},"excerpt":{"rendered":"<p>Machen Sie sich und Ihren G\u00e4sten eine Freude. Wir haben f\u00fcr Sie leckere Produkte in einem sch\u00f6nen Wohlf\u00fchlpaket &#8222;Feel Good Paket&#8220; zusammengestellt. Mit diesem Feinschmecker-Paket erhalten Sie:<\/p>\n<ul>\n<li>3 franz\u00f6sische, luftgetrocknete Salamis: Naturel, Knoblauch und Blauschimmelk\u00e4se<\/li>\n<li>1 halber Schinken mit Pfeffer<\/li>\n<li>1 spanische Fuet Wurst<\/li>\n<li>1 Enten-Rillette<\/li>\n<li>1 B\u00fcndel mit Fag\u00f4t-W\u00fcrsten (8 St\u00fcck)<\/li>\n<li>1 Beutel mit Mini-Chorizos<\/li>\n<\/ul>\n<p>Unser Feel Good Paket ist ein perfektes Wurst- oder Geschenkset f\u00fcr verschiedene Gelegenheiten. Dazu noch eine gute Flasche Wein oder ein k\u00fchles Bier &#8211; und et voila! Nat\u00fcrlich eignet sich dieses Wurstpaket auch hervorragend als Geschenk oder Mitbringsel.<\/p>\n<p>&nbsp;<\/p>\n","protected":false},"featured_media":2129,"template":"","meta":{"_acf_changed":false,"iawp_total_views":745,"editor_notices":[]},"product_brand":[],"product_cat":[299,15],"product_tag":[],"class_list":{"0":"post-761","1":"product","2":"type-product","3":"status-publish","4":"has-post-thumbnail","6":"product_cat-wurstpakete-und-geschenksets","7":"product_cat-alle-produkte","9":"first","10":"instock","11":"taxable","12":"shipping-taxable","13":"purchasable","14":"product-type-simple"},"acf":[],"_links":{"self":[{"href":"https:\/\/monsieursaucisson.com\/de\/wp-json\/wp\/v2\/product\/761","targetHints":{"allow":["GET"]}}],"collection":[{"href":"https:\/\/monsieursaucisson.com\/de\/wp-json\/wp\/v2\/product"}],"about":[{"href":"https:\/\/monsieursaucisson.com\/de\/wp-json\/wp\/v2\/types\/product"}],"wp:featuredmedia":[{"embeddable":true,"href":"https:\/\/monsieursaucisson.com\/de\/wp-json\/wp\/v2\/media\/2129"}],"wp:attachment":[{"href":"https:\/\/monsieursaucisson.com\/de\/wp-json\/wp\/v2\/media?parent=761"}],"wp:term":[{"taxonomy":"product_brand","embeddable":true,"href":"https:\/\/monsieursaucisson.com\/de\/wp-json\/wp\/v2\/product_brand?post=761"},{"taxonomy":"product_cat","embeddable":true,"href":"https:\/\/monsieursaucisson.com\/de\/wp-json\/wp\/v2\/product_cat?post=761"},{"taxonomy":"product_tag","embeddable":true,"href":"https:\/\/monsieursaucisson.com\/de\/wp-json\/wp\/v2\/product_tag?post=761"}],"curies":[{"name":"wp","href":"https:\/\/api.w.org\/{rel}","templated":true}]}}