{"id":759,"date":"2020-10-30T11:56:59","date_gmt":"2020-10-30T10:56:59","guid":{"rendered":"https:\/\/monsieursaucisson.com\/nl\/product\/worst-met-pistache\/"},"modified":"2026-04-09T11:20:29","modified_gmt":"2026-04-09T09:20:29","slug":"pistazien-salami","status":"publish","type":"product","link":"https:\/\/monsieursaucisson.com\/de\/pistazien-salami\/","title":{"rendered":"Franz\u00f6sische Pistazien-Salami"},"content":{"rendered":"<h3>Franz\u00f6sische Pistazien-Salami &#8211; Saucisson aux pistache<\/h3>\n<p>Entdecken Sie unsere exklusive Saucisson: unsere Pistazien-Salami &#8211; eine klassische Rohwurst mit leckeren Pistazien. Diese gr\u00fcnen Pistazien sind <a href=\"https:\/\/www.focus.de\/gesundheit\/ernaehrung\/gut-fuer-die-gesundheit-darum-sollten-sie-pistazien-auf-dem-sofa-snacken_id_189543673.html#:~:text=Pistazien%20machen%20satt%20und%20halten,K%C3%B6rper%20mit%20Energie%20versorgt%20wird.\" target=\"_blank\" rel=\"noopener\">reich an Proteinen<\/a> und verleihen der weichen, franz\u00f6sischen Wurst eine herrlich knusprige Beschaffenheit. Bei jeder Scheibe kann die Anzahl der N\u00fcsse variieren, aber eines steht fest: Die Pistazien verleihen der Wurst einen nussigen Geschmack, der Ihre Sinne erfreuen wird.<\/p>\n<p>Egal ob Sie ein Feinschmecker sind oder einfach nur auf der Suche nach etwas Besonderem, probieren Sie unsere anderen <a href=\"https:\/\/monsieursaucisson.com\/de\/franzoesische-salami\/\">franz\u00f6sischen Salamis<\/a>, um Ihren Gaumen zu verw\u00f6hnen.<\/p>\n<p><em>Tipp: Probieren Sie Ihre Pistazien-Salami wenn diese etwas trockener ist, denn je trockener die Wurst, desto intensiver kommt der Pistaziengeschmack zur Geltung. Genie\u00dfen Sie die perfekte Kombination aus Tradition und Raffinesse.<\/em><\/p>\n<p>&nbsp;<\/p>\n","protected":false},"excerpt":{"rendered":"<p>Eine limitierte Auflage von Monsieur Saucisson.<\/p>\n<p>Die franz\u00f6sische Pistazien-Salami ist eine erstklassige Spezialit\u00e4t von Monsieur Saucisson. Die Pistazienwurstist eine klassische, naturbelassene Salami mit leckeren Pistazienst\u00fccken. Die gr\u00fcnen Pistazien sind reich an Eiwei\u00df und verleihen der\u00a0 franz\u00f6sischen Salami einen angenehmen Biss. Der Anteil der N\u00fcsse kann je nach Scheibe variieren.<\/p>\n<p>Die Pistazie verleiht der Rohwurst einen nussigen Geschmack. Die leckere Wurst ist an der schwarz-roten Schnur zu erkennen.<\/p>\n<p>&nbsp;<\/p>\n","protected":false},"featured_media":1000,"template":"","meta":{"_acf_changed":false,"iawp_total_views":263,"editor_notices":[]},"product_brand":[],"product_cat":[81,82,85,15],"product_tag":[],"class_list":{"0":"post-759","1":"product","2":"type-product","3":"status-publish","4":"has-post-thumbnail","6":"product_cat-luftgetrocknete-salami","7":"product_cat-franzoesische-salami","8":"product_cat-saucisson-sec-franzosische-salami","9":"product_cat-alle-produkte","11":"first","12":"instock","13":"taxable","14":"shipping-taxable","15":"purchasable","16":"product-type-simple"},"acf":[],"_links":{"self":[{"href":"https:\/\/monsieursaucisson.com\/de\/wp-json\/wp\/v2\/product\/759","targetHints":{"allow":["GET"]}}],"collection":[{"href":"https:\/\/monsieursaucisson.com\/de\/wp-json\/wp\/v2\/product"}],"about":[{"href":"https:\/\/monsieursaucisson.com\/de\/wp-json\/wp\/v2\/types\/product"}],"wp:featuredmedia":[{"embeddable":true,"href":"https:\/\/monsieursaucisson.com\/de\/wp-json\/wp\/v2\/media\/1000"}],"wp:attachment":[{"href":"https:\/\/monsieursaucisson.com\/de\/wp-json\/wp\/v2\/media?parent=759"}],"wp:term":[{"taxonomy":"product_brand","embeddable":true,"href":"https:\/\/monsieursaucisson.com\/de\/wp-json\/wp\/v2\/product_brand?post=759"},{"taxonomy":"product_cat","embeddable":true,"href":"https:\/\/monsieursaucisson.com\/de\/wp-json\/wp\/v2\/product_cat?post=759"},{"taxonomy":"product_tag","embeddable":true,"href":"https:\/\/monsieursaucisson.com\/de\/wp-json\/wp\/v2\/product_tag?post=759"}],"curies":[{"name":"wp","href":"https:\/\/api.w.org\/{rel}","templated":true}]}}