{"id":758,"date":"2020-10-30T11:56:58","date_gmt":"2020-10-30T10:56:58","guid":{"rendered":"https:\/\/monsieursaucisson.com\/nl\/product\/droge-worst-oude-kaas\/"},"modified":"2026-04-09T05:00:36","modified_gmt":"2026-04-09T03:00:36","slug":"salami-mit-altem-kaese","status":"publish","type":"product","link":"https:\/\/monsieursaucisson.com\/de\/salami-mit-altem-kaese\/","title":{"rendered":"Franz\u00f6sische Salami mit altem K\u00e4se"},"content":{"rendered":"<h2>Saucisson Old Cheese &#8211; Salami mit altem K\u00e4se<\/h2>\n<p>Wir von Monsieur Saucisson haben etwas ganz Besonderes f\u00fcr Sie auf Lager: eine Sonderausgabe unserer geliebten, luftgetrockneten Salami. Gemeinsam mit unseren franz\u00f6sischen Partnern haben wir das Beste aus beiden Welten kombiniert: die traditionsreiche,\u00a0 franz\u00f6sische Wurst und einen k\u00f6stlichen, niederl\u00e4ndischen gereiften K\u00e4se. Das Ergebnis ist eine Salami mit einem unvergleichlichen Geschmackserlebnis &#8211; die Salami mit altem K\u00e4se!<\/p>\n<p>Unter altem K\u00e4se versteht man K\u00e4se mit einer durchschnittlichen Reifezeit von 10 bis 12 Monaten. Alter K\u00e4se wird in verschiedenen Geschmacksrichtungen angeboten, wobei aufgrund der l\u00e4ngeren Reifezeit die Geschmacksrichtungen in pikant, w\u00fcrzig und sehr w\u00fcrzig eingeteilt werden k\u00f6nnen.<\/p>\n<p>Egal, ob Sie ein Feinschmecker sind oder einfach nur etwas Neues und Leckeres ausprobieren m\u00f6chten, unsere getrocknete Wurst mit altem holl\u00e4ndischen K\u00e4se wird Sie sicher begeistern.<\/p>\n<p>Monsieur Saucisson ist stolz darauf, Ihnen diese limitierte Edition anbieten zu k\u00f6nnen, damit Sie Ihre Gaumen mit dieser einzigartigen Delikatesse verw\u00f6hnen k\u00f6nnen. Probieren Sie noch heute die raffinierten Aromen von <a href=\"https:\/\/monsieursaucisson.com\/de\/\">Monsieur Saucisson<\/a>!<\/p>\n<p>&nbsp;<\/p>\n","protected":false},"excerpt":{"rendered":"<p>Franz\u00f6sische Salami mit altem K\u00e4se\u00a0 &#8211; eine limitierte Auflage von Monsieur Saucisson.<\/p>\n<p>Was diese Salami mit altem K\u00e4se so einzigartig macht, sind die St\u00fccke des holl\u00e4ndischem, gereiftem K\u00e4se in der Wurst. Mit jedem Bissen k\u00f6nnen Sie den intensiven Geschmack dieses K\u00e4ses genie\u00dfen. Diese einzigartige Kombination aus zartem Fleisch und altem K\u00e4se macht jedes St\u00fcck zu einem Erlebnis f\u00fcr sich.<\/p>\n<p>Der K\u00e4se kann in seiner Intensit\u00e4t variieren, so dass jeder Bissen ein Erlebnis ist. K\u00f6stlich mit einem guten Glas Rotwein! Diese Wurst ist an der blau-schwarzen Schnur zu erkennen.<\/p>\n","protected":false},"featured_media":999,"template":"","meta":{"_acf_changed":false,"iawp_total_views":181,"editor_notices":[]},"product_brand":[],"product_cat":[81,82,85,15],"product_tag":[],"class_list":{"0":"post-758","1":"product","2":"type-product","3":"status-publish","4":"has-post-thumbnail","6":"product_cat-luftgetrocknete-salami","7":"product_cat-franzoesische-salami","8":"product_cat-saucisson-sec-franzosische-salami","9":"product_cat-alle-produkte","11":"first","12":"outofstock","13":"taxable","14":"shipping-taxable","15":"purchasable","16":"product-type-simple"},"acf":[],"_links":{"self":[{"href":"https:\/\/monsieursaucisson.com\/de\/wp-json\/wp\/v2\/product\/758","targetHints":{"allow":["GET"]}}],"collection":[{"href":"https:\/\/monsieursaucisson.com\/de\/wp-json\/wp\/v2\/product"}],"about":[{"href":"https:\/\/monsieursaucisson.com\/de\/wp-json\/wp\/v2\/types\/product"}],"wp:featuredmedia":[{"embeddable":true,"href":"https:\/\/monsieursaucisson.com\/de\/wp-json\/wp\/v2\/media\/999"}],"wp:attachment":[{"href":"https:\/\/monsieursaucisson.com\/de\/wp-json\/wp\/v2\/media?parent=758"}],"wp:term":[{"taxonomy":"product_brand","embeddable":true,"href":"https:\/\/monsieursaucisson.com\/de\/wp-json\/wp\/v2\/product_brand?post=758"},{"taxonomy":"product_cat","embeddable":true,"href":"https:\/\/monsieursaucisson.com\/de\/wp-json\/wp\/v2\/product_cat?post=758"},{"taxonomy":"product_tag","embeddable":true,"href":"https:\/\/monsieursaucisson.com\/de\/wp-json\/wp\/v2\/product_tag?post=758"}],"curies":[{"name":"wp","href":"https:\/\/api.w.org\/{rel}","templated":true}]}}