{"id":756,"date":"2020-10-30T11:56:38","date_gmt":"2020-10-30T10:56:38","guid":{"rendered":"https:\/\/monsieursaucisson.com\/nl\/product\/tomaat-olijf-worst\/"},"modified":"2025-12-15T14:32:35","modified_gmt":"2025-12-15T13:32:35","slug":"salami-mit-tomate-und-oliven","status":"publish","type":"product","link":"https:\/\/monsieursaucisson.com\/de\/salami-mit-tomate-und-oliven\/","title":{"rendered":"Franz\u00f6sische Salami mit Tomate und Oliven"},"content":{"rendered":"<h2>Salami mit Tomate und Oliven &#8211; Saucisson tomates &amp; olives<\/h2>\n<p>Sie suchen nach einer schmackhaften Erg\u00e4nzung f\u00fcr Ihre Wurstplatte oder Ihr Abendbrot? Entdecken Sie unsere unwiderstehliche, luftgetrocknete Salami mit Tomate und Olive. Diese franz\u00f6sische Delikatesse verspricht ein exotisches Geschmackserlebnis mit einem herrlich kr\u00e4ftigen Aroma. Bei Monsieur Saucisson wissen wir, dass der wahre Geschmack im Detail liegt, und diese Wurst ist da keine Ausnahme.<\/p>\n<p>Mit einer einzigartigen Komposition aus sonnengetrockneten Tomaten und gr\u00fcnen Oliven ist diese Rohwurst ein Meisterwerk. Die Tomaten verleihen der Salami einen Hauch von s\u00fc\u00dfer Intensit\u00e4t, w\u00e4hrend die Oliven ihr etwas W\u00fcrziges einhauchen. Zusammen ergeben sie eine Geschmacksharmonie, die Ihre Sinne verzaubern wird.<\/p>\n<p>Egal, ob Sie ein Kenner von franz\u00f6sischen Spezialit\u00e4ten sind oder einfach nur auf der Suche nach etwas Besonderem sind, um Ihre G\u00e4ste zu verw\u00f6hnen, unsere Salami mit Tomate und Oliven ist ein absolutes Muss! Bringen Sie mit dieser kulinarischen Speise einen Hauch von mediterranem Flair in Ihre Zuhause. Schmecken Sie die Leidenschaft und die Perfektion. Monsieur Saucisson, Ihr Partner f\u00fcr geschmackvolle Momente.<\/p>\n<p>Die Salami mit Tomate und Oliven ist Ihnen nicht genug? Dann schauen Sie gleich mal bei unserem <a href=\"https:\/\/monsieursaucisson.com\/de\/wurst-abonnement\/\"><strong>Wurst-Abonnement<\/strong><\/a> rein!<\/p>\n","protected":false},"excerpt":{"rendered":"<p>Diese franz\u00f6sische Salami mit Tomate und Oliven hat einen k\u00f6stlichen, mediterranen Geschmack. Diese Salami pa\u00dft perfekt zu Getr\u00e4nken und auf Pizzas! Diese luftgetrocknete Salami bietet Ihnen eine Geschmackskombination der besonderen Art!<\/p>\n<p>Diese leckere Salami mit sonnengereiften Tomaten ud gr\u00fcnen Oliven ist an der gr\u00fcn-roten Schnur zu erkennen.<\/p>\n<p>&nbsp;<\/p>\n","protected":false},"featured_media":998,"template":"","meta":{"_acf_changed":false,"iawp_total_views":78,"editor_notices":[]},"product_brand":[],"product_cat":[81,82,85,15],"product_tag":[],"class_list":{"0":"post-756","1":"product","2":"type-product","3":"status-publish","4":"has-post-thumbnail","6":"product_cat-luftgetrocknete-salami","7":"product_cat-franzoesische-salami","8":"product_cat-saucisson-sec-franzosische-salami","9":"product_cat-alle-produkte","11":"first","12":"outofstock","13":"taxable","14":"shipping-taxable","15":"purchasable","16":"product-type-simple"},"acf":[],"_links":{"self":[{"href":"https:\/\/monsieursaucisson.com\/de\/wp-json\/wp\/v2\/product\/756","targetHints":{"allow":["GET"]}}],"collection":[{"href":"https:\/\/monsieursaucisson.com\/de\/wp-json\/wp\/v2\/product"}],"about":[{"href":"https:\/\/monsieursaucisson.com\/de\/wp-json\/wp\/v2\/types\/product"}],"wp:featuredmedia":[{"embeddable":true,"href":"https:\/\/monsieursaucisson.com\/de\/wp-json\/wp\/v2\/media\/998"}],"wp:attachment":[{"href":"https:\/\/monsieursaucisson.com\/de\/wp-json\/wp\/v2\/media?parent=756"}],"wp:term":[{"taxonomy":"product_brand","embeddable":true,"href":"https:\/\/monsieursaucisson.com\/de\/wp-json\/wp\/v2\/product_brand?post=756"},{"taxonomy":"product_cat","embeddable":true,"href":"https:\/\/monsieursaucisson.com\/de\/wp-json\/wp\/v2\/product_cat?post=756"},{"taxonomy":"product_tag","embeddable":true,"href":"https:\/\/monsieursaucisson.com\/de\/wp-json\/wp\/v2\/product_tag?post=756"}],"curies":[{"name":"wp","href":"https:\/\/api.w.org\/{rel}","templated":true}]}}