{"id":755,"date":"2020-10-30T11:56:37","date_gmt":"2020-10-30T10:56:37","guid":{"rendered":"https:\/\/monsieursaucisson.com\/nl\/product\/rode-wijn-en-sjalot\/"},"modified":"2026-04-07T19:01:54","modified_gmt":"2026-04-07T17:01:54","slug":"rotwein-und-schalotten-salami","status":"publish","type":"product","link":"https:\/\/monsieursaucisson.com\/de\/rotwein-und-schalotten-salami\/","title":{"rendered":"Franz\u00f6sische Rotwein und Schalotten Salami"},"content":{"rendered":"<h2>Saucisson au vin et echalotes &#8211; Franz\u00f6sische Rotwein und Schalotten Salami<\/h2>\n<p>(Rot-)Wein und diese luftgetrocknete Salami sind untrennbar miteinander verbunden. Wir haben das Beste aus beiden Welten kombiniert: Salami mit Rotwein und Schalotten. Der Rotwein in der Wurst sorgt f\u00fcr einen k\u00f6stlichen und subtilen Geschmack, der durch eine gebratene Schalotte bereichert wird. Diese franz\u00f6sische Rotwein und Schalotten Salami hat durch die Schalotte einen kr\u00e4ftigeren Geschmack. Diese franz\u00f6sische Rohwurst macht eine gute Figur auf einem Tapas-Brett und ist hervorragend geeignet zu einem sch\u00f6nen Glas Rotwein oder einem guten Starkbier.<\/p>\n","protected":false},"excerpt":{"rendered":"<p>Die franz\u00f6sische Rotwein und Schalotten Salami vereint das Beste aus zwei Welten: Wein und franz\u00f6sische Salami. Wir haben sie zu einem einzigartigen Geschmackserlebnis kombiniert. Die Schalotte verleiht der Salami einen kr\u00e4ftigen Geschmack. Angereichert mit einem subtilen Geschmack des Rotweins. K\u00f6stlich vor dem Kamin! Nat\u00fcrlich pa\u00dft diese Salami auch gut zu einem guten Glas Bier.<\/p>\n<p>Diese Wurst ist an der dunkelgrauen Schnur zu erkennen.<\/p>\n","protected":false},"featured_media":973,"template":"","meta":{"_acf_changed":false,"iawp_total_views":169,"editor_notices":[]},"product_brand":[],"product_cat":[81,82,85,15],"product_tag":[],"class_list":{"0":"post-755","1":"product","2":"type-product","3":"status-publish","4":"has-post-thumbnail","6":"product_cat-luftgetrocknete-salami","7":"product_cat-franzoesische-salami","8":"product_cat-saucisson-sec-franzosische-salami","9":"product_cat-alle-produkte","11":"first","12":"instock","13":"taxable","14":"shipping-taxable","15":"purchasable","16":"product-type-simple"},"acf":[],"_links":{"self":[{"href":"https:\/\/monsieursaucisson.com\/de\/wp-json\/wp\/v2\/product\/755","targetHints":{"allow":["GET"]}}],"collection":[{"href":"https:\/\/monsieursaucisson.com\/de\/wp-json\/wp\/v2\/product"}],"about":[{"href":"https:\/\/monsieursaucisson.com\/de\/wp-json\/wp\/v2\/types\/product"}],"wp:featuredmedia":[{"embeddable":true,"href":"https:\/\/monsieursaucisson.com\/de\/wp-json\/wp\/v2\/media\/973"}],"wp:attachment":[{"href":"https:\/\/monsieursaucisson.com\/de\/wp-json\/wp\/v2\/media?parent=755"}],"wp:term":[{"taxonomy":"product_brand","embeddable":true,"href":"https:\/\/monsieursaucisson.com\/de\/wp-json\/wp\/v2\/product_brand?post=755"},{"taxonomy":"product_cat","embeddable":true,"href":"https:\/\/monsieursaucisson.com\/de\/wp-json\/wp\/v2\/product_cat?post=755"},{"taxonomy":"product_tag","embeddable":true,"href":"https:\/\/monsieursaucisson.com\/de\/wp-json\/wp\/v2\/product_tag?post=755"}],"curies":[{"name":"wp","href":"https:\/\/api.w.org\/{rel}","templated":true}]}}