{"id":751,"date":"2020-10-30T11:56:36","date_gmt":"2020-10-30T10:56:36","guid":{"rendered":"https:\/\/monsieursaucisson.com\/nl\/product\/runderworst-naturel\/"},"modified":"2026-04-03T23:29:33","modified_gmt":"2026-04-03T21:29:33","slug":"rindersalami-natur","status":"publish","type":"product","link":"https:\/\/monsieursaucisson.com\/de\/rindersalami-natur\/","title":{"rendered":"Rindersalami Natur"},"content":{"rendered":"<h2>Rindersalami Natur &#8211; franz\u00f6sisches Rindfleisch<\/h2>\n<p>Unsere Rindersalami Natur wird aus Putenfleisch und Rindfleisch hergestellt &#8211; enth\u00e4lt also kein Schweinefleisch und ist f\u00fcr alle geeignet, die kein Schweinefleisch essen d\u00fcrfen oder m\u00f6chten. Bitte beachten Sie, dass es bei dieser Wurst ratsam ist, die Schale zu entfernen. Die Rindersalami Natur ist sogar <a href=\"https:\/\/de.wikipedia.org\/wiki\/Hal%C4%81l#Zertifizierung\" target=\"_blank\" rel=\"noopener\"><strong>halal-zertifiziert<\/strong><\/a> und eine 200 Gramm saftige Salami zum Reinbeissen!<\/p>\n<p>Unsere Halal-Produkte sind nur ein kleiner Teil unseres Sortiments. Es gibt noch viele andere leckere Wurstsorten, wie zum Beispiel unsere franz\u00f6sischen Salamis, Wurstpakete oder die luftgetrockneter Schinken. Da ist f\u00fcr jeden Geschmack etwas dabei. Lernen Sie usnere anderen <a href=\"https:\/\/monsieursaucisson.com\/de\/halal-salami-aus-rindfleisch\/\"><strong>Rindersalamis<\/strong><\/a> kennen und probieren Sie diese auch. Sie werden es nicht bereuen!<\/p>\n","protected":false},"excerpt":{"rendered":"<p>Sie m\u00f6gen kein Schweinefleisch?! Dann ist die Rindersalami naturell perfekt f\u00fcr Sie, denn diese Salami besteht aus Puten- und Rindfleisch \u2013 verfeinert mit herrlichen Kr\u00e4utern. Durch die Mischung der Fleischsorten bleibt diese Wurst herrlich cremig. Ein Muss f\u00fcr Menschen, die kein Schweinefleisch essen k\u00f6nnen oder wollen.<\/p>\n<p>\u00dcbrigens: Diese Wurst ist auch <strong>Halal-zertifiziert <\/strong>und in verschiedenen Geschmacksrichtungen erh\u00e4ltlich. Diese k\u00f6stliche Komposition ist perfekt, wenn Sie einmal etwas anderes ausprobieren m\u00f6chten.<\/p>\n<p><strong>Wir wickeln die Wurst sorgf\u00e4ltig in Papier ein. Wenn die Wurst halal verpackt werden soll, k\u00f6nnen Sie dies in den Anmerkungen angeben.<\/strong><\/p>\n","protected":false},"featured_media":1011,"template":"","meta":{"_acf_changed":false,"iawp_total_views":3088,"editor_notices":[]},"product_brand":[],"product_cat":[15,82,83,351,81],"product_tag":[],"class_list":{"0":"post-751","1":"product","2":"type-product","3":"status-publish","4":"has-post-thumbnail","6":"product_cat-alle-produkte","7":"product_cat-franzoesische-salami","8":"product_cat-halal-salami-aus-rindfleisch","9":"product_cat-halal-wurst","10":"product_cat-luftgetrocknete-salami","12":"first","13":"instock","14":"taxable","15":"shipping-taxable","16":"purchasable","17":"product-type-simple"},"acf":[],"_links":{"self":[{"href":"https:\/\/monsieursaucisson.com\/de\/wp-json\/wp\/v2\/product\/751","targetHints":{"allow":["GET"]}}],"collection":[{"href":"https:\/\/monsieursaucisson.com\/de\/wp-json\/wp\/v2\/product"}],"about":[{"href":"https:\/\/monsieursaucisson.com\/de\/wp-json\/wp\/v2\/types\/product"}],"wp:featuredmedia":[{"embeddable":true,"href":"https:\/\/monsieursaucisson.com\/de\/wp-json\/wp\/v2\/media\/1011"}],"wp:attachment":[{"href":"https:\/\/monsieursaucisson.com\/de\/wp-json\/wp\/v2\/media?parent=751"}],"wp:term":[{"taxonomy":"product_brand","embeddable":true,"href":"https:\/\/monsieursaucisson.com\/de\/wp-json\/wp\/v2\/product_brand?post=751"},{"taxonomy":"product_cat","embeddable":true,"href":"https:\/\/monsieursaucisson.com\/de\/wp-json\/wp\/v2\/product_cat?post=751"},{"taxonomy":"product_tag","embeddable":true,"href":"https:\/\/monsieursaucisson.com\/de\/wp-json\/wp\/v2\/product_tag?post=751"}],"curies":[{"name":"wp","href":"https:\/\/api.w.org\/{rel}","templated":true}]}}