{"id":750,"date":"2020-10-30T10:56:36","date_gmt":"2020-10-30T09:56:36","guid":{"rendered":"https:\/\/monsieursaucisson.com\/nl\/product\/i-want-them-all-droge-worst-pakket\/"},"modified":"2025-05-06T14:06:55","modified_gmt":"2025-05-06T12:06:55","slug":"ich-will-sie-alle-paket","status":"publish","type":"product","link":"https:\/\/monsieursaucisson.com\/de\/ich-will-sie-alle-paket\/","title":{"rendered":"&#8222;Ich will sie alle&#8220; Paket"},"content":{"rendered":"<h2>Ich will sie alle &#8211; Paket &#8211; 30 W\u00fcrste!<\/h2>\n<p>Sie k\u00f6nnen sich wirklich nicht entscheiden? Und Sie wollen wirklich alles aus unserem Sortiment probieren? Dann ist das &#8222;Ich will sie alle&#8220; Paket genau das richtige Wurstpaket f\u00fcr Sie. Das Wurstpaket &#8222;Ich will sie alle&#8220; enth\u00e4lt 30 verschiedene Geschmacksrichtungen aus unserem Wurst-Sortiment. Genie\u00dfen Sie luftgetrocknete Wurst-Spezialit\u00e4ten von s\u00fc\u00df bis w\u00fcrzig, mit Nuss, mit K\u00e4se, mit Oliven, mit\u00a0 Wildgeschmack und so weiter!<\/p>\n","protected":false},"excerpt":{"rendered":"<p>Sie k\u00f6nnen sich wirklich nicht entscheiden! Und Sie wollen wirklich alles aus unserem Sortiment probieren? Dann ist das Ich will sie alle &#8211; Paket genau das Richtige f\u00fcr Sie.<\/p>\n<p>Das Ich will sie alle &#8211; Paket enth\u00e4lt <strong>30<\/strong> Geschmacksrichtungen aus unserem Sortiment &#8211; von s\u00fc\u00df bis pikant, mit Nuss, mit K\u00e4se, mit Oliven, Wildgeschmack und so weiter!<\/p>\n<p>Unverpackt sind die W\u00fcrstchen circa 2 Monate haltbar. Um die beste Qualit\u00e4t zu erhalten, sollten Sie die W\u00fcrstchen nach Erhalt aus der Verpackung nehmen!<\/p>\n","protected":false},"featured_media":1093,"template":"","meta":{"_acf_changed":false,"iawp_total_views":1204,"editor_notices":[]},"product_brand":[],"product_cat":[299,15],"product_tag":[],"class_list":{"0":"post-750","1":"product","2":"type-product","3":"status-publish","4":"has-post-thumbnail","6":"product_cat-wurstpakete-und-geschenksets","7":"product_cat-alle-produkte","9":"first","10":"instock","11":"taxable","12":"shipping-taxable","13":"purchasable","14":"product-type-simple"},"acf":[],"_links":{"self":[{"href":"https:\/\/monsieursaucisson.com\/de\/wp-json\/wp\/v2\/product\/750","targetHints":{"allow":["GET"]}}],"collection":[{"href":"https:\/\/monsieursaucisson.com\/de\/wp-json\/wp\/v2\/product"}],"about":[{"href":"https:\/\/monsieursaucisson.com\/de\/wp-json\/wp\/v2\/types\/product"}],"wp:featuredmedia":[{"embeddable":true,"href":"https:\/\/monsieursaucisson.com\/de\/wp-json\/wp\/v2\/media\/1093"}],"wp:attachment":[{"href":"https:\/\/monsieursaucisson.com\/de\/wp-json\/wp\/v2\/media?parent=750"}],"wp:term":[{"taxonomy":"product_brand","embeddable":true,"href":"https:\/\/monsieursaucisson.com\/de\/wp-json\/wp\/v2\/product_brand?post=750"},{"taxonomy":"product_cat","embeddable":true,"href":"https:\/\/monsieursaucisson.com\/de\/wp-json\/wp\/v2\/product_cat?post=750"},{"taxonomy":"product_tag","embeddable":true,"href":"https:\/\/monsieursaucisson.com\/de\/wp-json\/wp\/v2\/product_tag?post=750"}],"curies":[{"name":"wp","href":"https:\/\/api.w.org\/{rel}","templated":true}]}}