{"id":749,"date":"2020-10-30T11:55:40","date_gmt":"2020-10-30T10:55:40","guid":{"rendered":"https:\/\/monsieursaucisson.com\/nl\/product\/chorizo-worst\/"},"modified":"2026-04-03T00:00:24","modified_gmt":"2026-04-02T22:00:24","slug":"chorizo-salami","status":"publish","type":"product","link":"https:\/\/monsieursaucisson.com\/de\/chorizo-salami\/","title":{"rendered":"Franz\u00f6sische Chorizo Salami"},"content":{"rendered":"<h2>Saucisson Chorizo &#8211; Franz\u00f6sische Chorizo Salami<\/h2>\n<p>Die Chorizo Salami ist eine franz\u00f6sische, luftgetrocknete Rohwurst mit spanischer Seele. Die Chorizo Salami hat einen angenehm w\u00fcrzigen und aromatischen Geschmack und ist unverwechselbar an ihrer roten Farbe zu erkennen. Aromen von Paprika spiegeln sich in dieser Wurst wieder und die franz\u00f6sische Chorizo Salami ist etwas trockener, mit weniger Fett, als eine normale Chorizo. Sie k\u00f6nnen diese Chorizo-Wurst problemlos zu Gerichten hinzuf\u00fcgen.\u00a0 Es wird empfohlen die Chorizo nur aufzuw\u00e4rmen udn am Ende zuzuf\u00fcgen &#8211; f\u00fcr einen &#8222;ordentlichen Biss&#8220;. Wollen Sie Ihre Chorizo Wurst lieber braten wollen, empfehlen wir Ihnen die <a href=\"https:\/\/www.monsieursaucisson.com\/de\/chorizo-doux-worst\/\">Chorizo doux<\/a> aus unserem Sortiment.<\/p>\n","protected":false},"excerpt":{"rendered":"<p>Die Chorizo Salami ist eine franz\u00f6sische, luftgetrocknete Rohwurst mit spanischer Seele. Die Chorizo Salami hat einen angenehm w\u00fcrzigen und aromatischen Geschmack und ist unverwechselbar an ihrer roten Farbe zu erkennen.<\/p>\n<p>Diese Wurst ist an der roten Schnur zu erkennen.<\/p>\n<p>&nbsp;<\/p>\n","protected":false},"featured_media":1106,"template":"","meta":{"_acf_changed":false,"iawp_total_views":718,"editor_notices":[]},"product_brand":[],"product_cat":[81,82,85,15],"product_tag":[],"class_list":{"0":"post-749","1":"product","2":"type-product","3":"status-publish","4":"has-post-thumbnail","6":"product_cat-luftgetrocknete-salami","7":"product_cat-franzoesische-salami","8":"product_cat-saucisson-sec-franzosische-salami","9":"product_cat-alle-produkte","11":"first","12":"instock","13":"taxable","14":"shipping-taxable","15":"purchasable","16":"product-type-simple"},"acf":[],"_links":{"self":[{"href":"https:\/\/monsieursaucisson.com\/de\/wp-json\/wp\/v2\/product\/749","targetHints":{"allow":["GET"]}}],"collection":[{"href":"https:\/\/monsieursaucisson.com\/de\/wp-json\/wp\/v2\/product"}],"about":[{"href":"https:\/\/monsieursaucisson.com\/de\/wp-json\/wp\/v2\/types\/product"}],"wp:featuredmedia":[{"embeddable":true,"href":"https:\/\/monsieursaucisson.com\/de\/wp-json\/wp\/v2\/media\/1106"}],"wp:attachment":[{"href":"https:\/\/monsieursaucisson.com\/de\/wp-json\/wp\/v2\/media?parent=749"}],"wp:term":[{"taxonomy":"product_brand","embeddable":true,"href":"https:\/\/monsieursaucisson.com\/de\/wp-json\/wp\/v2\/product_brand?post=749"},{"taxonomy":"product_cat","embeddable":true,"href":"https:\/\/monsieursaucisson.com\/de\/wp-json\/wp\/v2\/product_cat?post=749"},{"taxonomy":"product_tag","embeddable":true,"href":"https:\/\/monsieursaucisson.com\/de\/wp-json\/wp\/v2\/product_tag?post=749"}],"curies":[{"name":"wp","href":"https:\/\/api.w.org\/{rel}","templated":true}]}}