{"id":748,"date":"2020-10-30T11:55:39","date_gmt":"2020-10-30T10:55:39","guid":{"rendered":"https:\/\/monsieursaucisson.com\/nl\/product\/piment-despelette-worst\/"},"modified":"2026-04-18T14:30:36","modified_gmt":"2026-04-18T12:30:36","slug":"piment-despelette-salami","status":"publish","type":"product","link":"https:\/\/monsieursaucisson.com\/de\/piment-despelette-salami\/","title":{"rendered":"Piment d&#8217;Espelette Salami"},"content":{"rendered":"<h2>Piment d&#8217;Espelette Salami &#8211; franz\u00f6sische Salami mit Chilischote<\/h2>\n<p><em>Die Piment d&#8217;Espelette Salami (Saucisson piment d&#8217;Espelette) ist eine wahre Geschmacksexplosion<\/em>. Diese Saucisson zeichnet sich durch ihren kr\u00e4ftigen und w\u00fcrzigen Charakter aus. Schon beim ersten Biss \u00fcberrascht diese Wurst mit einem tiefen und intensiven Geschmack und endet mit einem aufregenden w\u00fcrzigen Nachgeschmack. Diese Wurst ist ein echtes Erlebnis und eine perfekte Erg\u00e4nzung f\u00fcr Ihre Festtafel. Sie schmeckt nicht nur zu einem erfrischenden Bier, sondern wird auch die Gaumen all Ihrer G\u00e4ste verf\u00fchren.<\/p>\n<p>Wir von Monsieur Saucisson wissen, dass es bei einer guten Wurstplatte darauf ankommt, hochwertige und authentische Produkte auszuw\u00e4hlen. Unsere Piment d&#8217;Espelette-Wurst ist ein perfektes Beispiel daf\u00fcr. Wir bem\u00fchen uns, Ihnen die frischesten und schmackhaftesten Delikatessen anzubieten, damit Sie jeden Moment mit Freunden und Familie zu einem besonderen Anlass machen k\u00f6nnen.<\/p>\n<p>Unsere Rohw\u00fcrste werden sorgf\u00e4ltig ausgew\u00e4hlt und mit Leidenschaft zubereitet, damit Sie den reinen Geschmack der franz\u00f6sischen Delikatessen und Traditionen genie\u00dfen k\u00f6nnen. Mit Monsieur Saucisson bringen Sie ein St\u00fcck Frankreich auf Ihren Tisch. Probieren Sie noch heute unsere Piment d&#8217;Espelette-Saucisson und erleben Sie die herrlich kr\u00e4ftige und w\u00fcrzige Delikatesse.<\/p>\n<h3><\/h3>\n","protected":false},"excerpt":{"rendered":"<p>Die Piment d&#8217;Espelette Salami ist eine scharfe und w\u00fcrzige Wurst, mit einen kr\u00e4ftigen Geschmack. Vom ersten, vollmundigen Bissen bis zum w\u00fcrzigen Nachgeschmack am Ende &#8211; ist die Piment d&#8217;Espelette Salami einfach nur g\u00f6ttlich! Und, k\u00f6stlich mit einem Schluck Bier!<\/p>\n<p>Piment d&#8217;Espelette wird aus <a href=\"https:\/\/de.wikipedia.org\/wiki\/Gorria\" target=\"_blank\" rel=\"noopener\">Gorriaschoten<\/a> gewonnen, die Seeleute im 16. Jahrhundert aus S\u00fcdamerika nach Frankreich brachten.<\/p>\n<p>Diese Wurst ist an der gr\u00fcnen Schnur zu erkennen.<\/p>\n","protected":false},"featured_media":994,"template":"","meta":{"_acf_changed":false,"iawp_total_views":234,"editor_notices":[]},"product_brand":[],"product_cat":[15,82,81,85],"product_tag":[],"class_list":{"0":"post-748","1":"product","2":"type-product","3":"status-publish","4":"has-post-thumbnail","6":"product_cat-alle-produkte","7":"product_cat-franzoesische-salami","8":"product_cat-luftgetrocknete-salami","9":"product_cat-saucisson-sec-franzosische-salami","11":"first","12":"instock","13":"taxable","14":"shipping-taxable","15":"purchasable","16":"product-type-simple"},"acf":[],"_links":{"self":[{"href":"https:\/\/monsieursaucisson.com\/de\/wp-json\/wp\/v2\/product\/748","targetHints":{"allow":["GET"]}}],"collection":[{"href":"https:\/\/monsieursaucisson.com\/de\/wp-json\/wp\/v2\/product"}],"about":[{"href":"https:\/\/monsieursaucisson.com\/de\/wp-json\/wp\/v2\/types\/product"}],"wp:featuredmedia":[{"embeddable":true,"href":"https:\/\/monsieursaucisson.com\/de\/wp-json\/wp\/v2\/media\/994"}],"wp:attachment":[{"href":"https:\/\/monsieursaucisson.com\/de\/wp-json\/wp\/v2\/media?parent=748"}],"wp:term":[{"taxonomy":"product_brand","embeddable":true,"href":"https:\/\/monsieursaucisson.com\/de\/wp-json\/wp\/v2\/product_brand?post=748"},{"taxonomy":"product_cat","embeddable":true,"href":"https:\/\/monsieursaucisson.com\/de\/wp-json\/wp\/v2\/product_cat?post=748"},{"taxonomy":"product_tag","embeddable":true,"href":"https:\/\/monsieursaucisson.com\/de\/wp-json\/wp\/v2\/product_tag?post=748"}],"curies":[{"name":"wp","href":"https:\/\/api.w.org\/{rel}","templated":true}]}}