{"id":740,"date":"2020-10-30T10:52:13","date_gmt":"2020-10-30T09:52:13","guid":{"rendered":"https:\/\/monsieursaucisson.com\/nl\/product\/opinel-zakmes\/"},"modified":"2026-03-29T22:41:00","modified_gmt":"2026-03-29T20:41:00","slug":"opinel-taschenmesser","status":"publish","type":"product","link":"https:\/\/monsieursaucisson.com\/de\/opinel-taschenmesser\/","title":{"rendered":"Opinel-Taschenmesser"},"content":{"rendered":"<h2>Das Opinel-Taschenmesser &#8211; Ein echtes Universalmesser f\u00fcr den t\u00e4glichen Gebrauch<\/h2>\n<p>Dieses Taschenmesser von Opinel ist bei unserer Salami unverzichtbar. Das Opinel-Messer ist dauerhaft scharf und das bedeutet, dass Sie sch\u00f6ne d\u00fcnne Scheiben von Wurst schneiden k\u00f6nnen &#8211; und das f\u00fcr eine sehr lange Zeit. Wir sagen immer:&#8220;Je d\u00fcnner die Wurst, desto leckerer!&#8220;<\/p>\n<p>Dank des schlanken und abgerundeten Griffs aus Bubingaholz liegt das federleichte Opinel-Messer gut in der Hand. Der zuverl\u00e4ssige Virobloc-Verschluss sorgt daf\u00fcr, dass das Opinel-Messer sowohl im ge\u00f6ffneten als auch im geschlossenen Zustand verriegelt ist. Das Opinel-Taschenmesser ist, einschlie\u00dflich der 8 cm langen Klinge, nur 11 cm lang und wiegt nur ca. 44 g.<\/p>\n<p>Und wer ganz clever ist, guckt kurz in unsere <a href=\"https:\/\/monsieursaucisson.com\/de\/non-food\/\">Non-Food-Kategorie<\/a> f\u00fcr ein Holzschneidebrett. Und, et voila&#8230; die Geschenksuche ist erstmal klar.<\/p>\n","protected":false},"excerpt":{"rendered":"<p>Dieses Opinel-Messer ist bei unserer Salami unverzichtbar. Das Opinel-Taschenmesser ist dauerhaft scharf und Sie k\u00f6nenn sehr lange, sehr d\u00fcnne Wurstscheiben schneiden &#8211; je d\u00fcnner die Wurst, desto leckerer! Das leichte Opinel-Taschenmesser liegt dank des runden Griffs aus Bubinga angenehm in der Hand. Der zuverl\u00e4ssige Virobloc-Verschluss sorgt daf\u00fcr, dass das Messer sowohl beim \u00d6ffnen als auch beim Schlie\u00dfen verriegelt ist.<\/p>\n<p>In Frankreich ist das Opinel-Messer ein Klassiker der Alltagskultur. Und, in Deutschland immer ein Knaller zum Vatertag!<\/p>\n","protected":false},"featured_media":1560,"template":"","meta":{"_acf_changed":false,"iawp_total_views":225,"editor_notices":[]},"product_brand":[],"product_cat":[322,309,15],"product_tag":[],"class_list":{"0":"post-740","1":"product","2":"type-product","3":"status-publish","4":"has-post-thumbnail","6":"product_cat-non-food","7":"product_cat-delikatessen","8":"product_cat-alle-produkte","10":"first","11":"instock","12":"taxable","13":"shipping-taxable","14":"purchasable","15":"product-type-simple"},"acf":[],"_links":{"self":[{"href":"https:\/\/monsieursaucisson.com\/de\/wp-json\/wp\/v2\/product\/740","targetHints":{"allow":["GET"]}}],"collection":[{"href":"https:\/\/monsieursaucisson.com\/de\/wp-json\/wp\/v2\/product"}],"about":[{"href":"https:\/\/monsieursaucisson.com\/de\/wp-json\/wp\/v2\/types\/product"}],"wp:featuredmedia":[{"embeddable":true,"href":"https:\/\/monsieursaucisson.com\/de\/wp-json\/wp\/v2\/media\/1560"}],"wp:attachment":[{"href":"https:\/\/monsieursaucisson.com\/de\/wp-json\/wp\/v2\/media?parent=740"}],"wp:term":[{"taxonomy":"product_brand","embeddable":true,"href":"https:\/\/monsieursaucisson.com\/de\/wp-json\/wp\/v2\/product_brand?post=740"},{"taxonomy":"product_cat","embeddable":true,"href":"https:\/\/monsieursaucisson.com\/de\/wp-json\/wp\/v2\/product_cat?post=740"},{"taxonomy":"product_tag","embeddable":true,"href":"https:\/\/monsieursaucisson.com\/de\/wp-json\/wp\/v2\/product_tag?post=740"}],"curies":[{"name":"wp","href":"https:\/\/api.w.org\/{rel}","templated":true}]}}