{"id":737,"date":"2020-10-30T11:52:12","date_gmt":"2020-10-30T10:52:12","guid":{"rendered":"https:\/\/monsieursaucisson.com\/nl\/product\/gedroogde-ham\/"},"modified":"2026-04-24T10:20:36","modified_gmt":"2026-04-24T08:20:36","slug":"naturbelassener-schinken","status":"publish","type":"product","link":"https:\/\/monsieursaucisson.com\/de\/naturbelassener-schinken\/","title":{"rendered":"Naturbelassener Schinken &#8211; Jamon natural"},"content":{"rendered":"<h2>Naturbelassener Schinken &#8211; Jamon natural, luftgetrocknet<\/h2>\n<p>Naturbelassener Schinken: Genie\u00dfen Sie den k\u00f6stlichen Geschmack dieses luftgetrockneten\u00a0Schinken. Diese aus Spanien stammenden Schinken werden sorgf\u00e4ltig ausgew\u00e4hlt und im Darm verpackt. Mit einem Gewicht zwischen 700 und 900 Gramm bieten diese Schinken ein perfektes Gleichgewicht zwischen Zartheit und Trockenheit. Das traditionelle Herstellungsverfahren garantiert ein authentisches Geschmackserlebnis. Genie\u00dfen Sie seinen unverwechselbaren Geschmack und seine Textur.<\/p>\n<h3>Wann werden Jamon natural und Saucissons gegessen?<\/h3>\n<p>Sie k\u00f6nnen den naturbelassenen Schinken &#8222;Jamon natural&#8220; zu verschiedenen Tageszeiten und Gelegenheiten genie\u00dfen &#8211; zum Fr\u00fchst\u00fcck, Mittagessen oder Brunch. Besonders zu empfehlen zu einem sch\u00f6nen Glas Wein, mit K\u00e4se oder Oliven &#8211; oder einfach zum Geburstag, zum n\u00e4chsten Pokerabend und nat\u00fcrlich f\u00fcr die Couch. Schinken und Salamis werden nicht nur f\u00fcr den t\u00e4glichen Gebrauch gekauft, sondern auch als Geschenk f\u00fcr Freunde, Familie oder als Mitbringsel.<\/p>\n<h3>Allergene<\/h3>\n<p>Alle Saucissons von <a href=\"https:\/\/monsieursaucisson.com\/de\/\">Monsieur Saucisson<\/a> sind glutenfrei. Mit einer Ausnahme: die Zwiebelbratwurst. Dar\u00fcber hinaus k\u00f6nnen alle Wurstwaren Spuren von N\u00fcssen enthalten.<\/p>\n<h3>Haltbarkeit<\/h3>\n<p>Unsere W\u00fcrste sind mindestens 2 Monate haltbar. Sie werden am besten au\u00dferhalb des K\u00fchlschranks an einem dunklen, trockenen Ort gelagert. Sie k\u00f6nnen die Salamis aber auch in der K\u00fcche oder im Keller aufh\u00e4ngen. Angeschnitten sind die W\u00fcrste ca. 4 bis 6 Wochen haltbar.<\/p>\n<p>Brauchen Sie mehr Informationen? Klicken Sie <a href=\"https:\/\/monsieursaucisson.com\/de\/faq\/\">hier<\/a> und werfen Sie einen Blick auf unsere FAQ-Seite.<\/p>\n","protected":false},"excerpt":{"rendered":"<p>Leckerer spanischer Jamon natural &#8211; naturbelassener Schinken. Dieser spanische Schinken hat einen unverf\u00e4lschten Geschmack und sollte in keinem Haushalt fehlen. Schinken und Salamis werden nicht nur f\u00fcr den allt\u00e4glichen Gebrauch gekauft, sondern eignen sich auch hervorragend als Geschenke f\u00fcr Freunde, Familie oder einfach als Mitbringsel.<\/p>\n<p>Mit einem Gewicht zwischen 700 und 900 Gramm haben Sie immer etwas im Haus!<\/p>\n","protected":false},"featured_media":1026,"template":"","meta":{"_acf_changed":false,"iawp_total_views":232,"editor_notices":[]},"product_brand":[],"product_cat":[15,304,327],"product_tag":[],"class_list":{"0":"post-737","1":"product","2":"type-product","3":"status-publish","4":"has-post-thumbnail","6":"product_cat-alle-produkte","7":"product_cat-aufschnitt","8":"product_cat-luftgetrockneter-schinken","10":"first","11":"instock","12":"taxable","13":"shipping-taxable","14":"purchasable","15":"product-type-variable"},"acf":[],"_links":{"self":[{"href":"https:\/\/monsieursaucisson.com\/de\/wp-json\/wp\/v2\/product\/737","targetHints":{"allow":["GET"]}}],"collection":[{"href":"https:\/\/monsieursaucisson.com\/de\/wp-json\/wp\/v2\/product"}],"about":[{"href":"https:\/\/monsieursaucisson.com\/de\/wp-json\/wp\/v2\/types\/product"}],"wp:featuredmedia":[{"embeddable":true,"href":"https:\/\/monsieursaucisson.com\/de\/wp-json\/wp\/v2\/media\/1026"}],"wp:attachment":[{"href":"https:\/\/monsieursaucisson.com\/de\/wp-json\/wp\/v2\/media?parent=737"}],"wp:term":[{"taxonomy":"product_brand","embeddable":true,"href":"https:\/\/monsieursaucisson.com\/de\/wp-json\/wp\/v2\/product_brand?post=737"},{"taxonomy":"product_cat","embeddable":true,"href":"https:\/\/monsieursaucisson.com\/de\/wp-json\/wp\/v2\/product_cat?post=737"},{"taxonomy":"product_tag","embeddable":true,"href":"https:\/\/monsieursaucisson.com\/de\/wp-json\/wp\/v2\/product_tag?post=737"}],"curies":[{"name":"wp","href":"https:\/\/api.w.org\/{rel}","templated":true}]}}