{"id":735,"date":"2020-10-30T11:52:11","date_gmt":"2020-10-30T10:52:11","guid":{"rendered":"https:\/\/monsieursaucisson.com\/nl\/product\/chorizo-doux-worst\/"},"modified":"2026-04-10T11:31:05","modified_gmt":"2026-04-10T09:31:05","slug":"paprikasalami-chorizo-doux","status":"publish","type":"product","link":"https:\/\/monsieursaucisson.com\/de\/paprikasalami-chorizo-doux\/","title":{"rendered":"Paprikasalami Chorizo Doux"},"content":{"rendered":"<h3>Paprikasalami Chorizo Doux &#8211; milder als die klassische Chorizo<\/h3>\n<p>Die Salami stammt urspr\u00fcnglich aus Italien und galt fr\u00fcher als Arme-Leute-Wurst. Die lange haltbare Salamiwurst gelangte von Italien nach Frankreich und noch heute befindet sich in und um Lyon ein Zentrum der franz\u00f6sischen Salamiproduktion.<\/p>\n<p>Diese tiefrote Paprikasalami Chorizo \u200b\u200bDoux hat einen milden, w\u00fcrzigen und aromatischen Geschmack. Au\u00dferdem ist diese Paprikasalami von der Textur her etwas weicher, als die klassische Chorizo, die wir auch anbieten. Dadurch avanciert die Chorizo Doux zur perfekten Kochwurst und sie kann in vielen Gerichten verwendet werden.<\/p>\n<p>Neben den w\u00fcrzigen Aromen enth\u00e4lt diese Chorizo Knoblauch und Paprika. Einige Gerichte, f\u00fcr die diese Chorizo \u200b\u200bDoux verwendet werden kann, sind: Pizza, Risotto und Nudeln.<\/p>\n<p>Die rote Farbe und der typische Geschmack werden durch Paprika erzielt. <a href=\"https:\/\/de.wikipedia.org\/wiki\/Chorizo\" target=\"_blank\" rel=\"noopener\">Chorizo<\/a> enth\u00e4lt in der Regel bis zu doppelt so viel Paprika wie die ungarische Kolb\u00e1sz, die ebenfalls mit Paprika gew\u00fcrzt wird. <a href=\"https:\/\/monsieursaucisson.com\/de\/chorizo-wurst\/\">Mehr Chorizos<\/a>.<\/p>\n","protected":false},"excerpt":{"rendered":"<p>Die Paprikawurst Chorizo Doux ist milder als die klassische Chorizo mit Paprika und Knoblauch. Diese tiefrote Chorizo Doux hat einen milden, w\u00fcrzigen und aromatischen Geschmack und schmeckt hervorragend in Paellas oder auf einem Sandwich &#8211; eine Wurst mit viel Geschmack.<\/p>\n<p>Au\u00dferdem ist die Paprikasalami Chorizo Doux von der Textur her etwas weicher, was sie auch zu einer idealen Wurst f\u00fcrs Kochen macht. Chorizo kann in sehr vielen Gerichten verwendet werden!<\/p>\n","protected":false},"featured_media":1005,"template":"","meta":{"_acf_changed":false,"iawp_total_views":193,"editor_notices":[]},"product_brand":[],"product_cat":[81,87,296,15],"product_tag":[],"class_list":{"0":"post-735","1":"product","2":"type-product","3":"status-publish","4":"has-post-thumbnail","6":"product_cat-luftgetrocknete-salami","7":"product_cat-spanische-wurst","8":"product_cat-chorizo-wurst","9":"product_cat-alle-produkte","11":"first","12":"instock","13":"taxable","14":"shipping-taxable","15":"purchasable","16":"product-type-simple"},"acf":[],"_links":{"self":[{"href":"https:\/\/monsieursaucisson.com\/de\/wp-json\/wp\/v2\/product\/735","targetHints":{"allow":["GET"]}}],"collection":[{"href":"https:\/\/monsieursaucisson.com\/de\/wp-json\/wp\/v2\/product"}],"about":[{"href":"https:\/\/monsieursaucisson.com\/de\/wp-json\/wp\/v2\/types\/product"}],"wp:featuredmedia":[{"embeddable":true,"href":"https:\/\/monsieursaucisson.com\/de\/wp-json\/wp\/v2\/media\/1005"}],"wp:attachment":[{"href":"https:\/\/monsieursaucisson.com\/de\/wp-json\/wp\/v2\/media?parent=735"}],"wp:term":[{"taxonomy":"product_brand","embeddable":true,"href":"https:\/\/monsieursaucisson.com\/de\/wp-json\/wp\/v2\/product_brand?post=735"},{"taxonomy":"product_cat","embeddable":true,"href":"https:\/\/monsieursaucisson.com\/de\/wp-json\/wp\/v2\/product_cat?post=735"},{"taxonomy":"product_tag","embeddable":true,"href":"https:\/\/monsieursaucisson.com\/de\/wp-json\/wp\/v2\/product_tag?post=735"}],"curies":[{"name":"wp","href":"https:\/\/api.w.org\/{rel}","templated":true}]}}