{"id":734,"date":"2020-10-30T11:52:10","date_gmt":"2020-10-30T10:52:10","guid":{"rendered":"https:\/\/monsieursaucisson.com\/nl\/product\/droge-worst-truffel\/"},"modified":"2026-04-10T23:10:53","modified_gmt":"2026-04-10T21:10:53","slug":"trueffelsalami","status":"publish","type":"product","link":"https:\/\/monsieursaucisson.com\/de\/trueffelsalami\/","title":{"rendered":"Franz\u00f6sische Tr\u00fcffelsalami"},"content":{"rendered":"<h2>Franz\u00f6sische Tr\u00fcffelsalami &#8211; mit echtem schwarzen Tr\u00fcffel<\/h2>\n<p>Tr\u00fcffelwurst, Tr\u00fcffelsalami oder Tr\u00fcffel-Saucisson? Tja, dieses &#8222;W\u00fcrstchen&#8220; hat es in sich. Deshalb nennen wir die franz\u00f6sische Tr\u00fcffelsalami auch nicht Wurst, sondern Saucisson &#8211; und zwar mit einem Gro\u00dfbuchstaben. Die Tr\u00fcffelsalami wird aus Schweinefleisch hergestellt, wobei zu beachten ist, dass das Verh\u00e4ltnis von Schinken zu Speck anders ist. Das hei\u00dft: mehr Schinken als Speck. Dadurch ist die Tr\u00fcffelsalami nicht so fettig und trocknet auch nicht so schnell aus.<\/p>\n<p>Der Tr\u00fcffelgeschmack kommt sowohl vom schwarzen Tr\u00fcffel als auch vom Tr\u00fcffel\u00f6l, wodurch der Geschmack intensiv ist. Um ehrlich zu sein, hat Monsieur Saucisson die Tr\u00fcffel nicht selbst gefunden, daf\u00fcr hat er keine Nase. Aber ein Gesp\u00fcr f\u00fcr gute Wurst und das beweist er mit dieser delikaten und schmackhaften Tr\u00fcffelsalami.<\/p>\n<p>BITTE BEACHTEN SIE: Diese Wurst ist nicht in dem Angebot mit den 3 W\u00fcrsten enthalten. Wenn die Tr\u00fcffelsalami zum Angebot hinzugef\u00fcgt wird, berechnen wir einen Aufpreis von 3 Euro pro Wurst.<\/p>\n","protected":false},"excerpt":{"rendered":"<p>Die Tr\u00fcffelwurst wird aus <a href=\"https:\/\/de.wikipedia.org\/wiki\/Perigord-Tr%C3%BCffel\" target=\"_blank\" rel=\"noopener\">echten schwarzem Tr\u00fcffel<\/a> hergestellt und mit Tr\u00fcffel\u00f6l verfeinert. Eine k\u00f6stliche Wurst! Diese Salami mit Tr\u00fcffeln wird aus einer gr\u00f6\u00dferen Portion Schinken und nicht aus Speck hergestellt. Dadurch ist diese franz\u00f6sische Wurst weniger fettig. Sie lieben Tr\u00fcffel? Dann werden Sie diese Saucisson lieben!<\/p>\n<p>Diese Wurst ist an dem schwarzen Faden zu erkennen.<\/p>\n","protected":false},"featured_media":993,"template":"","meta":{"_acf_changed":false,"iawp_total_views":1028,"editor_notices":[]},"product_brand":[],"product_cat":[81,82,85,15],"product_tag":[],"class_list":{"0":"post-734","1":"product","2":"type-product","3":"status-publish","4":"has-post-thumbnail","6":"product_cat-luftgetrocknete-salami","7":"product_cat-franzoesische-salami","8":"product_cat-saucisson-sec-franzosische-salami","9":"product_cat-alle-produkte","11":"first","12":"instock","13":"taxable","14":"shipping-taxable","15":"purchasable","16":"product-type-simple"},"acf":[],"_links":{"self":[{"href":"https:\/\/monsieursaucisson.com\/de\/wp-json\/wp\/v2\/product\/734","targetHints":{"allow":["GET"]}}],"collection":[{"href":"https:\/\/monsieursaucisson.com\/de\/wp-json\/wp\/v2\/product"}],"about":[{"href":"https:\/\/monsieursaucisson.com\/de\/wp-json\/wp\/v2\/types\/product"}],"wp:featuredmedia":[{"embeddable":true,"href":"https:\/\/monsieursaucisson.com\/de\/wp-json\/wp\/v2\/media\/993"}],"wp:attachment":[{"href":"https:\/\/monsieursaucisson.com\/de\/wp-json\/wp\/v2\/media?parent=734"}],"wp:term":[{"taxonomy":"product_brand","embeddable":true,"href":"https:\/\/monsieursaucisson.com\/de\/wp-json\/wp\/v2\/product_brand?post=734"},{"taxonomy":"product_cat","embeddable":true,"href":"https:\/\/monsieursaucisson.com\/de\/wp-json\/wp\/v2\/product_cat?post=734"},{"taxonomy":"product_tag","embeddable":true,"href":"https:\/\/monsieursaucisson.com\/de\/wp-json\/wp\/v2\/product_tag?post=734"}],"curies":[{"name":"wp","href":"https:\/\/api.w.org\/{rel}","templated":true}]}}