{"id":733,"date":"2020-10-30T11:52:10","date_gmt":"2020-10-30T10:52:10","guid":{"rendered":"https:\/\/monsieursaucisson.com\/nl\/product\/droge-worst-stier\/"},"modified":"2026-04-02T22:00:29","modified_gmt":"2026-04-02T20:00:29","slug":"franzoesische-stier-salami","status":"publish","type":"product","link":"https:\/\/monsieursaucisson.com\/de\/franzoesische-stier-salami\/","title":{"rendered":"Franz\u00f6sische Stier Salami"},"content":{"rendered":"<h2>Saucisson Taureau &#8211; Franz\u00f6sische Stier Salami<\/h2>\n<p>Diese franz\u00f6sische Stier Salami ist eine Kombination aus Schweinefleisch und Stierfleisch. Der Stier wird normalerweise speziell daf\u00fcr gez\u00fcchtet. Die franz\u00f6sische Stier Salami hat eine sch\u00f6ne Farbe und ist im Durchschnitt ein bisschen fett\u00e4rmer als Kuhfleisch. Au\u00dferdem hat das Fleisch eines Bullen einen gleichm\u00e4\u00dfigeren Geschmack als das einer Kuh. K\u00fche werden oft \u00e4lter und das Alter , sowie die Ern\u00e4hrung spielen eine Rolle f\u00fcr den Geschmack des Fleisches. Die franz\u00f6sische Stiersalami ist etwas ganz Au\u00dfergew\u00f6hnliches.<\/p>\n","protected":false},"excerpt":{"rendered":"<p>Die Saucisson Taureau &#8211; franz\u00f6sische Stier Salami &#8211; ist eine Mischung aus Schweine- und Stierfleisch. Das Stierfleisch macht diese Salami extra herb und nicht ganz so fett. Der Geschmack ist kr\u00e4ftig &#8211; \u00e4hnlich einem milden Wildgeschmack.<\/p>\n<p>Diese Wurst ist an der schwarzen, etwas dickeren Schnurr zu erkennen.<\/p>\n","protected":false},"featured_media":971,"template":"","meta":{"_acf_changed":false,"iawp_total_views":211,"editor_notices":[]},"product_brand":[],"product_cat":[81,82,85,15],"product_tag":[],"class_list":{"0":"post-733","1":"product","2":"type-product","3":"status-publish","4":"has-post-thumbnail","6":"product_cat-luftgetrocknete-salami","7":"product_cat-franzoesische-salami","8":"product_cat-saucisson-sec-franzosische-salami","9":"product_cat-alle-produkte","11":"first","12":"instock","13":"taxable","14":"shipping-taxable","15":"purchasable","16":"product-type-simple"},"acf":[],"_links":{"self":[{"href":"https:\/\/monsieursaucisson.com\/de\/wp-json\/wp\/v2\/product\/733","targetHints":{"allow":["GET"]}}],"collection":[{"href":"https:\/\/monsieursaucisson.com\/de\/wp-json\/wp\/v2\/product"}],"about":[{"href":"https:\/\/monsieursaucisson.com\/de\/wp-json\/wp\/v2\/types\/product"}],"wp:featuredmedia":[{"embeddable":true,"href":"https:\/\/monsieursaucisson.com\/de\/wp-json\/wp\/v2\/media\/971"}],"wp:attachment":[{"href":"https:\/\/monsieursaucisson.com\/de\/wp-json\/wp\/v2\/media?parent=733"}],"wp:term":[{"taxonomy":"product_brand","embeddable":true,"href":"https:\/\/monsieursaucisson.com\/de\/wp-json\/wp\/v2\/product_brand?post=733"},{"taxonomy":"product_cat","embeddable":true,"href":"https:\/\/monsieursaucisson.com\/de\/wp-json\/wp\/v2\/product_cat?post=733"},{"taxonomy":"product_tag","embeddable":true,"href":"https:\/\/monsieursaucisson.com\/de\/wp-json\/wp\/v2\/product_tag?post=733"}],"curies":[{"name":"wp","href":"https:\/\/api.w.org\/{rel}","templated":true}]}}