{"id":732,"date":"2020-10-30T11:52:09","date_gmt":"2020-10-30T10:52:09","guid":{"rendered":"https:\/\/monsieursaucisson.com\/nl\/product\/droge-worst-venkel\/"},"modified":"2026-04-09T15:10:58","modified_gmt":"2026-04-09T13:10:58","slug":"fenchelsalami-finocchiona","status":"publish","type":"product","link":"https:\/\/monsieursaucisson.com\/de\/fenchelsalami-finocchiona\/","title":{"rendered":"Franz\u00f6sische Fenchelsalami &#8211; Finocchiona"},"content":{"rendered":"<h2>Franz\u00f6sische Fenchelsalami &#8211; Finocchiona<\/h2>\n<p>Wussten Sie, dass das Hungergef\u00fchl aufh\u00f6rt, wenn Sie lange auf Fenchelsamen kauen? Monsieur Saucisson hat mal mit einer Fenchelwurst probiert, aber diese Wurst hat ihm so gut geschmeckt, dass er sogar noch eine zweite angeschnitten hat. So, dieser &#8222;Abnehmtipp&#8220; funktioniert also nicht mit unserer einzigartigen Fenchelsalami &#8211; Finocchiona.<\/p>\n<p>Es handelt sich um eine typische traditionelle Salami, f\u00fcr deren Herstellung nur die besten Teile des Schweins verwendet werden. Egal, ob Sie ein Feinschmecker sind oder einfach nur etwas Neues und Leckeres ausprobieren m\u00f6chten, unsere Fenchelsalami &#8211; Finocchiona wird Sie sicher begeistern.<\/p>\n<p>Monsieur Saucisson ist stolz darauf, Ihnen diese schmackhafte Salami mit <a href=\"https:\/\/de.wikipedia.org\/wiki\/Fenchel#Heilkunde\" target=\"_blank\" rel=\"noopener\">Fenchel<\/a> anbieten zu k\u00f6nnen, damit Sie Ihre Gaumen mit dieser einzigartigen Delikatesse verw\u00f6hnen k\u00f6nnen. Probieren Sie noch heute die raffinierten Aromen von <a href=\"https:\/\/monsieursaucisson.com\/de\/\">Monsieur Saucisson<\/a>!<\/p>\n<p>&nbsp;<\/p>\n<p>&nbsp;<\/p>\n","protected":false},"excerpt":{"rendered":"<p>Diese franz\u00f6sische Fenchelsalami &#8211; Finocchiona gibt es nur hier bei Monsieur Saucisson. Aufgrund der gro\u00dfen Nachfrage in unseren Gesch\u00e4ften haben wir diesen Geschmack speziell f\u00fcr Sie hergestellt. Fenchel ist sch\u00f6n und frisch im Geschmack. Der Anisgeschmack kommt von den Fenchelsamen in dieser Trockenwurst. Man muss den Geschmack von Anis m\u00f6gen, um die Fenchelsalami &#8211; Finocchiona zu m\u00f6gen.<\/p>\n<p>Diese Wurst ist an der rot-schwarzen Schnur zu erkennen.<\/p>\n","protected":false},"featured_media":996,"template":"","meta":{"_acf_changed":false,"iawp_total_views":243,"editor_notices":[]},"product_brand":[],"product_cat":[81,82,85,15],"product_tag":[],"class_list":{"0":"post-732","1":"product","2":"type-product","3":"status-publish","4":"has-post-thumbnail","6":"product_cat-luftgetrocknete-salami","7":"product_cat-franzoesische-salami","8":"product_cat-saucisson-sec-franzosische-salami","9":"product_cat-alle-produkte","11":"first","12":"instock","13":"taxable","14":"shipping-taxable","15":"purchasable","16":"product-type-simple"},"acf":[],"_links":{"self":[{"href":"https:\/\/monsieursaucisson.com\/de\/wp-json\/wp\/v2\/product\/732","targetHints":{"allow":["GET"]}}],"collection":[{"href":"https:\/\/monsieursaucisson.com\/de\/wp-json\/wp\/v2\/product"}],"about":[{"href":"https:\/\/monsieursaucisson.com\/de\/wp-json\/wp\/v2\/types\/product"}],"wp:featuredmedia":[{"embeddable":true,"href":"https:\/\/monsieursaucisson.com\/de\/wp-json\/wp\/v2\/media\/996"}],"wp:attachment":[{"href":"https:\/\/monsieursaucisson.com\/de\/wp-json\/wp\/v2\/media?parent=732"}],"wp:term":[{"taxonomy":"product_brand","embeddable":true,"href":"https:\/\/monsieursaucisson.com\/de\/wp-json\/wp\/v2\/product_brand?post=732"},{"taxonomy":"product_cat","embeddable":true,"href":"https:\/\/monsieursaucisson.com\/de\/wp-json\/wp\/v2\/product_cat?post=732"},{"taxonomy":"product_tag","embeddable":true,"href":"https:\/\/monsieursaucisson.com\/de\/wp-json\/wp\/v2\/product_tag?post=732"}],"curies":[{"name":"wp","href":"https:\/\/api.w.org\/{rel}","templated":true}]}}