{"id":731,"date":"2020-10-30T11:52:09","date_gmt":"2020-10-30T10:52:09","guid":{"rendered":"https:\/\/monsieursaucisson.com\/nl\/product\/droge-worst-roquefort\/"},"modified":"2026-04-29T16:01:35","modified_gmt":"2026-04-29T14:01:35","slug":"salami-mit-roquefort-kaese","status":"publish","type":"product","link":"https:\/\/monsieursaucisson.com\/de\/salami-mit-roquefort-kaese\/","title":{"rendered":"Franz\u00f6sische Salami mit Roquefort K\u00e4se"},"content":{"rendered":"<h2>Saucisson roquefort &#8211; Franz\u00f6sische Salami mit Roquefort K\u00e4se<\/h2>\n<p>Im Vergleich zum franz\u00f6sische <a href=\"https:\/\/monsieursaucisson.com\/de\/salami-mit-blauschimmelkaese\/\"><strong>Salami mit Blauschimmelk\u00e4se<\/strong><\/a> (Bleu d&#8217;Auvergne) hat die franz\u00f6sische Salami mit Roquefort K\u00e4se einen kr\u00e4ftigeren Geschmack. Man schmeckt den Roquefort-K\u00e4se von Anfang an &#8211; einfach nur k\u00f6stlich. \u00dcbrigens wird diese Salami mit Roquefort K\u00e4se aus Schinken und nicht aus Speck hergestellt, da dieser weniger Fett hat. Das sorgt daf\u00fcr, dass diese luftgetrocknete Salami-Wurst nicht so schnell austrocknet. Liebhaber von Blauschimmelk\u00e4se kommen an dieser franz\u00f6sischen Salami mit Roquefort K\u00e4se nicht vorbei!<\/p>\n","protected":false},"excerpt":{"rendered":"<p>Roquefort ist ein K\u00e4se aus 100 % roher Schafsmilch. Diese Kombination von einer luftgetrockneten Salami mit Roquefort K\u00e4se ist\u00a0 geschmacklich st\u00e4rker, als unserer andere Salami mit Blauschimmelk\u00e4se. An dieser Salami kommen Liebhaber von Blauschimmelk\u00e4se nicht vorbei!<\/p>\n<p>Diese Wurst ist an der wei\u00df-blauen Schnur zu erkennen.<\/p>\n","protected":false},"featured_media":995,"template":"","meta":{"_acf_changed":false,"iawp_total_views":248,"editor_notices":[]},"product_brand":[],"product_cat":[15,82,81,85],"product_tag":[],"class_list":{"0":"post-731","1":"product","2":"type-product","3":"status-publish","4":"has-post-thumbnail","6":"product_cat-alle-produkte","7":"product_cat-franzoesische-salami","8":"product_cat-luftgetrocknete-salami","9":"product_cat-saucisson-sec-franzosische-salami","11":"first","12":"instock","13":"taxable","14":"shipping-taxable","15":"purchasable","16":"product-type-simple"},"acf":[],"_links":{"self":[{"href":"https:\/\/monsieursaucisson.com\/de\/wp-json\/wp\/v2\/product\/731","targetHints":{"allow":["GET"]}}],"collection":[{"href":"https:\/\/monsieursaucisson.com\/de\/wp-json\/wp\/v2\/product"}],"about":[{"href":"https:\/\/monsieursaucisson.com\/de\/wp-json\/wp\/v2\/types\/product"}],"wp:featuredmedia":[{"embeddable":true,"href":"https:\/\/monsieursaucisson.com\/de\/wp-json\/wp\/v2\/media\/995"}],"wp:attachment":[{"href":"https:\/\/monsieursaucisson.com\/de\/wp-json\/wp\/v2\/media?parent=731"}],"wp:term":[{"taxonomy":"product_brand","embeddable":true,"href":"https:\/\/monsieursaucisson.com\/de\/wp-json\/wp\/v2\/product_brand?post=731"},{"taxonomy":"product_cat","embeddable":true,"href":"https:\/\/monsieursaucisson.com\/de\/wp-json\/wp\/v2\/product_cat?post=731"},{"taxonomy":"product_tag","embeddable":true,"href":"https:\/\/monsieursaucisson.com\/de\/wp-json\/wp\/v2\/product_tag?post=731"}],"curies":[{"name":"wp","href":"https:\/\/api.w.org\/{rel}","templated":true}]}}