{"id":730,"date":"2020-10-30T10:52:08","date_gmt":"2020-10-30T09:52:08","guid":{"rendered":"https:\/\/monsieursaucisson.com\/nl\/product\/daar-word-je-wild-van-droge-worst-pakket\/"},"modified":"2026-04-08T12:04:10","modified_gmt":"2026-04-08T10:04:10","slug":"wild-paket","status":"publish","type":"product","link":"https:\/\/monsieursaucisson.com\/de\/wild-paket\/","title":{"rendered":"Wild Paket"},"content":{"rendered":"<h2>Wild Paket &#8211; Das wird dich WILD machen<\/h2>\n<p>Sie lieben Wild? Sie liebes es wild? Sie lieben einen extra &#8222;Bite&#8220;? Dann ist das Wild Paket f\u00fcr Sie, wie gemacht! Sechs k\u00f6stliche Wild-Aromen sind in diesem Gourmet-Paket vereint: Stier, Ente gr\u00fcner Pfeffer, Wildschwein, Fasan &amp; Cognac und Hirsch, Reebok. Die Wildniss bei Ihnen zu Hause. Erg\u00e4nzt durch die k\u00f6stlich schmeckende Trockenwurst mit Steinpilzen.<\/p>\n","protected":false},"excerpt":{"rendered":"<p>Jetzt wirds WILD, denn das Wild Paket ist das Nonplusultra f\u00fcr alle, die es herzhaft und wild m\u00f6gen. Die luftgetrockneten Salami-W\u00fcrste erhalten durch den Wildfleischzusatz eine besondere Note. Diese exklusiven Geschmacksrichtungen eignen sich hervorragend f\u00fcr eine Bier-oder Weinprobe, einen Aperitif, aber auch f\u00fcr eine K\u00e4seplatte nach einem k\u00f6stlichen Essen.<\/p>\n<p>Wenn Sie es ganz wild treiben wollen, kaufen Sie das das coole h\u00f6lzernes Servierbrett und ein Opinel Messer gleich mit dazu. Wenn Sie dann noch eine Flasche Wein \u00f6ffnen &#8230;<\/p>\n<p>Sie wollen mehr WILD. Dann probieren Sie unser <a href=\"https:\/\/monsieursaucisson.com\/de\/wildfleisch-paket\/\"><em>Wildfleisch Paket<\/em><\/a>!<\/p>\n","protected":false},"featured_media":1512,"template":"","meta":{"_acf_changed":false,"iawp_total_views":1022,"editor_notices":[]},"product_brand":[],"product_cat":[299,15],"product_tag":[],"class_list":{"0":"post-730","1":"product","2":"type-product","3":"status-publish","4":"has-post-thumbnail","6":"product_cat-wurstpakete-und-geschenksets","7":"product_cat-alle-produkte","8":"product_shipping_class-brievenbus-verzending","10":"first","11":"instock","12":"taxable","13":"shipping-taxable","14":"purchasable","15":"product-type-simple"},"acf":[],"_links":{"self":[{"href":"https:\/\/monsieursaucisson.com\/de\/wp-json\/wp\/v2\/product\/730","targetHints":{"allow":["GET"]}}],"collection":[{"href":"https:\/\/monsieursaucisson.com\/de\/wp-json\/wp\/v2\/product"}],"about":[{"href":"https:\/\/monsieursaucisson.com\/de\/wp-json\/wp\/v2\/types\/product"}],"wp:featuredmedia":[{"embeddable":true,"href":"https:\/\/monsieursaucisson.com\/de\/wp-json\/wp\/v2\/media\/1512"}],"wp:attachment":[{"href":"https:\/\/monsieursaucisson.com\/de\/wp-json\/wp\/v2\/media?parent=730"}],"wp:term":[{"taxonomy":"product_brand","embeddable":true,"href":"https:\/\/monsieursaucisson.com\/de\/wp-json\/wp\/v2\/product_brand?post=730"},{"taxonomy":"product_cat","embeddable":true,"href":"https:\/\/monsieursaucisson.com\/de\/wp-json\/wp\/v2\/product_cat?post=730"},{"taxonomy":"product_tag","embeddable":true,"href":"https:\/\/monsieursaucisson.com\/de\/wp-json\/wp\/v2\/product_tag?post=730"}],"curies":[{"name":"wp","href":"https:\/\/api.w.org\/{rel}","templated":true}]}}