{"id":729,"date":"2020-10-30T10:52:08","date_gmt":"2020-10-30T09:52:08","guid":{"rendered":"https:\/\/monsieursaucisson.com\/nl\/product\/pikant-pakket\/"},"modified":"2026-04-28T15:43:38","modified_gmt":"2026-04-28T13:43:38","slug":"pikante-paket","status":"publish","type":"product","link":"https:\/\/monsieursaucisson.com\/de\/pikante-paket\/","title":{"rendered":"Pikante Paket"},"content":{"rendered":"<div class=\"woocommerce-tabs wc-tabs-wrapper\">\n<div id=\"tab-description\" class=\"woocommerce-Tabs-panel woocommerce-Tabs-panel--description panel entry-content wc-tab\" role=\"tabpanel\" aria-labelledby=\"tab-title-description\">\n<h2>Pikante Paket &#8211; Kann es f\u00fcr Sie nicht scharf genug sein?<\/h2>\n<p>Lieben Sie Chilis und Sambal? Sie m\u00f6gen es w\u00fcrzig und es kann f\u00fcr Sie nicht scharf genug sein? Dann ist dieses pikante Paket genau das Richtige f\u00fcr Sie. Dieses Wurstpaket besteht aus f\u00fcnf pikanten Wurstsorten und einer Knoblauchwurst!\u00a0Halten Sie ein Bier bereit, wenn Sie diese Salamis probieren, denn irgendwann m\u00fcssen Sie sowieso mal &#8222;l\u00f6schen&#8220;. Trauen Sie sich es zu?<\/p>\n<\/div>\n<\/div>\n","protected":false},"excerpt":{"rendered":"<p>Kann es f\u00fcr Sie nicht scharf genug sein? Lieben Sie Chilis und Sambal, oder vielleicht eine Wurst mit einem sch\u00f6nen Nachbrenner? Dann ist dieses Paket genau das Richtige f\u00fcr Sie.<\/p>\n<p>Das pikante Paket besteht aus 5 w\u00fcrzigen Salami-Sorten und 1 Knoblauchwurst. Halten Sie ein Bier bereit und fangen Sie an zu genie\u00dfen!<\/p>\n","protected":false},"featured_media":1096,"template":"","meta":{"_acf_changed":false,"iawp_total_views":2245,"editor_notices":[]},"product_brand":[],"product_cat":[15,299],"product_tag":[],"class_list":{"0":"post-729","1":"product","2":"type-product","3":"status-publish","4":"has-post-thumbnail","6":"product_cat-alle-produkte","7":"product_cat-wurstpakete-und-geschenksets","8":"product_shipping_class-brievenbus-verzending","10":"first","11":"instock","12":"taxable","13":"shipping-taxable","14":"purchasable","15":"product-type-simple"},"acf":[],"_links":{"self":[{"href":"https:\/\/monsieursaucisson.com\/de\/wp-json\/wp\/v2\/product\/729","targetHints":{"allow":["GET"]}}],"collection":[{"href":"https:\/\/monsieursaucisson.com\/de\/wp-json\/wp\/v2\/product"}],"about":[{"href":"https:\/\/monsieursaucisson.com\/de\/wp-json\/wp\/v2\/types\/product"}],"wp:featuredmedia":[{"embeddable":true,"href":"https:\/\/monsieursaucisson.com\/de\/wp-json\/wp\/v2\/media\/1096"}],"wp:attachment":[{"href":"https:\/\/monsieursaucisson.com\/de\/wp-json\/wp\/v2\/media?parent=729"}],"wp:term":[{"taxonomy":"product_brand","embeddable":true,"href":"https:\/\/monsieursaucisson.com\/de\/wp-json\/wp\/v2\/product_brand?post=729"},{"taxonomy":"product_cat","embeddable":true,"href":"https:\/\/monsieursaucisson.com\/de\/wp-json\/wp\/v2\/product_cat?post=729"},{"taxonomy":"product_tag","embeddable":true,"href":"https:\/\/monsieursaucisson.com\/de\/wp-json\/wp\/v2\/product_tag?post=729"}],"curies":[{"name":"wp","href":"https:\/\/api.w.org\/{rel}","templated":true}]}}