{"id":728,"date":"2020-10-30T11:51:15","date_gmt":"2020-10-30T10:51:15","guid":{"rendered":"https:\/\/monsieursaucisson.com\/nl\/product\/droge-worst-kerrie\/"},"modified":"2026-04-03T13:01:18","modified_gmt":"2026-04-03T11:01:18","slug":"curry-salami","status":"publish","type":"product","link":"https:\/\/monsieursaucisson.com\/de\/curry-salami\/","title":{"rendered":"Franz\u00f6sische Curry Salami"},"content":{"rendered":"<h2>Saucisson a la Provencale &#8211; Franz\u00f6sische Curry Salami<\/h2>\n<p>Die Curry Salami ist der Sonnenschein in unserem Haus. Das liegt an ihrer leuchtend gelben Farbe. Der Geschmack der Curry Salami (Saucisson a la Provencale) wird Sie direkt an Urlaub und indische K\u00fcche erinnern. Eine leckere Currywurst mit einen aromatisch-w\u00fcrzigen Geschmack, den man auch noch lange danach genie\u00dft &#8211; aber die Salami ist nicht scharf.<\/p>\n","protected":false},"excerpt":{"rendered":"<p>Die Curry Salami ist der Sonnenschein in unserem Haus. Das liegt an ihrer leuchtend gelben Farbe. Eine leckere Salami mit einem w\u00fcrzigen Geschmack, aber ohne Sch\u00e4rfe.<\/p>\n<p>Diese Wurst ist an der wei\u00dfen Schnur zu erkennen.<\/p>\n","protected":false},"featured_media":961,"template":"","meta":{"_acf_changed":false,"iawp_total_views":165,"editor_notices":[]},"product_brand":[],"product_cat":[81,82,85,15],"product_tag":[],"class_list":{"0":"post-728","1":"product","2":"type-product","3":"status-publish","4":"has-post-thumbnail","6":"product_cat-luftgetrocknete-salami","7":"product_cat-franzoesische-salami","8":"product_cat-saucisson-sec-franzosische-salami","9":"product_cat-alle-produkte","11":"first","12":"instock","13":"taxable","14":"shipping-taxable","15":"purchasable","16":"product-type-simple"},"acf":[],"_links":{"self":[{"href":"https:\/\/monsieursaucisson.com\/de\/wp-json\/wp\/v2\/product\/728","targetHints":{"allow":["GET"]}}],"collection":[{"href":"https:\/\/monsieursaucisson.com\/de\/wp-json\/wp\/v2\/product"}],"about":[{"href":"https:\/\/monsieursaucisson.com\/de\/wp-json\/wp\/v2\/types\/product"}],"wp:featuredmedia":[{"embeddable":true,"href":"https:\/\/monsieursaucisson.com\/de\/wp-json\/wp\/v2\/media\/961"}],"wp:attachment":[{"href":"https:\/\/monsieursaucisson.com\/de\/wp-json\/wp\/v2\/media?parent=728"}],"wp:term":[{"taxonomy":"product_brand","embeddable":true,"href":"https:\/\/monsieursaucisson.com\/de\/wp-json\/wp\/v2\/product_brand?post=728"},{"taxonomy":"product_cat","embeddable":true,"href":"https:\/\/monsieursaucisson.com\/de\/wp-json\/wp\/v2\/product_cat?post=728"},{"taxonomy":"product_tag","embeddable":true,"href":"https:\/\/monsieursaucisson.com\/de\/wp-json\/wp\/v2\/product_tag?post=728"}],"curies":[{"name":"wp","href":"https:\/\/api.w.org\/{rel}","templated":true}]}}