{"id":726,"date":"2020-10-30T11:51:15","date_gmt":"2020-10-30T10:51:15","guid":{"rendered":"https:\/\/monsieursaucisson.com\/nl\/product\/droge-worst-geitenkaas\/"},"modified":"2026-04-20T15:41:09","modified_gmt":"2026-04-20T13:41:09","slug":"salami-mit-ziegenkaese","status":"publish","type":"product","link":"https:\/\/monsieursaucisson.com\/de\/salami-mit-ziegenkaese\/","title":{"rendered":"Franz\u00f6sische Salami mit Ziegenk\u00e4se"},"content":{"rendered":"<h2>Saucisson fromage de chevre &#8211; Franz\u00f6sische Salami mit Ziegenk\u00e4se<\/h2>\n<p>Das Schweinefleisch der franz\u00f6sische Salami wird mit k\u00f6stlichen Ziegenk\u00e4se vermischt. Dies verleiht der luftgetrockneten Wurst einen frischen K\u00e4segeschmack und eine cremige Textur.\u00a0 den K\u00e4sesorten ist die Ziegenk\u00e4sewurst die Saucisson mit dem st\u00e4rksten K\u00e4segeschmack. Diese Version ist herrlich frisch und hat einen kr\u00e4ftigen Nachgeschmack. Muss man probiert haben!<\/p>\n","protected":false},"excerpt":{"rendered":"<p>Das Fleisch dieser franz\u00f6sischen Rohwurst wird mit Ziegenk\u00e4se vermischt. Dadurch erh\u00e4lt die Salami einen frischen K\u00e4segeschmack und eine cremige Konsistenz. Der frische Geschmack passt hervorragend zu einem Glas Wein.<\/p>\n<p>Diese Wurst ist an der hellen violetten Schnur zu erkennen.<\/p>\n<p>&nbsp;<\/p>\n","protected":false},"featured_media":1111,"template":"","meta":{"_acf_changed":false,"iawp_total_views":115,"editor_notices":[]},"product_brand":[],"product_cat":[15,82,81,85],"product_tag":[],"class_list":{"0":"post-726","1":"product","2":"type-product","3":"status-publish","4":"has-post-thumbnail","6":"product_cat-alle-produkte","7":"product_cat-franzoesische-salami","8":"product_cat-luftgetrocknete-salami","9":"product_cat-saucisson-sec-franzosische-salami","11":"first","12":"instock","13":"taxable","14":"shipping-taxable","15":"purchasable","16":"product-type-simple"},"acf":[],"_links":{"self":[{"href":"https:\/\/monsieursaucisson.com\/de\/wp-json\/wp\/v2\/product\/726","targetHints":{"allow":["GET"]}}],"collection":[{"href":"https:\/\/monsieursaucisson.com\/de\/wp-json\/wp\/v2\/product"}],"about":[{"href":"https:\/\/monsieursaucisson.com\/de\/wp-json\/wp\/v2\/types\/product"}],"wp:featuredmedia":[{"embeddable":true,"href":"https:\/\/monsieursaucisson.com\/de\/wp-json\/wp\/v2\/media\/1111"}],"wp:attachment":[{"href":"https:\/\/monsieursaucisson.com\/de\/wp-json\/wp\/v2\/media?parent=726"}],"wp:term":[{"taxonomy":"product_brand","embeddable":true,"href":"https:\/\/monsieursaucisson.com\/de\/wp-json\/wp\/v2\/product_brand?post=726"},{"taxonomy":"product_cat","embeddable":true,"href":"https:\/\/monsieursaucisson.com\/de\/wp-json\/wp\/v2\/product_cat?post=726"},{"taxonomy":"product_tag","embeddable":true,"href":"https:\/\/monsieursaucisson.com\/de\/wp-json\/wp\/v2\/product_tag?post=726"}],"curies":[{"name":"wp","href":"https:\/\/api.w.org\/{rel}","templated":true}]}}