{"id":724,"date":"2020-10-30T11:51:14","date_gmt":"2020-10-30T10:51:14","guid":{"rendered":"https:\/\/monsieursaucisson.com\/nl\/product\/droge-worst-gebakken-ui\/"},"modified":"2026-04-22T13:31:31","modified_gmt":"2026-04-22T11:31:31","slug":"salami-mit-roestzwiebeln","status":"publish","type":"product","link":"https:\/\/monsieursaucisson.com\/de\/salami-mit-roestzwiebeln\/","title":{"rendered":"Franz\u00f6sische Salami mit R\u00f6stzwiebeln"},"content":{"rendered":"<h2>Saucission Oignon &#8211; Franz\u00f6sische Salami mit R\u00f6stzwiebeln<\/h2>\n<p>M\u00f6gen Sie einen sch\u00f6nen kr\u00e4ftigen Geschmack? Dann ist die Salami mit R\u00f6stzwiebeln genau das Richtige f\u00fcr Sie, denn die gebratenen Zwiebeln sorgen f\u00fcr einen herzhaften Geschmack. \u00a0Diese Salami ist eine der Lieblingssalmis von Monsieur Saucisson. \u00dcbrigens ist dies die einzige Wurst in unserem Sortiment, die <strong>Gluten<\/strong> enth\u00e4lt. Alle anderen Wurstsorten enthalten kein Gluten.<\/p>\n","protected":false},"excerpt":{"rendered":"<p>Die franz\u00f6sische Zwiebelsalami &#8211; Saucisson Oignon &#8211; ist eine Trockenwurst und sie hat einen kr\u00e4ftigen, leicht s\u00fc\u00dflichen Geschmack nach ger\u00f6steten Zwiebeln. Wenn Sie einen sch\u00f6nen kr\u00e4ftigen Geschmack m\u00f6gen, dann ist diese Salami mit R\u00f6stzwiebeln genau das Richtige f\u00fcr Sie.\u00a0\u00dcbrigens ist dies die einzige Wurst in unserem Sortiment, die <strong>Gluten<\/strong> enth\u00e4lt. Alle anderen Wurstsorten enthalten kein Gluten.<\/p>\n<p>Die Wurst ist an ihrem grau\/roten Faden zu erkennen.<\/p>\n","protected":false},"featured_media":969,"template":"","meta":{"_acf_changed":false,"iawp_total_views":154,"editor_notices":[]},"product_brand":[],"product_cat":[15,82,81,85],"product_tag":[],"class_list":{"0":"post-724","1":"product","2":"type-product","3":"status-publish","4":"has-post-thumbnail","6":"product_cat-alle-produkte","7":"product_cat-franzoesische-salami","8":"product_cat-luftgetrocknete-salami","9":"product_cat-saucisson-sec-franzosische-salami","11":"first","12":"instock","13":"taxable","14":"shipping-taxable","15":"purchasable","16":"product-type-simple"},"acf":[],"_links":{"self":[{"href":"https:\/\/monsieursaucisson.com\/de\/wp-json\/wp\/v2\/product\/724","targetHints":{"allow":["GET"]}}],"collection":[{"href":"https:\/\/monsieursaucisson.com\/de\/wp-json\/wp\/v2\/product"}],"about":[{"href":"https:\/\/monsieursaucisson.com\/de\/wp-json\/wp\/v2\/types\/product"}],"wp:featuredmedia":[{"embeddable":true,"href":"https:\/\/monsieursaucisson.com\/de\/wp-json\/wp\/v2\/media\/969"}],"wp:attachment":[{"href":"https:\/\/monsieursaucisson.com\/de\/wp-json\/wp\/v2\/media?parent=724"}],"wp:term":[{"taxonomy":"product_brand","embeddable":true,"href":"https:\/\/monsieursaucisson.com\/de\/wp-json\/wp\/v2\/product_brand?post=724"},{"taxonomy":"product_cat","embeddable":true,"href":"https:\/\/monsieursaucisson.com\/de\/wp-json\/wp\/v2\/product_cat?post=724"},{"taxonomy":"product_tag","embeddable":true,"href":"https:\/\/monsieursaucisson.com\/de\/wp-json\/wp\/v2\/product_tag?post=724"}],"curies":[{"name":"wp","href":"https:\/\/api.w.org\/{rel}","templated":true}]}}