{"id":723,"date":"2020-10-30T11:51:14","date_gmt":"2020-10-30T10:51:14","guid":{"rendered":"https:\/\/monsieursaucisson.com\/nl\/product\/zongedroogde-tomaat-worst\/"},"modified":"2026-04-11T16:51:08","modified_gmt":"2026-04-11T14:51:08","slug":"salami-mit-getrockneten-tomaten","status":"publish","type":"product","link":"https:\/\/monsieursaucisson.com\/de\/salami-mit-getrockneten-tomaten\/","title":{"rendered":"Franz\u00f6sische Salami mit getrockneten Tomaten"},"content":{"rendered":"<h2>Saucisson aux tomates sec &#8211; Salami mit getrockneten Tomaten<\/h2>\n<p>Die franz\u00f6sische Salami mit getrockneten Tomaten von Monsieur Saucisson ist eine k\u00f6stliche Sommerwurst. Diese Salami-Wurst hat sowohl einen s\u00fc\u00dfen Geschmack am Anfang, als auch einen leicht pikanten Geschmack am Ende. Monsieur Saucisson hat die Salami mit getrockneten Tomaten als die ges\u00fcndeste Wurst in unserem Produktsortiment ausgezeichnet, wegen dem Gem\u00fcse in der Wurst &#8211; und das ist ja bekanntlich gesund.<\/p>\n","protected":false},"excerpt":{"rendered":"<p>Eine schmackhafte Sommerwurst. Die Salami mit getrockneten Tomaten hat sowohl einen s\u00fc\u00dfen Geschmack am Anfang, als auch einen leicht w\u00fcrzigen Geschmack am Ende. Monsieur Saucisson hat diese Wurst als die ges\u00fcndeste Wurst im Sortiment ausgezeichnet. Der Grund daf\u00fcr ist, dass in der Wurst enthaltene Gem\u00fcse.<\/p>\n<p>Diese Wurst ist an der rot\/schwarzen Schnur zu erkennen.<\/p>\n","protected":false},"featured_media":968,"template":"","meta":{"_acf_changed":false,"iawp_total_views":747,"editor_notices":[]},"product_brand":[],"product_cat":[81,82,85,15],"product_tag":[],"class_list":{"0":"post-723","1":"product","2":"type-product","3":"status-publish","4":"has-post-thumbnail","6":"product_cat-luftgetrocknete-salami","7":"product_cat-franzoesische-salami","8":"product_cat-saucisson-sec-franzosische-salami","9":"product_cat-alle-produkte","11":"first","12":"instock","13":"taxable","14":"shipping-taxable","15":"purchasable","16":"product-type-simple"},"acf":[],"_links":{"self":[{"href":"https:\/\/monsieursaucisson.com\/de\/wp-json\/wp\/v2\/product\/723","targetHints":{"allow":["GET"]}}],"collection":[{"href":"https:\/\/monsieursaucisson.com\/de\/wp-json\/wp\/v2\/product"}],"about":[{"href":"https:\/\/monsieursaucisson.com\/de\/wp-json\/wp\/v2\/types\/product"}],"wp:featuredmedia":[{"embeddable":true,"href":"https:\/\/monsieursaucisson.com\/de\/wp-json\/wp\/v2\/media\/968"}],"wp:attachment":[{"href":"https:\/\/monsieursaucisson.com\/de\/wp-json\/wp\/v2\/media?parent=723"}],"wp:term":[{"taxonomy":"product_brand","embeddable":true,"href":"https:\/\/monsieursaucisson.com\/de\/wp-json\/wp\/v2\/product_brand?post=723"},{"taxonomy":"product_cat","embeddable":true,"href":"https:\/\/monsieursaucisson.com\/de\/wp-json\/wp\/v2\/product_cat?post=723"},{"taxonomy":"product_tag","embeddable":true,"href":"https:\/\/monsieursaucisson.com\/de\/wp-json\/wp\/v2\/product_tag?post=723"}],"curies":[{"name":"wp","href":"https:\/\/api.w.org\/{rel}","templated":true}]}}