{"id":722,"date":"2020-10-30T11:51:14","date_gmt":"2020-10-30T10:51:14","guid":{"rendered":"https:\/\/monsieursaucisson.com\/nl\/product\/droge-worst-olijf\/"},"modified":"2026-04-20T10:23:34","modified_gmt":"2026-04-20T08:23:34","slug":"salami-mit-gruenen-oliven","status":"publish","type":"product","link":"https:\/\/monsieursaucisson.com\/de\/salami-mit-gruenen-oliven\/","title":{"rendered":"Franz\u00f6sische Salami mit gr\u00fcnen Oliven"},"content":{"rendered":"<h2>Saucisson olives vert &#8211; Franz\u00f6sische Salami mit gr\u00fcnen Oliven<\/h2>\n<p>Gr\u00fcne Oliven sind gesund und die Salami mit gr\u00fcnen Oliven (Saucisson olives vert) ist eine weiche Rohwurst mit kr\u00e4ftigem Olivenaroma. Die leckeren gr\u00fcnen Olivenst\u00fccke verleihen der Salami mit gr\u00fcnen Oliven einen etwas salzigen Geschmack und machen die Wurst sch\u00f6n saftig. Einfach k\u00f6stlich zur Brotzeit.<\/p>\n<p>&nbsp;<\/p>\n","protected":false},"excerpt":{"rendered":"<p>Gr\u00fcne Oliven gelten als gesund. Die Saucisson olives vert ist eine weiche Wurst mit kr\u00e4ftigem Olivenaroma. Die gr\u00fcnen Olivenst\u00fccke verleihen der Salami einen etwas salzigen Geschmack und machen die Wurst sch\u00f6n saftig.<\/p>\n<p>Diese Wurst ist an der gr\u00fcn\/grauen Schnur zu erkennen.<\/p>\n","protected":false},"featured_media":963,"template":"","meta":{"_acf_changed":false,"iawp_total_views":67,"editor_notices":[]},"product_brand":[],"product_cat":[15,82,81,85],"product_tag":[],"class_list":{"0":"post-722","1":"product","2":"type-product","3":"status-publish","4":"has-post-thumbnail","6":"product_cat-alle-produkte","7":"product_cat-franzoesische-salami","8":"product_cat-luftgetrocknete-salami","9":"product_cat-saucisson-sec-franzosische-salami","11":"first","12":"instock","13":"taxable","14":"shipping-taxable","15":"purchasable","16":"product-type-simple"},"acf":[],"_links":{"self":[{"href":"https:\/\/monsieursaucisson.com\/de\/wp-json\/wp\/v2\/product\/722","targetHints":{"allow":["GET"]}}],"collection":[{"href":"https:\/\/monsieursaucisson.com\/de\/wp-json\/wp\/v2\/product"}],"about":[{"href":"https:\/\/monsieursaucisson.com\/de\/wp-json\/wp\/v2\/types\/product"}],"wp:featuredmedia":[{"embeddable":true,"href":"https:\/\/monsieursaucisson.com\/de\/wp-json\/wp\/v2\/media\/963"}],"wp:attachment":[{"href":"https:\/\/monsieursaucisson.com\/de\/wp-json\/wp\/v2\/media?parent=722"}],"wp:term":[{"taxonomy":"product_brand","embeddable":true,"href":"https:\/\/monsieursaucisson.com\/de\/wp-json\/wp\/v2\/product_brand?post=722"},{"taxonomy":"product_cat","embeddable":true,"href":"https:\/\/monsieursaucisson.com\/de\/wp-json\/wp\/v2\/product_cat?post=722"},{"taxonomy":"product_tag","embeddable":true,"href":"https:\/\/monsieursaucisson.com\/de\/wp-json\/wp\/v2\/product_tag?post=722"}],"curies":[{"name":"wp","href":"https:\/\/api.w.org\/{rel}","templated":true}]}}