{"id":721,"date":"2020-10-30T11:51:13","date_gmt":"2020-10-30T10:51:13","guid":{"rendered":"https:\/\/monsieursaucisson.com\/nl\/product\/eekhoorntjesbrood\/"},"modified":"2026-04-21T11:21:46","modified_gmt":"2026-04-21T09:21:46","slug":"steinpilz-salami","status":"publish","type":"product","link":"https:\/\/monsieursaucisson.com\/de\/steinpilz-salami\/","title":{"rendered":"Franz\u00f6sische Steinpilz-Salami"},"content":{"rendered":"<h2>Saucisson Cepes &#8211; Franz\u00f6sische Steinpilz-Salami<\/h2>\n<p>Diese luftgetrocknete Salami mit Steinpilzen ist eine Saucisson mit einem feinen Pilzzusatz. Steinpilze haben einen ganz besonderen Geschmack, der ein wenig an Tr\u00fcffel erinnert. Steinpilze verleihen dieser Trockenwurst einen angenehmen erdigen Geschmack, der auch als Umami bezeichnet wird. Diese Wurst geh\u00f6rt seit fast 10 Jahren zu unseren 10 meistverkauften Geschmacksrichtungen!<\/p>\n","protected":false},"excerpt":{"rendered":"<p>Franz\u00f6sische Salami wird meistens luftgetrocknet und hat einen feineren, beinahe s\u00fc\u00dflichen Geschmack als die deutsche Salami. Steinpilze haben einen ganz eigenen Geschmack, der ein wenig an Tr\u00fcffel erinnert.<\/p>\n<p>Diese Wurst ist an der blau-weissen Schnur zu erkennen.<\/p>\n<p>&nbsp;<\/p>\n","protected":false},"featured_media":1107,"template":"","meta":{"_acf_changed":false,"iawp_total_views":579,"editor_notices":[]},"product_brand":[],"product_cat":[15,82,81,85],"product_tag":[],"class_list":{"0":"post-721","1":"product","2":"type-product","3":"status-publish","4":"has-post-thumbnail","6":"product_cat-alle-produkte","7":"product_cat-franzoesische-salami","8":"product_cat-luftgetrocknete-salami","9":"product_cat-saucisson-sec-franzosische-salami","11":"first","12":"instock","13":"taxable","14":"shipping-taxable","15":"purchasable","16":"product-type-simple"},"acf":[],"_links":{"self":[{"href":"https:\/\/monsieursaucisson.com\/de\/wp-json\/wp\/v2\/product\/721","targetHints":{"allow":["GET"]}}],"collection":[{"href":"https:\/\/monsieursaucisson.com\/de\/wp-json\/wp\/v2\/product"}],"about":[{"href":"https:\/\/monsieursaucisson.com\/de\/wp-json\/wp\/v2\/types\/product"}],"wp:featuredmedia":[{"embeddable":true,"href":"https:\/\/monsieursaucisson.com\/de\/wp-json\/wp\/v2\/media\/1107"}],"wp:attachment":[{"href":"https:\/\/monsieursaucisson.com\/de\/wp-json\/wp\/v2\/media?parent=721"}],"wp:term":[{"taxonomy":"product_brand","embeddable":true,"href":"https:\/\/monsieursaucisson.com\/de\/wp-json\/wp\/v2\/product_brand?post=721"},{"taxonomy":"product_cat","embeddable":true,"href":"https:\/\/monsieursaucisson.com\/de\/wp-json\/wp\/v2\/product_cat?post=721"},{"taxonomy":"product_tag","embeddable":true,"href":"https:\/\/monsieursaucisson.com\/de\/wp-json\/wp\/v2\/product_tag?post=721"}],"curies":[{"name":"wp","href":"https:\/\/api.w.org\/{rel}","templated":true}]}}