{"id":720,"date":"2020-10-30T11:51:12","date_gmt":"2020-10-30T10:51:12","guid":{"rendered":"https:\/\/monsieursaucisson.com\/nl\/product\/droge-worst-eend-en-groene-peper\/"},"modified":"2026-04-22T15:10:59","modified_gmt":"2026-04-22T13:10:59","slug":"salami-mit-ente-und-gruenem-pfeffer","status":"publish","type":"product","link":"https:\/\/monsieursaucisson.com\/de\/salami-mit-ente-und-gruenem-pfeffer\/","title":{"rendered":"Franz\u00f6sische Salami mit Ente und gr\u00fcnem Pfeffer"},"content":{"rendered":"<h2>Saucisson canard et poivre vert &#8211; Franz\u00f6sische Salami mit Ente und gr\u00fcnem Pfeffer<\/h2>\n<p>Diese Salami mit Ente und gr\u00fcnem Pfeffer ist eine Mischung aus Schweine- und Entenfleisch mit gr\u00fcnen Pfefferk\u00f6rnern, und hat sowohl einen kr\u00e4ftigen Fleischgeschmack, als auch einen leicht w\u00fcrzigen Nachgeschmack. Der gr\u00fcne Pfeffer ist nicht \u00fcberall sichtbar, macht sich aber \u00fcberall bemerkbar und die Pfefferk\u00f6rner verleihen der Wurst einen leichten &#8222;Biss. Wenn Sie Gefl\u00fcgel m\u00f6gen, ist diese getrocknete Salami unbedingt zu empfehlen.<\/p>\n<p><strong>VORSICHT<\/strong>: Unsere Franz\u00f6sische Salami mit Wild kann Schrot enthalten. Seien Sie beim Schneiden vorsichtig.<\/p>\n","protected":false},"excerpt":{"rendered":"<p>Die Salami mit Ente und gr\u00fcnem Pfeffer hat sowohl einen kr\u00e4ftigen Fleischgeschmack, als auch einen leicht pikanten Nachgeschmack. Der gr\u00fcne Pfeffer ist zwar nicht \u00fcberall sichtbar, macht sich aber \u00fcberall bemerkbar. Wenn Sie Gefl\u00fcgel m\u00f6gen, ist diese franz\u00f6sische, luftgetrocknete Salami auf jeden Fall zu empfehlen.<\/p>\n<p>Die Wurst ist an der roten d\u00fcnnen Faden zu erkennen.<\/p>\n<p>&nbsp;<\/p>\n","protected":false},"featured_media":1108,"template":"","meta":{"_acf_changed":false,"iawp_total_views":149,"editor_notices":[]},"product_brand":[],"product_cat":[15,82,81,85],"product_tag":[],"class_list":{"0":"post-720","1":"product","2":"type-product","3":"status-publish","4":"has-post-thumbnail","6":"product_cat-alle-produkte","7":"product_cat-franzoesische-salami","8":"product_cat-luftgetrocknete-salami","9":"product_cat-saucisson-sec-franzosische-salami","11":"first","12":"instock","13":"taxable","14":"shipping-taxable","15":"purchasable","16":"product-type-simple"},"acf":[],"_links":{"self":[{"href":"https:\/\/monsieursaucisson.com\/de\/wp-json\/wp\/v2\/product\/720","targetHints":{"allow":["GET"]}}],"collection":[{"href":"https:\/\/monsieursaucisson.com\/de\/wp-json\/wp\/v2\/product"}],"about":[{"href":"https:\/\/monsieursaucisson.com\/de\/wp-json\/wp\/v2\/types\/product"}],"wp:featuredmedia":[{"embeddable":true,"href":"https:\/\/monsieursaucisson.com\/de\/wp-json\/wp\/v2\/media\/1108"}],"wp:attachment":[{"href":"https:\/\/monsieursaucisson.com\/de\/wp-json\/wp\/v2\/media?parent=720"}],"wp:term":[{"taxonomy":"product_brand","embeddable":true,"href":"https:\/\/monsieursaucisson.com\/de\/wp-json\/wp\/v2\/product_brand?post=720"},{"taxonomy":"product_cat","embeddable":true,"href":"https:\/\/monsieursaucisson.com\/de\/wp-json\/wp\/v2\/product_cat?post=720"},{"taxonomy":"product_tag","embeddable":true,"href":"https:\/\/monsieursaucisson.com\/de\/wp-json\/wp\/v2\/product_tag?post=720"}],"curies":[{"name":"wp","href":"https:\/\/api.w.org\/{rel}","templated":true}]}}