{"id":719,"date":"2020-10-30T11:51:11","date_gmt":"2020-10-30T10:51:11","guid":{"rendered":"https:\/\/monsieursaucisson.com\/nl\/product\/droge-worst-everzwijn\/"},"modified":"2026-04-14T15:51:34","modified_gmt":"2026-04-14T13:51:34","slug":"franzoesische-wildschweinsalami","status":"publish","type":"product","link":"https:\/\/monsieursaucisson.com\/de\/franzoesische-wildschweinsalami\/","title":{"rendered":"Franz\u00f6sische Wildschweinsalami"},"content":{"rendered":"<h2>Saucisson Sanglier &#8211; Franz\u00f6sische Wildschweinsalami<\/h2>\n<p>Die Wildschweinsalami wird oft f\u00fcr Eint\u00f6pfe verwendet. Im Allgemeinen wird Wildschweinfleisch f\u00fcr Eint\u00f6pfe verwendet. Monsieur Saucisson ist der Meinung, dass diese Trockenwurst ideal zu Wein schmeckt &#8211;\u00a0 k\u00f6stlich zu Wei\u00dfwein, aber auch zu Rotwein. Au\u00dferdem geh\u00f6rt Wildfleisch zu den eiwei\u00dfreichsten Fleischarten und ist die Wildschweinsalami eine k\u00f6stliche Erg\u00e4nzung f\u00fcr jede Brotzeit.<\/p>\n<p><strong>BITTE BEACHTEN:<\/strong> Unsere franz\u00f6sische Salami mit Wild kann Schrot enthalten. Bitte seien Sie beim Schneiden vorsichtig.<\/p>\n","protected":false},"excerpt":{"rendered":"<p>Diese Saucisson Sanglier (franz\u00f6sische Wildschweinsalami) ist f\u00fcr echte Liebhaber von Wild. Im Vergleich zum Schweinefleisch hat das Wildschwein einen kr\u00e4ftigeren Fleischgeschmack. Die Wildschweinsalami wird oft f\u00fcr Eint\u00f6pfe verwendet.<\/p>\n<p>Diese Wurst ist an der rot-orangenen Schnur zu erkennen.<\/p>\n","protected":false},"featured_media":1109,"template":"","meta":{"_acf_changed":false,"iawp_total_views":533,"editor_notices":[]},"product_brand":[],"product_cat":[81,82,85,15],"product_tag":[],"class_list":{"0":"post-719","1":"product","2":"type-product","3":"status-publish","4":"has-post-thumbnail","6":"product_cat-luftgetrocknete-salami","7":"product_cat-franzoesische-salami","8":"product_cat-saucisson-sec-franzosische-salami","9":"product_cat-alle-produkte","11":"first","12":"instock","13":"taxable","14":"shipping-taxable","15":"purchasable","16":"product-type-simple"},"acf":[],"_links":{"self":[{"href":"https:\/\/monsieursaucisson.com\/de\/wp-json\/wp\/v2\/product\/719","targetHints":{"allow":["GET"]}}],"collection":[{"href":"https:\/\/monsieursaucisson.com\/de\/wp-json\/wp\/v2\/product"}],"about":[{"href":"https:\/\/monsieursaucisson.com\/de\/wp-json\/wp\/v2\/types\/product"}],"wp:featuredmedia":[{"embeddable":true,"href":"https:\/\/monsieursaucisson.com\/de\/wp-json\/wp\/v2\/media\/1109"}],"wp:attachment":[{"href":"https:\/\/monsieursaucisson.com\/de\/wp-json\/wp\/v2\/media?parent=719"}],"wp:term":[{"taxonomy":"product_brand","embeddable":true,"href":"https:\/\/monsieursaucisson.com\/de\/wp-json\/wp\/v2\/product_brand?post=719"},{"taxonomy":"product_cat","embeddable":true,"href":"https:\/\/monsieursaucisson.com\/de\/wp-json\/wp\/v2\/product_cat?post=719"},{"taxonomy":"product_tag","embeddable":true,"href":"https:\/\/monsieursaucisson.com\/de\/wp-json\/wp\/v2\/product_tag?post=719"}],"curies":[{"name":"wp","href":"https:\/\/api.w.org\/{rel}","templated":true}]}}