{"id":718,"date":"2020-10-30T11:51:10","date_gmt":"2020-10-30T10:51:10","guid":{"rendered":"https:\/\/monsieursaucisson.com\/nl\/product\/gerookte-worst\/"},"modified":"2026-04-14T19:40:33","modified_gmt":"2026-04-14T17:40:33","slug":"geraeucherte-salami","status":"publish","type":"product","link":"https:\/\/monsieursaucisson.com\/de\/geraeucherte-salami\/","title":{"rendered":"Franz\u00f6sische ger\u00e4ucherte Salami"},"content":{"rendered":"<h2>Saucisson fume &#8211; Franz\u00f6sische ger\u00e4ucherte Salami<\/h2>\n<p>Die ger\u00e4ucherte Salami ist ein kleiner &#8222;Ausrei\u00dfer&#8220; im Sortiment von Monsieur Saucisson. Diese franz\u00f6sische Salami wird nicht getrocknet, sondern ger\u00e4uchert. Dadurch erh\u00e4lt die Wurst eine andere Textur und einen besonders scharfen Geschmack. Manche sagen, dass der Geschmack an Speck erinnert und der Geruch an Schinken-K\u00e4se-Chips. Eines sagen aber alle: k\u00f6stlich in Kombination mit einem Glas Whisky.<\/p>\n<p>TIPP: Wenn Sie auf der Suche nach einem guten Whisky f\u00fcr diese ger\u00e4ucherte Salami sind, w\u00e4hlen Sie einen mit Rauchgeschmack. Wenn Sie zum ersten Mal einen Whisky trinken, sollten Sie einen leichteren Whisky mit einem geringeren Alkoholgehalt w\u00e4hlen. Hier finden Sie einige Informationen \u00fcber <a href=\"https:\/\/www.maltwhisky.de\/whisky-sorten\/\" target=\"_blank\" rel=\"noopener\">Whisky-Sorten<\/a>.<\/p>\n","protected":false},"excerpt":{"rendered":"<p>Diese franz\u00f6sische Salami wird nicht getrocknet, sondern ger\u00e4uchert! Dadurch erh\u00e4lt die Wurst eine andere Textur und einen besonderen Geschmack. Der Geschmack \u00e4hnelt dem von Schinken\/Speck. Au\u00dferdem erinnert der Geruch dieser Saucisson ein wenig an Schinken-K\u00e4se-Chips &#8211; k\u00f6stlich in Kombination mit einem Glas Whisky. Na, neugierig geworden? Probieren Sie diese ger\u00e4ucherte Salami!<\/p>\n<p>Diese Wurst ist an der weissen Schnur zu erkennen.<\/p>\n","protected":false},"featured_media":958,"template":"","meta":{"_acf_changed":false,"iawp_total_views":394,"editor_notices":[]},"product_brand":[],"product_cat":[81,82,85,15],"product_tag":[],"class_list":{"0":"post-718","1":"product","2":"type-product","3":"status-publish","4":"has-post-thumbnail","6":"product_cat-luftgetrocknete-salami","7":"product_cat-franzoesische-salami","8":"product_cat-saucisson-sec-franzosische-salami","9":"product_cat-alle-produkte","11":"first","12":"instock","13":"taxable","14":"shipping-taxable","15":"purchasable","16":"product-type-simple"},"acf":[],"_links":{"self":[{"href":"https:\/\/monsieursaucisson.com\/de\/wp-json\/wp\/v2\/product\/718","targetHints":{"allow":["GET"]}}],"collection":[{"href":"https:\/\/monsieursaucisson.com\/de\/wp-json\/wp\/v2\/product"}],"about":[{"href":"https:\/\/monsieursaucisson.com\/de\/wp-json\/wp\/v2\/types\/product"}],"wp:featuredmedia":[{"embeddable":true,"href":"https:\/\/monsieursaucisson.com\/de\/wp-json\/wp\/v2\/media\/958"}],"wp:attachment":[{"href":"https:\/\/monsieursaucisson.com\/de\/wp-json\/wp\/v2\/media?parent=718"}],"wp:term":[{"taxonomy":"product_brand","embeddable":true,"href":"https:\/\/monsieursaucisson.com\/de\/wp-json\/wp\/v2\/product_brand?post=718"},{"taxonomy":"product_cat","embeddable":true,"href":"https:\/\/monsieursaucisson.com\/de\/wp-json\/wp\/v2\/product_cat?post=718"},{"taxonomy":"product_tag","embeddable":true,"href":"https:\/\/monsieursaucisson.com\/de\/wp-json\/wp\/v2\/product_tag?post=718"}],"curies":[{"name":"wp","href":"https:\/\/api.w.org\/{rel}","templated":true}]}}