{"id":717,"date":"2020-10-30T11:51:10","date_gmt":"2020-10-30T10:51:10","guid":{"rendered":"https:\/\/monsieursaucisson.com\/nl\/product\/droge-worst-hazelnoot\/"},"modified":"2026-04-07T20:21:00","modified_gmt":"2026-04-07T18:21:00","slug":"salami-mit-haselnuss","status":"publish","type":"product","link":"https:\/\/monsieursaucisson.com\/de\/salami-mit-haselnuss\/","title":{"rendered":"Franz\u00f6sische Salami mit Haselnuss"},"content":{"rendered":"<h2>Saucisson noisettes &#8211; Franz\u00f6sische Salami mit Haselnuss<\/h2>\n<p>Die Salami mit Haselnuss &#8211; Saucisson Noisettes ist reichlich mit ganzen Haseln\u00fcssen gef\u00fcllt. Der Nussanteil kann von Scheibe zu Scheibe variieren und die Haseln\u00fcsse verleihen der luftgetrockneten Salami einen knusprigen Biss. Die Haselnuss ist eine etwas h\u00e4rtere Nuss, die man deutlich herausschmeckt. Die knusprige Textur und der Geschmack der Haselnuss macht diese luftgetocknete Salami aus Frankreich zu etwas ganz Besonderem.<\/p>\n","protected":false},"excerpt":{"rendered":"<p>Salami mit Haselnuss &#8211; ein vertrauter Begriff aus dem Urlaub. Zumindest, wenn Sie im Sommer nach Frankreich in den Urlaub fahren oder Wintersport treiben, werden Sie zweifellos dieser Wurst bereits begegnet sein. Die knusprige Textur der Haselnuss macht diese Salami zu etwas ganz Besonderem.<\/p>\n<p>Diese Wurst ist an der wei\u00df\/dunkelgr\u00fcnen Schnur zu erkennen.<\/p>\n<p>&nbsp;<\/p>\n","protected":false},"featured_media":959,"template":"","meta":{"_acf_changed":false,"iawp_total_views":492,"editor_notices":[]},"product_brand":[],"product_cat":[81,82,85,15],"product_tag":[],"class_list":{"0":"post-717","1":"product","2":"type-product","3":"status-publish","4":"has-post-thumbnail","6":"product_cat-luftgetrocknete-salami","7":"product_cat-franzoesische-salami","8":"product_cat-saucisson-sec-franzosische-salami","9":"product_cat-alle-produkte","11":"first","12":"instock","13":"taxable","14":"shipping-taxable","15":"purchasable","16":"product-type-simple"},"acf":[],"_links":{"self":[{"href":"https:\/\/monsieursaucisson.com\/de\/wp-json\/wp\/v2\/product\/717","targetHints":{"allow":["GET"]}}],"collection":[{"href":"https:\/\/monsieursaucisson.com\/de\/wp-json\/wp\/v2\/product"}],"about":[{"href":"https:\/\/monsieursaucisson.com\/de\/wp-json\/wp\/v2\/types\/product"}],"wp:featuredmedia":[{"embeddable":true,"href":"https:\/\/monsieursaucisson.com\/de\/wp-json\/wp\/v2\/media\/959"}],"wp:attachment":[{"href":"https:\/\/monsieursaucisson.com\/de\/wp-json\/wp\/v2\/media?parent=717"}],"wp:term":[{"taxonomy":"product_brand","embeddable":true,"href":"https:\/\/monsieursaucisson.com\/de\/wp-json\/wp\/v2\/product_brand?post=717"},{"taxonomy":"product_cat","embeddable":true,"href":"https:\/\/monsieursaucisson.com\/de\/wp-json\/wp\/v2\/product_cat?post=717"},{"taxonomy":"product_tag","embeddable":true,"href":"https:\/\/monsieursaucisson.com\/de\/wp-json\/wp\/v2\/product_tag?post=717"}],"curies":[{"name":"wp","href":"https:\/\/api.w.org\/{rel}","templated":true}]}}