{"id":716,"date":"2020-10-30T11:51:09","date_gmt":"2020-10-30T10:51:09","guid":{"rendered":"https:\/\/monsieursaucisson.com\/nl\/product\/droge-worst-fazant-cognac\/"},"modified":"2026-04-24T16:50:33","modified_gmt":"2026-04-24T14:50:33","slug":"salami-mit-fasan-und-cognac","status":"publish","type":"product","link":"https:\/\/monsieursaucisson.com\/de\/salami-mit-fasan-und-cognac\/","title":{"rendered":"Franz\u00f6sische Salami mit Fasan und Cognac"},"content":{"rendered":"<h2>Saucisson faisan et cognac &#8211; Franz\u00f6sische Salami mit Fasan und Cognac<\/h2>\n<p>Luxus pur! Schweinefleisch und Fasan mit einem Hauch von Cognac: das ist unsere k\u00f6stliche, franz\u00f6sische Salami mit Fasan und Cognac &#8211; Saucisson faisan et cognac. Diese Wurstvariante wird aus Fasanen- und Schweinefleisch hergestellt &#8211; mit etwas Cognac. Der Cognac in dieser Trockenwurst verleiht unserer franz\u00f6sischen Salami mit Fasan und Cognac einen s\u00fc\u00dfen Nachgeschmack. Dazwischen schmeckt man das herrliche Wildaroma. <a href=\"https:\/\/monsieursaucisson.com\/de\/\">Monsieur Saucisson<\/a> wird im Gesch\u00e4ft oft gefragt, ob diese Wurst eine billige L\u00f6sung f\u00fcr eine Flasche Cognac ist. Da m\u00fcssen wir Sie leider entt\u00e4uschen, aber wenn Sie bei einem Umtrunk beeindrucken wollen, dann ist dieses Salami mit Fasan und Cognac genau das Richtige. Eine Fasanen-Cognac-Saucisson klingt doch sehr luxuri\u00f6s, oder?<\/p>\n<p><strong>VORSICHT<\/strong>: Unsere franz\u00f6sische Salami mit Fasan und Cognac kann Schrot enthalten. Bitte seien Sie beim Schneiden vorsichtig.<\/p>\n","protected":false},"excerpt":{"rendered":"<p>Purer Luxus! Schweinefleisch und Fasan mit einem Schuss Cognac: das ist die leckere, luftgetrocknete Salami mit Fasan und Cognac aus Frankreich &#8211; die Saucisson faisan et cognac. Der leicht s\u00fc\u00dfer Nachgeschmack des klassischen, franz\u00f6sischen Weinbrandes wird Sie umhauen.<\/p>\n<p>Diese Wurst ist an der rot\/wei\u00dfen Schnur zu erkennen.<\/p>\n","protected":false},"featured_media":1110,"template":"","meta":{"_acf_changed":false,"iawp_total_views":274,"editor_notices":[]},"product_brand":[],"product_cat":[15,82,81,85],"product_tag":[],"class_list":{"0":"post-716","1":"product","2":"type-product","3":"status-publish","4":"has-post-thumbnail","6":"product_cat-alle-produkte","7":"product_cat-franzoesische-salami","8":"product_cat-luftgetrocknete-salami","9":"product_cat-saucisson-sec-franzosische-salami","11":"first","12":"instock","13":"taxable","14":"shipping-taxable","15":"purchasable","16":"product-type-simple"},"acf":[],"_links":{"self":[{"href":"https:\/\/monsieursaucisson.com\/de\/wp-json\/wp\/v2\/product\/716","targetHints":{"allow":["GET"]}}],"collection":[{"href":"https:\/\/monsieursaucisson.com\/de\/wp-json\/wp\/v2\/product"}],"about":[{"href":"https:\/\/monsieursaucisson.com\/de\/wp-json\/wp\/v2\/types\/product"}],"wp:featuredmedia":[{"embeddable":true,"href":"https:\/\/monsieursaucisson.com\/de\/wp-json\/wp\/v2\/media\/1110"}],"wp:attachment":[{"href":"https:\/\/monsieursaucisson.com\/de\/wp-json\/wp\/v2\/media?parent=716"}],"wp:term":[{"taxonomy":"product_brand","embeddable":true,"href":"https:\/\/monsieursaucisson.com\/de\/wp-json\/wp\/v2\/product_brand?post=716"},{"taxonomy":"product_cat","embeddable":true,"href":"https:\/\/monsieursaucisson.com\/de\/wp-json\/wp\/v2\/product_cat?post=716"},{"taxonomy":"product_tag","embeddable":true,"href":"https:\/\/monsieursaucisson.com\/de\/wp-json\/wp\/v2\/product_tag?post=716"}],"curies":[{"name":"wp","href":"https:\/\/api.w.org\/{rel}","templated":true}]}}