{"id":715,"date":"2020-10-30T11:51:09","date_gmt":"2020-10-30T10:51:09","guid":{"rendered":"https:\/\/monsieursaucisson.com\/nl\/product\/droge-worst-naturel\/"},"modified":"2026-04-15T23:23:08","modified_gmt":"2026-04-15T21:23:08","slug":"franzoesische-natur-salami","status":"publish","type":"product","link":"https:\/\/monsieursaucisson.com\/de\/franzoesische-natur-salami\/","title":{"rendered":"Franz\u00f6sische Natur Salami"},"content":{"rendered":"<h2>Saucisson nature &#8211; Franz\u00f6sische Natur Salami<\/h2>\n<p>Die am meist untersch\u00e4tzte Salami in unserem Produktangebot und die Basis f\u00fcr alle weiteren Sorten in unserer Sortiment. Natur pur! Die Natur Salami bietet Ihnen einen puren Schweinegeschmack und schmilzt langsam auf der Zunge. Diese luftgetrocknete Wurst ist f\u00fcr alle, die einfach nur eine leckere Natur Salami genie\u00dfen wollen. Die Saucisson nature hat einen fantastischen Geschmack! Feiern Sie eine Party und wollen Sie etwas auf den Tisch stellen, das allen schmeckt? Dann ist die Natur Salami perfekt.<\/p>\n","protected":false},"excerpt":{"rendered":"<p>Die franz\u00f6sische Natur Salami &#8211; Saucisson nature ist die Grundlage f\u00fcr alle anderen Salami-Sorten in unserem Sortiment. Diese Wurst ist f\u00fcr alle, die einfach nur eine leckere Natur Salami genie\u00dfen wollen. Ein fantastischer Geschmack!<\/p>\n<p>Diese Wurst ist an der weissen Schnur zu erkennen.<\/p>\n","protected":false},"featured_media":962,"template":"","meta":{"_acf_changed":false,"iawp_total_views":842,"editor_notices":[]},"product_brand":[],"product_cat":[81,82,85,15],"product_tag":[],"class_list":{"0":"post-715","1":"product","2":"type-product","3":"status-publish","4":"has-post-thumbnail","6":"product_cat-luftgetrocknete-salami","7":"product_cat-franzoesische-salami","8":"product_cat-saucisson-sec-franzosische-salami","9":"product_cat-alle-produkte","11":"first","12":"instock","13":"taxable","14":"shipping-taxable","15":"purchasable","16":"product-type-simple"},"acf":[],"_links":{"self":[{"href":"https:\/\/monsieursaucisson.com\/de\/wp-json\/wp\/v2\/product\/715","targetHints":{"allow":["GET"]}}],"collection":[{"href":"https:\/\/monsieursaucisson.com\/de\/wp-json\/wp\/v2\/product"}],"about":[{"href":"https:\/\/monsieursaucisson.com\/de\/wp-json\/wp\/v2\/types\/product"}],"wp:featuredmedia":[{"embeddable":true,"href":"https:\/\/monsieursaucisson.com\/de\/wp-json\/wp\/v2\/media\/962"}],"wp:attachment":[{"href":"https:\/\/monsieursaucisson.com\/de\/wp-json\/wp\/v2\/media?parent=715"}],"wp:term":[{"taxonomy":"product_brand","embeddable":true,"href":"https:\/\/monsieursaucisson.com\/de\/wp-json\/wp\/v2\/product_brand?post=715"},{"taxonomy":"product_cat","embeddable":true,"href":"https:\/\/monsieursaucisson.com\/de\/wp-json\/wp\/v2\/product_cat?post=715"},{"taxonomy":"product_tag","embeddable":true,"href":"https:\/\/monsieursaucisson.com\/de\/wp-json\/wp\/v2\/product_tag?post=715"}],"curies":[{"name":"wp","href":"https:\/\/api.w.org\/{rel}","templated":true}]}}